{"id":2007,"date":"2020-09-26T15:57:35","date_gmt":"2020-09-26T15:57:35","guid":{"rendered":"http:\/\/help.unhcr.org\/mexico\/?page_id=2007"},"modified":"2021-11-30T03:42:12","modified_gmt":"2021-11-30T03:42:12","slug":"privacidad-servicio-whatsapp","status":"publish","type":"page","link":"https:\/\/help.unhcr.org\/mexico\/privacidad-servicio-whatsapp\/","title":{"rendered":"T\u00e9rminos de Uso del Servicio de WhatsApp de ACNUR M\u00e9xico"},"content":{"rendered":"\n<p>Por favor, lea la Declaraci\u00f3n de Privacidad y los T\u00e9rminos y Condiciones Generales del Servicio de WhatsApp de ACNUR M\u00e9xico. Este documento ha sido traducido y simplificado para ser una versi\u00f3n accesible, pero no tiene peso legal. El documento legal est\u00e1 disponible en ingl\u00e9s <a href=\"https:\/\/help.unhcr.org\/ecuador\/en\/privacy-whatsapp-service\/\">aqu\u00ed<\/a>. Por favor note que en el documento en ingl\u00e9s, los mensajes a enviar para ciertas acciones, por ejemplo \u201cSTOP\u201d o \u201cBORRAR\u201d para dejar de recibir mensajes y borrar sus datos aparecen en ingl\u00e9s. Por favor utilice las palabras que est\u00e9n en este documento traducido o se den como opciones en el Servicio de WhatsApp del pa\u00eds con el que est\u00e9 interactuando. Al contactar por primera vez con el servicio de WhatsApp, se le pedir\u00e1 que acepte estos <strong>T\u00e9rminos de Uso<\/strong>. Al confirmar que acepta los mismos, entrar\u00e1 en un acuerdo legal con ACNUR y confirma que comprende y acepta estos t\u00e9rminos.&nbsp;<\/p>\n\n\n\n<h2 class=\"has-text-align-center wp-block-heading\">Declaraci\u00f3n de privacidad<\/h2>\n\n\n\n<h3 class=\"wp-block-heading\">1. Datos personales<\/h3>\n\n\n\n<p>Cuando usa el Servicio de WhatsApp de ACNUR<strong> <\/strong>M\u00e9xico, acepta compartir con ACNUR ciertos datos personales que se necesitan para que el servicio funcione y pueda responder a sus mensajes y preguntas.&nbsp; Este servicio sigue la Pol\u00edtica de Protecci\u00f3n de Datos Personales de las Personas de Inter\u00e9s para el ACNUR (<a href=\"https:\/\/www.acnur.org\/fileadmin\/Documentos\/Publicaciones\/2016\/10909.pdf\">que puedes consultar aqu\u00ed<\/a>). Puede retirar su consentimiento para que ACNUR deje de utilizar sus datos en cualquier momento sin penalizaci\u00f3n. Adem\u00e1s de dejar de utilizar el servicio, tambi\u00e9n puede pedir que todos sus datos sean borrados cuando usted quiera.&nbsp;<\/p>\n\n\n\n<p>Sus datos son guardados de forma segura por ACNUR, pero se comparten con miembros del personal de nuestro socio tecnol\u00f3gico &#8211; Praekelt &#8211; quien apoya el servicio. Como este servicio usa WhatsApp, WhatsApp tambi\u00e9n capturar\u00e1 ciertos datos seg\u00fan sus t\u00e9rminos y condiciones generales (<a href=\"https:\/\/www.whatsapp.com\/legal?doc=privacy-policy&amp;version=20160825\">que puede consultar aqu\u00ed<\/a>) para cualquier usuario y no est\u00e1n relacionados al Servicio de WhatsApp de ACNUR M\u00e9xico. Los datos recopilados, almacenados y compartidos son los siguientes:&nbsp;<\/p>\n\n\n\n<figure class=\"wp-block-table\"><table><tbody><tr><td><strong>Datos<\/strong><\/td><td><strong>C\u00f3mo son recopilados<\/strong><\/td><td><strong>Con qui\u00e9n se comparten<\/strong><\/td><\/tr><tr><td>N\u00famero de celular<\/td><td>Captado autom\u00e1ticamente del perfil del usuario<\/td><td>WhatsApp, Praekelt, ACNUR<\/td><\/tr><tr><td>Nombre de perfil&nbsp;<\/td><td>Captado autom\u00e1ticamente del perfil del usuario<\/td><td>WhatsApp, Praekelt, ACNUR<\/td><\/tr><tr><td>Metadatos sobre su conexi\u00f3n (IMEI, direcci\u00f3n MAC, direcci\u00f3n IP)<\/td><td>Estos ser\u00e1n recopilados autom\u00e1ticamente mediante el n\u00famero celular y la conexi\u00f3n telef\u00f3nica que se est\u00e9 usando. Son datos que identifican a su dispositivo celular y la conexi\u00f3n que est\u00e1 usando.&nbsp;<\/td><td>WhatsApp<\/td><\/tr><tr><td>Contenido de los mensajes<\/td><td>La informaci\u00f3n espec\u00edfica enviada por los usuarios incluyendo fotos, videos y archivos de audio&nbsp;<\/td><td>ACNUR, Praekelt<\/td><\/tr><\/tbody><\/table><\/figure>\n\n\n\n<p>Los datos son captados autom\u00e1ticamente por los diferentes componentes del servicio y no es necesario hacer nada m\u00e1s para compartirlos. Consulte la cl\u00e1usula 7 m\u00e1s adelante para saber m\u00e1s sobre cu\u00e1nto tiempo se guardar\u00e1n sus datos.&nbsp;<\/p>\n\n\n\n<h3 class=\"wp-block-heading\">2. Por qu\u00e9 el ACNUR est\u00e1 recopilando y utilizando sus datos<\/h3>\n\n\n\n<p>Con su consentimiento, ACNUR utilizar\u00e1 sus datos personales \u00fanicamente para implementar su servicio de WhatsApp como se detalla a continuaci\u00f3n:<\/p>\n\n\n\n<figure class=\"wp-block-table\"><table><tbody><tr><td><strong>Qu\u00e9 datos<\/strong><\/td><td><strong>Por qu\u00e9 se necesita acceso a estos datos<\/strong><\/td><\/tr><tr><td>N\u00famero de celular y nombre de perfil<\/td><td>Para responder directamente a sus preguntas, sus datos ser\u00e1n compartidos con diferentes equipos dentro de ACNUR o sus socios que proveen servicios relevantes cuando sea necesario para asegurar la mejor respuesta&nbsp;<\/td><\/tr><tr><td>Contenido de los mensajes<\/td><td>Para responder con la informaci\u00f3n o servicios m\u00e1s relevantes y oportunos solicitados por usted mediante el uso del Servicio de WhatsApp de ACNUR M\u00e9xico<\/td><\/tr><\/tbody><\/table><\/figure>\n\n\n\n<p>El socio tecnol\u00f3gico de ACNUR, Praekelt, tendr\u00e1 acceso a los mismos datos para asegurar que el servicio de WhatsApp funcione correctamente a trav\u00e9s de su plataforma. Ellos encaminan los mensajes de los usuarios al ACNUR y viceversa, y hacen posible las respuestas autom\u00e1ticas dependiendo del contenido de los mensajes recibidos.&nbsp;<\/p>\n\n\n\n<p>ACNUR y Praekelt tambi\u00e9n recopilar\u00e1n datos an\u00f3nimos (es decir, datos utilizados de manera que nadie pueda conectarlos con su identidad) sobre el uso del servicio, que se usar\u00e1n para evaluar y mejorar la aplicaci\u00f3n.<\/p>\n\n\n\n<p>Su informaci\u00f3n no ser\u00e1 vendida o utilizada por ACNUR o su socio tecnol\u00f3gico para nada que no se haya mencionado, ni ser\u00e1 compartida con terceros sin su consentimiento.<\/p>\n\n\n\n<h3 class=\"wp-block-heading\">3. Seguridad de sus Datos<\/h3>\n\n\n\n<p>ACNUR y su socio tecnol\u00f3gico Praekelt har\u00e1n todo lo posible por mantener sus datos personales seguros y confidenciales. Ser\u00e1n encriptados y almacenados en la nube privada de ACNUR. Como organizaci\u00f3n internacional, ACNUR tiene privilegios e inmunidades que ayudan a proteger sus datos para que los gobiernos y otros actores no autorizados no tengan acceso a los mismos.<\/p>\n\n\n\n<h3 class=\"wp-block-heading\">4. Confidencialidad de sus datos<\/h3>\n\n\n\n<p>ACNUR tiene reglas estrictas sobre la confidencialidad y seguridad de los datos que obtiene de usted, asegur\u00e1ndose de que personas sin permiso no accedan a ellos de acuerdo con pol\u00edticas internas de ACNUR. Sus datos s\u00f3lo ser\u00e1n visibles para el personal de ACNUR que trabaja espec\u00edficamente en el Servicio de WhatsApp de ACNUR M\u00e9xico para responder a sus preguntas o asegurarse de que las respuestas autom\u00e1ticas funcionen, y por unos miembros del personal del socio tecnol\u00f3gico del ACNUR, Praekelt. Todos estos miembros del personal seguir\u00e1n las reglas de confidencialidad y la seguridad de sus datos.<\/p>\n\n\n\n<h3 class=\"wp-block-heading\">5. Compartir sus datos<\/h3>\n\n\n\n<p>ACNUR no compartir\u00e1 sus datos personales con ning\u00fan otro actor sin su consentimiento. Para que el servicio funcione, sus datos se enviar\u00e1n a WhatsApp cuando use el servicio, pero no ver\u00e1n el contenido de los mensajes. El contenido ser\u00e1 visto por el personal de ACNUR y del socio tecnol\u00f3gico Praekelt que operan el servicio. Si se necesita compartir sus datos con los socios de ACNUR para el seguimiento de su pregunta o caso, se le pedir\u00e1 primero su consentimiento.&nbsp;<\/p>\n\n\n\n<h3 class=\"wp-block-heading\">6. Compartir datos para evitar da\u00f1os, informar sobre personas desaparecidas o cumplir con leyes internacionales<\/h3>\n\n\n\n<p>ACNUR puede compartir sus datos con actores externos sin su consentimiento previo si la organizaci\u00f3n cree de buena fe que hacerlo es necesario para evitar la muerte o lesiones corporales inmediatas a usted o a otros, ayudar a localizar a los refugiados u otros desplazados que han sido reportados como desaparecidos, o evitar violaciones de derechos internacionales.<\/p>\n\n\n\n<h3 class=\"wp-block-heading\">7. Optar por no participar en el servicio y eliminar sus datos<\/h3>\n\n\n\n<p>Puede optar por dejar de usar el servicio en cualquier momento- sin ninguna penalizaci\u00f3n- y pedir que sus datos sean borrados del sistema de ACNUR. Para dejar de usar el servicio, simplemente env\u00ede el mensaje &#8220;STOP&#8221; al servicio para no recibir m\u00e1s mensajes. Para pedir que sus datos sean borrados, env\u00ede un mensaje con la palabra &#8220;BORRAR&#8221; al servicio. Se le pedir\u00e1 que confirme que ya no desea utilizar el servicio y que se eliminen sus datos de la plataforma, incluidos todos los mensajes intercambiados. Puede que nos tome hasta 10 d\u00edas para procesar su solicitud y borrar sus datos.<\/p>\n\n\n\n<p>Sus datos se guardar\u00e1n m\u00e1ximo por 365 d\u00edas desde la \u00faltima vez que usted use el servicio, tras lo cual se borrar\u00e1n; excepto los datos an\u00f3nimos utilizados por el ACNUR y Praekelt para evaluar el servicio. Si desea volver a utilizar el servicio despu\u00e9s de haber optado por no hacerlo y borrado sus datos, puede volver a contactar al servicio y dar un nuevo consentimiento como la primera vez que lo utiliz\u00f3.<\/p>\n\n\n\n<h3 class=\"wp-block-heading\">8. Pedir informaci\u00f3n sobre sus datos<\/h3>\n\n\n\n<p>Si desea saber qu\u00e9 datos personales suyos ha recopilado ACNUR como parte de este servicio, puede solicitar a ACNUR que los comparta con usted en cualquier momento a trav\u00e9s del servicio WhatsApp enviando el mensaje &#8220;DATOS&#8221;.<\/p>\n\n\n\n<h3 class=\"wp-block-heading\">9. Compartir comentarios, quejas o preocupaciones<\/h3>\n\n\n\n<p>ACNUR est\u00e1 comprometido a trabajar con los usuarios del servicio para solucionar cualquier preocupaci\u00f3n que surja por el uso del servicio, incluyendo preocupaciones sobre la privacidad de datos. Si cree que ACNUR no ha podido resolver sus inquietudes mediante las comunicaciones v\u00eda WhatsApp que se pueden hacer mediante la cl\u00e1usula 8 de arriba, o si tiene alguna otra queja, comentario o preocupaci\u00f3n, tiene el derecho de compartirla usando nuestros mecanismos de retroalimentaci\u00f3n. Para encontrar informaci\u00f3n sobre estos mecanismos y c\u00f3mo contactar a ACNUR, por favor visite <a href=\"https:\/\/help.unhcr.org\/mexico\/\" data-type=\"URL\" data-id=\"https:\/\/help.unhcr.org\/mexico\/\"><strong>https:\/\/help.unhcr.org\/mexico\/<\/strong><\/a>.<\/p>\n\n\n\n<h3 class=\"wp-block-heading\">10. Notificaci\u00f3n de cambios<\/h3>\n\n\n\n<p>ACNUR puede cambiar esta Declaraci\u00f3n de Privacidad en cualquier momento. Cuando se hagan cambios, se le notificar\u00e1 y deber\u00e1 aceptar los nuevos t\u00e9rminos para poder seguir usando el servicio.<\/p>\n\n\n\n<hr class=\"wp-block-separator\" \/>\n\n\n\n<h2 class=\"has-text-align-center wp-block-heading\">Terminos y Condiciones Generales<\/h2>\n\n\n\n<p>Si usa el Servicio de WhatsApp de ACNUR M\u00e9xico<strong>, <\/strong>est\u00e1 de acuerdo con todo lo siguiente:<\/p>\n\n\n\n<h3 class=\"wp-block-heading\">1. Uso del Servicio de WhatsApp de ACNUR M\u00e9xico<\/h3>\n\n\n\n<p>Cuando usa el Servicio de WhatsApp de ACNUR M\u00e9xico, acepta los siguientes t\u00e9rminos adem\u00e1s de los t\u00e9rminos de uso vigentes de WhatsApp (los t\u00e9rminos que aplican para hacer cualquier uso de WhatsApp por cualquier usuario):<\/p>\n\n\n\n<ul class=\"wp-block-list\"><li><strong>No<\/strong> represente de manera falsa su identidad o relaci\u00f3n con cualquier usuario;<\/li><li><strong>No<\/strong> comparta ninguna informaci\u00f3n personal confidencial sobre usted u otros, a menos que se le solicite espec\u00edficamente.<\/li><li>Cuando los\/as operadores de chat le pidan informaci\u00f3n para ver qu\u00e9 servicios est\u00e1n disponibles para usted, y decide compartir esta informaci\u00f3n, aseg\u00farese de que esta sea lo m\u00e1s precisa posible.<\/li><li><strong>No<\/strong> use ning\u00fan lenguaje obsceno, discriminatorio o abusivo con los operadores del chat<\/li><li><strong>No<\/strong> puede vender la informaci\u00f3n que obtienes del servicio a otras personas o cobrar a la gente por usar el servicio con tu celular.&nbsp;<\/li><li><strong>No<\/strong> utilice la aplicaci\u00f3n para violar los derechos de propiedad intelectual de otras personas o entidades&nbsp;<\/li><li><strong>No<\/strong> se puede usar el servicio si es menor de 13 a\u00f1os.&nbsp;<\/li><\/ul>\n\n\n\n<h3 class=\"wp-block-heading\">2. Negaci\u00f3n de acceso<\/h3>\n\n\n\n<p>ACNUR puede decidir en cualquier momento: a) no responder a los usuarios del servicio si son abusivos o no cumplen con sus responsabilidades mencionadas arriba, y\/o b) no permitir el acceso al servicio a los usuarios si ello pone en peligro a alguna persona.<\/p>\n\n\n\n<h3 class=\"wp-block-heading\">3. Descargo de responsabilidad de ACNUR<\/h3>\n\n\n\n<p>ACNUR tiene como objetivo asegurar que el contenido del Servicio de WhatsApp de ACNUR M\u00e9xico sea lo m\u00e1s preciso posible; pero la informaci\u00f3n, en particular sobre COVID, cambia regularmente, as\u00ed que puede haber un ligero retraso en la actualizaci\u00f3n de la informaci\u00f3n dentro del servicio. Adem\u00e1s, no es posible dar informaci\u00f3n relevante para un pa\u00eds diferente al pa\u00eds del servicio. ACNUR no puede garantizar que no haya errores en la informaci\u00f3n proporcionada, pero se esforzar\u00e1 por corregir los errores que sean notificados. La informaci\u00f3n se proporciona en un momento dado bas\u00e1ndose en la informaci\u00f3n disponible y sin otras implicaciones o cualquier garant\u00eda. ACNUR tampoco ofrece ninguna garant\u00eda sobre la informaci\u00f3n y el servicio ofrecidos a trav\u00e9s del servicio.<\/p>\n\n\n\n<p>Al proporcionar este servicio, ACNUR no est\u00e1 respaldando a WhatsApp o ninguna otra aplicaci\u00f3n de mensajer\u00eda. El uso del servicio no significa que el usuario tenga garantizado el acceso a ninguna informaci\u00f3n espec\u00edfica de o a los servicios.<\/p>\n\n\n\n<p>El uso de designaciones particulares de pa\u00edses o territorios no implica ning\u00fan juicio por parte de ACNUR en cuanto al estatus legal de dichos pa\u00edses o territorios, de sus autoridades e instituciones o de la delimitaci\u00f3n de sus fronteras.<\/p>\n\n\n\n<h3 class=\"wp-block-heading\">4. Informaci\u00f3n externa a ACNUR<\/h3>\n\n\n\n<p>El servicio puede indicar donde encontrar informaci\u00f3n sobre los socios de ACNUR, instituciones y\/o organizaciones humanitarias proveedoras de servicios o terceros; al igual que dar informaci\u00f3n proporcionada por actores y entidades externas. Adem\u00e1s, otros actores pueden proporcionar informaci\u00f3n sobre ACNUR. ACNUR no controla la informaci\u00f3n dada por agentes externos. ACNUR no puede decir si esa informaci\u00f3n externa es exacta y\/o veraz y la organizaci\u00f3n no puede ser considerada responsable de la informaci\u00f3n o de los resultados que surjan al usarla o seguirla. ACNUR no ofrece ninguna garant\u00eda y no es responsable de cualquier p\u00e9rdida o da\u00f1o a causa del uso de cualquiera de los servicios o informaci\u00f3n.&nbsp;<\/p>\n\n\n\n<h3 class=\"wp-block-heading\">5. Medidas de seguridad<\/h3>\n\n\n\n<p>ACNUR tomar\u00e1 las medidas adecuadas para asegurar que sus datos est\u00e9n seguros y no puedan ser enviados o utilizados por agentes sin su permiso; pero no puede garantizar esto completamente dado el riesgo de seguridad inherente en el uso de herramientas digitales.&nbsp;<\/p>\n\n\n\n<p>El uso de WhatsApp tambi\u00e9n significa que ciertos datos son capturados por Facebook, el propietario de WhatsApp, independientemente del uso del servicio de ACNUR. ACNUR no ser\u00e1 responsable de ning\u00fan problema u otro uso de sus datos por parte de terceros, ni de otros riesgos causados por el uso de aplicaciones m\u00f3viles.<\/p>\n\n\n\n<h3 class=\"wp-block-heading\">6. Cambios al Servicio de WhatsApp de ACNUR<\/h3>\n\n\n\n<p>ACNUR evaluar\u00e1 peri\u00f3dicamente el servicio e introducir\u00e1 cambios para mejorarlo si es posible. Al utilizar el servicio, usted le da permiso al ACNUR para revisar las conversaciones e interacciones con personas de forma an\u00f3nima para ver qu\u00e9 cambios son necesarios. Si se realizan cambios que afecten a usted, a sus datos personales o a cualquier otra cosa dentro de este acuerdo, ACNUR le informar\u00e1 sobre los cambios. Es posible que ACNUR tenga que adaptar el servicio dependiendo de los recursos disponibles o cambios externos sin tener que avisarle primero; pero le notificar\u00e1 los cambios despu\u00e9s.<\/p>\n\n\n\n<h3 class=\"wp-block-heading\">7. Informaci\u00f3n de Contacto<\/h3>\n\n\n\n<p>Si tiene alguna pregunta o inquietud sobre este acuerdo de usuario, por favor mande el mensaje &#8220;ACUERDO&#8221; al servicio.&nbsp;<\/p>\n\n\n\n<p>Para obtener m\u00e1s informaci\u00f3n de contacto y canales para proporcionar retroalimentaci\u00f3n o comentarios sobre el servicio, visite <strong><a href=\"https:\/\/help.unhcr.org\/mexico\/\">https:\/\/help.unhcr.org\/mexico\/<\/a><\/strong>.<\/p>\n\n\n\n<h3 class=\"wp-block-heading\">8. Propiedad Intelectual<\/h3>\n\n\n\n<p>Todos los derechos de propiedad intelectual de ACNUR que se compartan seguir\u00e1n siendo de ACNUR, a menos que se indique lo contrario. Se podr\u00e1n ver, descargar e imprimir extractos de los materiales y otra informaci\u00f3n dada por el servicio solo para uso personal y no comercial, sin ning\u00fan derecho a vender o usar de cualquier manera para recibir beneficios.&nbsp;&nbsp;<\/p>\n\n\n\n<p>Todo uso que no sea para fines personales, incluida la reproducci\u00f3n o traducci\u00f3n de los materiales de ACNUR, requiere la autorizaci\u00f3n expresa previa por escrito del ACNUR.&nbsp;&nbsp;<\/p>\n\n\n\n<p>Adem\u00e1s, el ACNUR se reserva el derecho de buscar todos los recursos disponibles por ley para cualquier violaci\u00f3n de estos t\u00e9rminos y condiciones, incluyendo cualquier violaci\u00f3n de los derechos del ACNUR en el nombre y el emblema del ACNUR y sus derechos en relaci\u00f3n con la informaci\u00f3n, el material gr\u00e1fico, el texto, el v\u00eddeo, el audio o las im\u00e1genes que se ponen a disposici\u00f3n a trav\u00e9s de la solicitud.&nbsp;<\/p>\n\n\n\n<h3 class=\"wp-block-heading\">9. Nombre y emblema de ACNUR<\/h3>\n\n\n\n<p>El nombre y el emblema del ACNUR son propiedad exclusiva del ACNUR. Est\u00e1n protegidos por el derecho internacional. El uso no autorizado est\u00e1 prohibido. No pueden ser copiados o reproducidos de ninguna manera sin el permiso previo por escrito de ACNUR.<\/p>\n\n\n\n<h3 class=\"wp-block-heading\">10. Notificaci\u00f3n de cambios<\/h3>\n\n\n\n<p>El contenido del Servicio de WhatsApp de ACNUR M\u00e9xico es seleccionado por ACNUR y en cualquier momento puede cambiar sin aviso. ACNUR puede cambiar o interrumpir en cualquier momento cualquier parte del Servicio de WhatsApp de ACNUR M\u00e9xico; incluidos, entre otros, estos t\u00e9rminos y condiciones y su disponibilidad.<\/p>\n\n\n\n<h3 class=\"wp-block-heading\">11. Privilegios e inmunidades de ACNUR<\/h3>\n\n\n\n<p>ACNUR tiene un estatus especial como organizaci\u00f3n de la ONU y como tal recibe salvaguardias adicionales relacionadas con la independencia y neutralidad de sus actividades, incluyendo el Servicio de WhatsApp de ACNUR M\u00e9xico. Nada en estos T\u00e9rminos de Uso, o relacionado con ellos, o el Servicio de WhatsApp de ACNUR M\u00e9xico, se considerar\u00e1 una renuncia a cualquiera de las inmunidades de ACNUR.<\/p>\n\n\n\n<h3 class=\"wp-block-heading\">12. Soluci\u00f3n de Disputas<\/h3>\n\n\n\n<p>Cualquier disputa que surja dentro de este Acuerdo que no se puede solucionar de manera amigable entre los usuarios y ACNUR, se resolver\u00e1 mediante lo siguiente:<\/p>\n\n\n\n<ul class=\"wp-block-list\"><li>Despu\u00e9s de la notificaci\u00f3n sobre la disputa comunicada de manera razonable de un actor hacia el otro, la disputa ser\u00e1 sometida a un proceso de conciliaci\u00f3n gobernado por las Reglas de Conciliaci\u00f3n de la Comisi\u00f3n de las Naciones Unidas de Leyes de Comercio Internacional (\u201cUNICTRAL\u201d), o gobernado por el proceso que se haya acordado por escrito entre las dos partes.&nbsp; El lenguaje del proceso ser\u00e1 en ingl\u00e9s al menos que se acuerde alg\u00fan otro idioma por los dos actores.&nbsp;<\/li><li>Si cualquiera de estas disputas no se ha solucionado dentro de 60 d\u00edas desde la notificaci\u00f3n de un actor al otro sobre el comienzo del proceso, la disputa ser\u00e1 referida por cualquier actor a un proceso de arbitraci\u00f3n de acuerdo con las reglas de UNICTRAL vigentes. El tribunal de arbitraci\u00f3n deber\u00e1 consistir de un solo \u00e1rbitro y el lenguaje del proceso ser\u00e1 ingl\u00e9s al menos que sea acordado antes alg\u00fan otro idioma por ambos actores. El lugar de arbitraje ser\u00e1 Ginebra donde est\u00e1 la sede de ACNUR. El proceso puede llevarse a cabo de manera remota (por ejemplo v\u00eda videoconferencia) si es posible.&nbsp;<\/li><\/ul>\n\n\n\n<h3 class=\"wp-block-heading\">13. Interrupci\u00f3n del Servicio<\/h3>\n\n\n\n<p>ACNUR puede cambiar o detener este servicio de WhatsApp en cualquier momento sin necesidad de notificarlo. ACNUR no ser\u00e1 responsable de los efectos negativos u otros resultados de estos cambios o de la interrupci\u00f3n del servicio.&nbsp;<\/p>\n","protected":false},"excerpt":{"rendered":"<p>Por favor, lea la Declaraci\u00f3n de Privacidad y los T\u00e9rminos y Condiciones Generales del Servicio de WhatsApp de ACNUR M\u00e9xico. Este documento ha sido traducido y simplificado para ser una versi\u00f3n accesible, pero no tiene peso legal. El documento legal est\u00e1 disponible en ingl\u00e9s aqu\u00ed. Por favor note que en el documento en ingl\u00e9s, los [&hellip;]<\/p>\n","protected":false},"author":1,"featured_media":0,"parent":0,"menu_order":0,"comment_status":"closed","ping_status":"closed","template":"","meta":{"_acf_changed":false,"footnotes":""},"class_list":["post-2007","page","type-page","status-publish","hentry"],"acf":[],"_links":{"self":[{"href":"https:\/\/help.unhcr.org\/mexico\/wp-json\/wp\/v2\/pages\/2007","targetHints":{"allow":["GET"]}}],"collection":[{"href":"https:\/\/help.unhcr.org\/mexico\/wp-json\/wp\/v2\/pages"}],"about":[{"href":"https:\/\/help.unhcr.org\/mexico\/wp-json\/wp\/v2\/types\/page"}],"author":[{"embeddable":true,"href":"https:\/\/help.unhcr.org\/mexico\/wp-json\/wp\/v2\/users\/1"}],"replies":[{"embeddable":true,"href":"https:\/\/help.unhcr.org\/mexico\/wp-json\/wp\/v2\/comments?post=2007"}],"version-history":[{"count":12,"href":"https:\/\/help.unhcr.org\/mexico\/wp-json\/wp\/v2\/pages\/2007\/revisions"}],"predecessor-version":[{"id":3212,"href":"https:\/\/help.unhcr.org\/mexico\/wp-json\/wp\/v2\/pages\/2007\/revisions\/3212"}],"wp:attachment":[{"href":"https:\/\/help.unhcr.org\/mexico\/wp-json\/wp\/v2\/media?parent=2007"}],"curies":[{"name":"wp","href":"https:\/\/api.w.org\/{rel}","templated":true}]}}