{"id":1551,"date":"2020-07-27T19:33:41","date_gmt":"2020-07-27T19:33:41","guid":{"rendered":"http:\/\/help.unhcr.org\/mexico\/?page_id=1551"},"modified":"2026-03-26T15:58:57","modified_gmt":"2026-03-26T15:58:57","slug":"aguascalientes","status":"publish","type":"page","link":"https:\/\/help.unhcr.org\/mexico\/donde-encontrar-ayuda\/mapas-de-servicios-2\/aguascalientes\/","title":{"rendered":"Aguascalientes"},"content":{"rendered":"\n<p>Si est\u00e1s en Aguascalientes, estado de Aguascalientes, nuestro mapa te ser\u00e1 de ayuda.<\/p>\n\n\n\n<p>ACNUR en colaboraci\u00f3n con socios y aliados han preparado el mapa que te muestra los principales servicios en la ciudad.<\/p>\n\n\n\n<p>\ud83d\udcf2 <a href=\"https:\/\/help.unhcr.org\/mexico\/wp-content\/uploads\/sites\/22\/2023\/04\/2303_MapaAguascalientes_WEB.pdf\" data-type=\"link\" data-id=\"https:\/\/help.unhcr.org\/mexico\/wp-content\/uploads\/sites\/22\/2025\/07\/250610_Ficha-servicios-Comitan.pdf\">Desc\u00e1rgalo en tu tel\u00e9fono<\/a> y ll\u00e9valo contigo.<\/p>\n\n\n\n<p>\ud83c\udf0e Encuentra los servicios en <a href=\"https:\/\/www.google.com\/maps\/d\/edit?mid=1YSer86WoPHlSWe0yIEtaenInZaBD10E&amp;usp=sharing\" data-type=\"link\" data-id=\"https:\/\/www.google.com\/maps\/d\/edit?mid=1YSer86WoPHlSWe0yIEtaenInZaBD10E&amp;usp=sharing\" target=\"_blank\" rel=\"noreferrer noopener\">Google Maps<\/a><\/p>\n\n\n\n<p><a href=\"https:\/\/help.unhcr.org\/mexico\/donde-encontrar-ayuda\/mapas-de-servicios-2\/\" data-type=\"URL\" data-id=\"https:\/\/help.unhcr.org\/mexico\/donde-encontrar-ayuda\/mapas-de-servicios-2\/\">&lt;&lt; Mapas de servicios<\/a><\/p>\n\n\n\n<p><\/p>\n","protected":false},"excerpt":{"rendered":"<p>Si est\u00e1s en Aguascalientes, estado de Aguascalientes, nuestro mapa te ser\u00e1 de ayuda. ACNUR en colaboraci\u00f3n con socios y aliados han preparado el mapa que te muestra los principales servicios en la ciudad. \ud83d\udcf2 Desc\u00e1rgalo en tu tel\u00e9fono y ll\u00e9valo contigo. \ud83c\udf0e Encuentra los servicios en Google Maps &lt;&lt; Mapas de servicios<\/p>\n","protected":false},"author":1,"featured_media":1344,"parent":1089,"menu_order":1,"comment_status":"closed","ping_status":"closed","template":"","meta":{"_acf_changed":false,"footnotes":""},"class_list":["post-1551","page","type-page","status-publish","has-post-thumbnail","hentry"],"acf":[],"_links":{"self":[{"href":"https:\/\/help.unhcr.org\/mexico\/wp-json\/wp\/v2\/pages\/1551","targetHints":{"allow":["GET"]}}],"collection":[{"href":"https:\/\/help.unhcr.org\/mexico\/wp-json\/wp\/v2\/pages"}],"about":[{"href":"https:\/\/help.unhcr.org\/mexico\/wp-json\/wp\/v2\/types\/page"}],"author":[{"embeddable":true,"href":"https:\/\/help.unhcr.org\/mexico\/wp-json\/wp\/v2\/users\/1"}],"replies":[{"embeddable":true,"href":"https:\/\/help.unhcr.org\/mexico\/wp-json\/wp\/v2\/comments?post=1551"}],"version-history":[{"count":19,"href":"https:\/\/help.unhcr.org\/mexico\/wp-json\/wp\/v2\/pages\/1551\/revisions"}],"predecessor-version":[{"id":7691,"href":"https:\/\/help.unhcr.org\/mexico\/wp-json\/wp\/v2\/pages\/1551\/revisions\/7691"}],"up":[{"embeddable":true,"href":"https:\/\/help.unhcr.org\/mexico\/wp-json\/wp\/v2\/pages\/1089"}],"wp:featuredmedia":[{"embeddable":true,"href":"https:\/\/help.unhcr.org\/mexico\/wp-json\/wp\/v2\/media\/1344"}],"wp:attachment":[{"href":"https:\/\/help.unhcr.org\/mexico\/wp-json\/wp\/v2\/media?parent=1551"}],"curies":[{"name":"wp","href":"https:\/\/api.w.org\/{rel}","templated":true}]}}