{"id":1229,"date":"2020-06-18T23:43:49","date_gmt":"2020-06-18T23:43:49","guid":{"rendered":"http:\/\/help.unhcr.org\/mexico\/?page_id=1229"},"modified":"2025-09-18T17:08:01","modified_gmt":"2025-09-18T17:08:01","slug":"albergues","status":"publish","type":"page","link":"https:\/\/help.unhcr.org\/mexico\/donde-encontrar-ayuda\/albergues\/","title":{"rendered":"Albergues"},"content":{"rendered":"\n<p>En esta secci\u00f3n encontrar\u00e1s el listado de albergues en la entidad federativa donde te encuentres. <\/p>\n\n\n\n<p>Recuerda que tambi\u00e9n puedes <a href=\"https:\/\/help.unhcr.org\/mexico\/donde-encontrar-ayuda\/contacta-al-acnur\/\" data-type=\"page\" data-id=\"1191\">contactar gratis al ACNUR<\/a> para que te orienten en caso de que necesites un albergue en la ciudad donde te encuentres.<\/p>\n\n\n\n<p><\/p>\n\n\n\n<p><\/p>\n","protected":false},"excerpt":{"rendered":"<p>En esta secci\u00f3n encontrar\u00e1s el listado de albergues en la entidad federativa donde te encuentres. Recuerda que tambi\u00e9n puedes contactar gratis al ACNUR para que te orienten en caso de que necesites un albergue en la ciudad donde te encuentres.<\/p>\n","protected":false},"author":1,"featured_media":1238,"parent":14,"menu_order":4,"comment_status":"closed","ping_status":"closed","template":"page-templates\/sectioned.php","meta":{"_acf_changed":false,"footnotes":""},"class_list":["post-1229","page","type-page","status-publish","has-post-thumbnail","hentry"],"acf":[],"_links":{"self":[{"href":"https:\/\/help.unhcr.org\/mexico\/wp-json\/wp\/v2\/pages\/1229","targetHints":{"allow":["GET"]}}],"collection":[{"href":"https:\/\/help.unhcr.org\/mexico\/wp-json\/wp\/v2\/pages"}],"about":[{"href":"https:\/\/help.unhcr.org\/mexico\/wp-json\/wp\/v2\/types\/page"}],"author":[{"embeddable":true,"href":"https:\/\/help.unhcr.org\/mexico\/wp-json\/wp\/v2\/users\/1"}],"replies":[{"embeddable":true,"href":"https:\/\/help.unhcr.org\/mexico\/wp-json\/wp\/v2\/comments?post=1229"}],"version-history":[{"count":71,"href":"https:\/\/help.unhcr.org\/mexico\/wp-json\/wp\/v2\/pages\/1229\/revisions"}],"predecessor-version":[{"id":7192,"href":"https:\/\/help.unhcr.org\/mexico\/wp-json\/wp\/v2\/pages\/1229\/revisions\/7192"}],"up":[{"embeddable":true,"href":"https:\/\/help.unhcr.org\/mexico\/wp-json\/wp\/v2\/pages\/14"}],"wp:featuredmedia":[{"embeddable":true,"href":"https:\/\/help.unhcr.org\/mexico\/wp-json\/wp\/v2\/media\/1238"}],"wp:attachment":[{"href":"https:\/\/help.unhcr.org\/mexico\/wp-json\/wp\/v2\/media?parent=1229"}],"curies":[{"name":"wp","href":"https:\/\/api.w.org\/{rel}","templated":true}]}}