{"id":1197,"date":"2020-06-17T23:59:37","date_gmt":"2020-06-17T23:59:37","guid":{"rendered":"http:\/\/help.unhcr.org\/mexico\/?page_id=1197"},"modified":"2025-11-21T00:07:17","modified_gmt":"2025-11-21T00:07:17","slug":"contacta-a-la-comar","status":"publish","type":"page","link":"https:\/\/help.unhcr.org\/mexico\/donde-encontrar-ayuda\/contacta-a-la-comar\/","title":{"rendered":"Contacta a la COMAR"},"content":{"rendered":"\n<div class=\"wp-block-group has-background\" style=\"background-color:#cce2f3\"><div class=\"wp-block-group__inner-container is-layout-constrained wp-block-group-is-layout-constrained\">\n<p class=\"has-black-color has-text-color\"><strong>La Comisi\u00f3n Mexicana de Ayuda a Refugiados (COMAR) <\/strong>es la instituci\u00f3n del Gobierno de M\u00e9xico encargada de dar tr\u00e1mite a las solicitudes de reconocimiento de la condici\u00f3n de refugiado.<\/p>\n\n\n\n<p class=\"has-black-color has-text-color\">\u26a0\ufe0f <strong>\u00a1No lo olvides! Toda la atenci\u00f3n en COMAR es gratis.<\/strong><\/p>\n<\/div><\/div>\n\n\n\n<p><\/p>\n\n\n<div class=\"wp-block-image is-resized\">\n<figure class=\"aligncenter size-full\"><a href=\"https:\/\/www.facebook.com\/watch\/?v=1137806243220255\" target=\"_blank\" rel=\"noopener\"><img loading=\"lazy\" decoding=\"async\" width=\"592\" height=\"331\" src=\"https:\/\/help.unhcr.org\/mexico\/wp-content\/uploads\/sites\/22\/2022\/12\/221215_Comar-Jaguar.png\" alt=\"\" class=\"wp-image-4756\" style=\"width:417px;height:auto\" srcset=\"https:\/\/help.unhcr.org\/mexico\/wp-content\/uploads\/sites\/22\/2022\/12\/221215_Comar-Jaguar.png 592w, https:\/\/help.unhcr.org\/mexico\/wp-content\/uploads\/sites\/22\/2022\/12\/221215_Comar-Jaguar-300x168.png 300w\" sizes=\"auto, (max-width: 592px) 100vw, 592px\" \/><\/a><figcaption class=\"wp-element-caption\">Este video de El Jaguar, te explica qu\u00e9 es la COMAR.<\/figcaption><\/figure><\/div>\n\n\n<p class=\"has-background\" style=\"background-color:#fdf799\">\u00a1Recuerda! En donde no hay presencia oficial de COMAR, ac\u00e9rcate a las Oficinas de Regulaci\u00f3n Migratoria del <strong>Instituto Nacional de Migraci\u00f3n (INM).<\/strong><\/p>\n","protected":false},"excerpt":{"rendered":"<p>La Comisi\u00f3n Mexicana de Ayuda a Refugiados (COMAR) es la instituci\u00f3n del Gobierno de M\u00e9xico encargada de dar tr\u00e1mite a las solicitudes de reconocimiento de la condici\u00f3n de refugiado. \u26a0\ufe0f \u00a1No lo olvides! Toda la atenci\u00f3n en COMAR es gratis. \u00a1Recuerda! En donde no hay presencia oficial de COMAR, ac\u00e9rcate a las Oficinas de Regulaci\u00f3n [&hellip;]<\/p>\n","protected":false},"author":1,"featured_media":0,"parent":14,"menu_order":1,"comment_status":"closed","ping_status":"closed","template":"page-templates\/sectioned.php","meta":{"_acf_changed":false,"footnotes":""},"class_list":["post-1197","page","type-page","status-publish","hentry"],"acf":[],"_links":{"self":[{"href":"https:\/\/help.unhcr.org\/mexico\/wp-json\/wp\/v2\/pages\/1197","targetHints":{"allow":["GET"]}}],"collection":[{"href":"https:\/\/help.unhcr.org\/mexico\/wp-json\/wp\/v2\/pages"}],"about":[{"href":"https:\/\/help.unhcr.org\/mexico\/wp-json\/wp\/v2\/types\/page"}],"author":[{"embeddable":true,"href":"https:\/\/help.unhcr.org\/mexico\/wp-json\/wp\/v2\/users\/1"}],"replies":[{"embeddable":true,"href":"https:\/\/help.unhcr.org\/mexico\/wp-json\/wp\/v2\/comments?post=1197"}],"version-history":[{"count":84,"href":"https:\/\/help.unhcr.org\/mexico\/wp-json\/wp\/v2\/pages\/1197\/revisions"}],"predecessor-version":[{"id":7363,"href":"https:\/\/help.unhcr.org\/mexico\/wp-json\/wp\/v2\/pages\/1197\/revisions\/7363"}],"up":[{"embeddable":true,"href":"https:\/\/help.unhcr.org\/mexico\/wp-json\/wp\/v2\/pages\/14"}],"wp:attachment":[{"href":"https:\/\/help.unhcr.org\/mexico\/wp-json\/wp\/v2\/media?parent=1197"}],"curies":[{"name":"wp","href":"https:\/\/api.w.org\/{rel}","templated":true}]}}