{"id":1188,"date":"2020-06-17T23:47:36","date_gmt":"2020-06-17T23:47:36","guid":{"rendered":"http:\/\/help.unhcr.org\/mexico\/?page_id=1188"},"modified":"2026-02-16T21:23:52","modified_gmt":"2026-02-16T21:23:52","slug":"que-puede-hacer-el-acnur-por-mi","status":"publish","type":"page","link":"https:\/\/help.unhcr.org\/mexico\/donde-encontrar-ayuda\/que-puede-hacer-el-acnur-por-mi\/","title":{"rendered":"\u00bfQu\u00e9 puede hacer el ACNUR por m\u00ed?"},"content":{"rendered":"\n<p class=\"has-black-color has-text-color has-background has-link-color wp-elements-a47078fab40f9bb68ddedffcffe873bc\" style=\"background-color:#cce2f3\"><strong>ACNUR<\/strong> y las organizaciones  de la sociedad civil colaboran para brindar diversos apoyos a las personas solicitantes de la condici\u00f3n de refugiado, refugiadas y beneficiarias de protecci\u00f3n complementaria en M\u00e9xico, como:<\/p>\n\n\n\n<blockquote class=\"wp-block-quote is-layout-flow wp-block-quote-is-layout-flow\">\n<ul class=\"wp-block-list\">\n<li>Informaci\u00f3n sobre tr\u00e1mites y servicios en el pa\u00eds.<\/li>\n\n\n\n<li>Acompa\u00f1amiento durante tu procedimiento ante la <a href=\"https:\/\/help.unhcr.org\/mexico\/donde-encontrar-ayuda\/contacta-a-la-comar\/\" data-type=\"page\" data-id=\"1197\">COMAR<\/a> y tus tr\u00e1mites con el INM.<\/li>\n\n\n\n<li>Apoyo legal gratuito si tu caso lo requiere.<\/li>\n\n\n\n<li>Orientaci\u00f3n para que puedas estudiar o revalidar estudios, acceder a servicios de salud, capacitarte t\u00e9cnicamente o contar con documentaci\u00f3n para trabajar.<\/li>\n\n\n\n<li>Conectarte con organizaciones y autoridades para que tu vida e integridad est\u00e9n protegidas durante tu estancia en M\u00e9xico.<\/li>\n<\/ul>\n\n\n\n<p><\/p>\n<\/blockquote>\n\n\n\n<p>Tambi\u00e9n contamos con programas de integraci\u00f3n para que las personas refugiadas retomen su vida en M\u00e9xico. <\/p>\n\n\n\n<p><strong>Todas las personas tienen necesidades diferentes, as\u00ed que los apoyos que brindamos son diferentes. Toda la asistencia se brinda de acuerdo con las posibilidades del ACNUR, y nuestros programas cambian dependiendo las circunstancias.&nbsp;<\/strong><\/p>\n\n\n\n<p>Si requieres m\u00e1s informaci\u00f3n de lo que ACNUR puede hacer por ti, comun\u00edcate desde todo M\u00e9xico.<\/p>\n\n\n\n<p>\ud83d\udcde\u00a0<strong>Tel\u00e9fonos gratuitos:<\/strong>\u00a0<a href=\"tel:+528002268769\">800 226 8769<\/a>\u00a0o al\u00a0<a href=\"tel:+528002832718\">800 283 2718<\/a>\u00a0<em>(Fuera de M\u00e9xico marca antes +52)<\/em><br>\ud83d\udcf1\u00a0<strong>WhatsApp:<\/strong>\u00a0<a href=\"https:\/\/wa.me\/+525570055950\">+52 55 7005 5950<\/a>\u00a0y\u00a0<a href=\"https:\/\/wa.me\/+525525352950\">+52 55 2535 2950<\/a><br>\ud83d\udce7\u00a0<strong>Correo electr\u00f3nico:<\/strong>\u00a0<a href=\"mailto:mexmeatencion@unhcr.org\" target=\"_blank\" rel=\"noreferrer noopener\">mexmeatencion@unhcr.org<\/a><\/p>\n\n\n\n<p><a href=\"https:\/\/www.facebook.com\/ConfiaEnElJaguar\/\" target=\"_blank\" rel=\"noreferrer noopener\">El Jaguar<\/a>&nbsp;tambi\u00e9n est\u00e1 para brindarte informaci\u00f3n y resolver tus dudas en Facebook&nbsp;<\/p>\n\n\n\n<p class=\"has-background\" style=\"background-color:#fae90070\">\u26a0\ufe0f <strong>Nuestra atenci\u00f3n es individual, caso por caso y totalmente gratuita.<\/strong><\/p>\n\n\n\n<p><a href=\"https:\/\/help.unhcr.org\/mexico\/donde-encontrar-ayuda\/\" data-type=\"link\" data-id=\"https:\/\/help.unhcr.org\/mexico\/donde-encontrar-ayuda\/\">&lt;&lt; \u00bfQui\u00e9n me puede ayudar?<\/a><\/p>\n\n\n\n<p><\/p>\n","protected":false},"excerpt":{"rendered":"<p>ACNUR y las organizaciones de la sociedad civil colaboran para brindar diversos apoyos a las personas solicitantes de la condici\u00f3n de refugiado, refugiadas y beneficiarias de protecci\u00f3n complementaria en M\u00e9xico, como: Tambi\u00e9n contamos con programas de integraci\u00f3n para que las personas refugiadas retomen su vida en M\u00e9xico. Todas las personas tienen necesidades diferentes, as\u00ed que [&hellip;]<\/p>\n","protected":false},"author":1,"featured_media":0,"parent":14,"menu_order":0,"comment_status":"closed","ping_status":"closed","template":"","meta":{"_acf_changed":false,"footnotes":""},"class_list":["post-1188","page","type-page","status-publish","hentry"],"acf":[],"_links":{"self":[{"href":"https:\/\/help.unhcr.org\/mexico\/wp-json\/wp\/v2\/pages\/1188","targetHints":{"allow":["GET"]}}],"collection":[{"href":"https:\/\/help.unhcr.org\/mexico\/wp-json\/wp\/v2\/pages"}],"about":[{"href":"https:\/\/help.unhcr.org\/mexico\/wp-json\/wp\/v2\/types\/page"}],"author":[{"embeddable":true,"href":"https:\/\/help.unhcr.org\/mexico\/wp-json\/wp\/v2\/users\/1"}],"replies":[{"embeddable":true,"href":"https:\/\/help.unhcr.org\/mexico\/wp-json\/wp\/v2\/comments?post=1188"}],"version-history":[{"count":24,"href":"https:\/\/help.unhcr.org\/mexico\/wp-json\/wp\/v2\/pages\/1188\/revisions"}],"predecessor-version":[{"id":7533,"href":"https:\/\/help.unhcr.org\/mexico\/wp-json\/wp\/v2\/pages\/1188\/revisions\/7533"}],"up":[{"embeddable":true,"href":"https:\/\/help.unhcr.org\/mexico\/wp-json\/wp\/v2\/pages\/14"}],"wp:attachment":[{"href":"https:\/\/help.unhcr.org\/mexico\/wp-json\/wp\/v2\/media?parent=1188"}],"curies":[{"name":"wp","href":"https:\/\/api.w.org\/{rel}","templated":true}]}}