{"id":1155,"date":"2020-06-16T23:11:21","date_gmt":"2020-06-16T23:11:21","guid":{"rendered":"http:\/\/help.unhcr.org\/mexico\/?page_id=1155"},"modified":"2026-03-26T16:47:28","modified_gmt":"2026-03-26T16:47:28","slug":"tenosique","status":"publish","type":"page","link":"https:\/\/help.unhcr.org\/mexico\/donde-encontrar-ayuda\/mapas-de-servicios-2\/tenosique\/","title":{"rendered":"Tenosique"},"content":{"rendered":"\n<p>Si est\u00e1s en Tenosique, estado de Tabasco, nuestro mapa te ser\u00e1 de ayuda.<\/p>\n\n\n\n<p>ACNUR en colaboraci\u00f3n con socios y aliados han preparado el mapa que te muestra los principales servicios en la ciudad.<\/p>\n\n\n\n<p>\ud83d\udcf2\u00a0<a href=\"https:\/\/help.unhcr.org\/mexico\/wp-content\/uploads\/sites\/22\/2025\/07\/2025_MapaTenosique_Digital.pdf\" data-type=\"link\" data-id=\"https:\/\/help.unhcr.org\/mexico\/wp-content\/uploads\/sites\/22\/2025\/07\/2025_MapaTenosique_Digital.pdf\">Desc\u00e1rgalo en tu tel\u00e9fono<\/a>\u00a0y ll\u00e9valo contigo.<\/p>\n\n\n\n<p>\ud83c\udf0e Encuentra los servicios en\u00a0<a href=\"https:\/\/www.google.com\/maps\/d\/viewer?mid=1RXatHpnGnQUoAEwduzGg1VVcxo4SnBI&amp;ll=17.46893445607105%2C-91.42409715000002&amp;z=15\" data-type=\"link\" data-id=\"https:\/\/www.google.com\/maps\/d\/u\/0\/edit?mid=1H3RAq6i0g372MxAUOJ9AIjm3bISeXic&amp;usp=sharing\" target=\"_blank\" rel=\"noreferrer noopener\">Google Maps<\/a><\/p>\n\n\n\n<p><a href=\"https:\/\/help.unhcr.org\/mexico\/donde-encontrar-ayuda\/mapas-de-servicios-2\/\">&lt;&lt; Mapas de servicios<\/a><\/p>\n\n\n\n<p><\/p>\n","protected":false},"excerpt":{"rendered":"<p>Si est\u00e1s en Tenosique, estado de Tabasco, nuestro mapa te ser\u00e1 de ayuda. ACNUR en colaboraci\u00f3n con socios y aliados han preparado el mapa que te muestra los principales servicios en la ciudad. \ud83d\udcf2\u00a0Desc\u00e1rgalo en tu tel\u00e9fono\u00a0y ll\u00e9valo contigo. \ud83c\udf0e Encuentra los servicios en\u00a0Google Maps &lt;&lt; Mapas de servicios<\/p>\n","protected":false},"author":1,"featured_media":0,"parent":1089,"menu_order":20,"comment_status":"closed","ping_status":"closed","template":"","meta":{"_acf_changed":false,"footnotes":""},"class_list":["post-1155","page","type-page","status-publish","hentry"],"acf":[],"_links":{"self":[{"href":"https:\/\/help.unhcr.org\/mexico\/wp-json\/wp\/v2\/pages\/1155","targetHints":{"allow":["GET"]}}],"collection":[{"href":"https:\/\/help.unhcr.org\/mexico\/wp-json\/wp\/v2\/pages"}],"about":[{"href":"https:\/\/help.unhcr.org\/mexico\/wp-json\/wp\/v2\/types\/page"}],"author":[{"embeddable":true,"href":"https:\/\/help.unhcr.org\/mexico\/wp-json\/wp\/v2\/users\/1"}],"replies":[{"embeddable":true,"href":"https:\/\/help.unhcr.org\/mexico\/wp-json\/wp\/v2\/comments?post=1155"}],"version-history":[{"count":25,"href":"https:\/\/help.unhcr.org\/mexico\/wp-json\/wp\/v2\/pages\/1155\/revisions"}],"predecessor-version":[{"id":7764,"href":"https:\/\/help.unhcr.org\/mexico\/wp-json\/wp\/v2\/pages\/1155\/revisions\/7764"}],"up":[{"embeddable":true,"href":"https:\/\/help.unhcr.org\/mexico\/wp-json\/wp\/v2\/pages\/1089"}],"wp:attachment":[{"href":"https:\/\/help.unhcr.org\/mexico\/wp-json\/wp\/v2\/media?parent=1155"}],"curies":[{"name":"wp","href":"https:\/\/api.w.org\/{rel}","templated":true}]}}