{"id":1151,"date":"2020-06-16T23:10:22","date_gmt":"2020-06-16T23:10:22","guid":{"rendered":"http:\/\/help.unhcr.org\/mexico\/?page_id=1151"},"modified":"2026-03-26T16:29:46","modified_gmt":"2026-03-26T16:29:46","slug":"palenque","status":"publish","type":"page","link":"https:\/\/help.unhcr.org\/mexico\/donde-encontrar-ayuda\/mapas-de-servicios-2\/palenque\/","title":{"rendered":"Palenque"},"content":{"rendered":"\n<p>Si est\u00e1s en Palenque, estado de Chiapas, nuestro mapa te ser\u00e1 de ayuda<\/p>\n\n\n\n<p>ACNUR en colaboraci\u00f3n con socios y aliados han preparado el mapa que te muestra los principales servicios en la ciudad.<\/p>\n\n\n\n<p>\ud83d\udcf2\u00a0<a href=\"https:\/\/help.unhcr.org\/mexico\/wp-content\/uploads\/sites\/22\/2024\/12\/241202_MapaPalenque_web.pdf\">Desc\u00e1rgalo en tu tel\u00e9fono<\/a>\u00a0y ll\u00e9valo contigo.<\/p>\n\n\n\n<p>\ud83c\udf0e <a href=\"https:\/\/www.google.com\/maps\/d\/viewer?mid=1QstxnVPoIof5wVRNDcCXUPLDoONZvc0&amp;ll=17.527441192560158%2C-91.98863440000001&amp;z=14\" data-type=\"link\" data-id=\"https:\/\/www.google.com\/maps\/d\/viewer?mid=1QstxnVPoIof5wVRNDcCXUPLDoONZvc0&amp;ll=17.527441192560158%2C-91.98863440000001&amp;z=14\" target=\"_blank\" rel=\"noreferrer noopener\">Encuentra los servicios en\u00a0Google Maps<\/a><\/p>\n\n\n\n<p><a href=\"https:\/\/help.unhcr.org\/mexico\/donde-encontrar-ayuda\/mapas-de-servicios-2\/\" data-type=\"URL\" data-id=\"https:\/\/help.unhcr.org\/mexico\/donde-encontrar-ayuda\/mapas-de-servicios-2\/\">&lt;&lt; Mapas de servicios<\/a><\/p>\n\n\n\n<p><\/p>\n","protected":false},"excerpt":{"rendered":"<p>Si est\u00e1s en Palenque, estado de Chiapas, nuestro mapa te ser\u00e1 de ayuda ACNUR en colaboraci\u00f3n con socios y aliados han preparado el mapa que te muestra los principales servicios en la ciudad. \ud83d\udcf2\u00a0Desc\u00e1rgalo en tu tel\u00e9fono\u00a0y ll\u00e9valo contigo. \ud83c\udf0e Encuentra los servicios en\u00a0Google Maps &lt;&lt; Mapas de servicios<\/p>\n","protected":false},"author":1,"featured_media":0,"parent":1089,"menu_order":11,"comment_status":"closed","ping_status":"closed","template":"","meta":{"_acf_changed":false,"footnotes":""},"class_list":["post-1151","page","type-page","status-publish","hentry"],"acf":[],"_links":{"self":[{"href":"https:\/\/help.unhcr.org\/mexico\/wp-json\/wp\/v2\/pages\/1151","targetHints":{"allow":["GET"]}}],"collection":[{"href":"https:\/\/help.unhcr.org\/mexico\/wp-json\/wp\/v2\/pages"}],"about":[{"href":"https:\/\/help.unhcr.org\/mexico\/wp-json\/wp\/v2\/types\/page"}],"author":[{"embeddable":true,"href":"https:\/\/help.unhcr.org\/mexico\/wp-json\/wp\/v2\/users\/1"}],"replies":[{"embeddable":true,"href":"https:\/\/help.unhcr.org\/mexico\/wp-json\/wp\/v2\/comments?post=1151"}],"version-history":[{"count":16,"href":"https:\/\/help.unhcr.org\/mexico\/wp-json\/wp\/v2\/pages\/1151\/revisions"}],"predecessor-version":[{"id":7735,"href":"https:\/\/help.unhcr.org\/mexico\/wp-json\/wp\/v2\/pages\/1151\/revisions\/7735"}],"up":[{"embeddable":true,"href":"https:\/\/help.unhcr.org\/mexico\/wp-json\/wp\/v2\/pages\/1089"}],"wp:attachment":[{"href":"https:\/\/help.unhcr.org\/mexico\/wp-json\/wp\/v2\/media?parent=1151"}],"curies":[{"name":"wp","href":"https:\/\/api.w.org\/{rel}","templated":true}]}}