{"id":1147,"date":"2020-06-16T23:08:24","date_gmt":"2020-06-16T23:08:24","guid":{"rendered":"http:\/\/help.unhcr.org\/mexico\/?page_id=1147"},"modified":"2026-03-26T16:37:22","modified_gmt":"2026-03-26T16:37:22","slug":"saltillo","status":"publish","type":"page","link":"https:\/\/help.unhcr.org\/mexico\/donde-encontrar-ayuda\/mapas-de-servicios-2\/saltillo\/","title":{"rendered":"Saltillo"},"content":{"rendered":"\n<p>Si est\u00e1s en Saltillo, estado de Coahuila, nuestra ficha de servicios te ser\u00e1 de ayuda.<\/p>\n\n\n\n<p>ACNUR en colaboraci\u00f3n con socios y aliados han preparado la ficha que te muestra los principales servicios en la ciudad.<\/p>\n\n\n\n<p>\ud83d\udcf2\u00a0<a href=\"https:\/\/help.unhcr.org\/mexico\/wp-content\/uploads\/sites\/22\/2025\/08\/2025_Ficha-SALTILLO_abril2025.pdf\" data-type=\"link\" data-id=\"https:\/\/help.unhcr.org\/mexico\/wp-content\/uploads\/sites\/22\/2025\/08\/2025_Ficha-SALTILLO_abril2025.pdf\">Desc\u00e1rgalo en tu tel\u00e9fono<\/a>\u00a0y ll\u00e9valo contigo.<\/p>\n\n\n\n<p>\ud83c\udf0e <a href=\"https:\/\/www.google.com\/maps\/d\/viewer?hl=es&amp;mid=1FQzBqgUzyQwF4T2GiXbuLrOkfwOVW8k&amp;ll=26.169786993773183%2C-100.88274575&amp;z=9\" data-type=\"link\" data-id=\"https:\/\/www.google.com\/maps\/d\/viewer?hl=es&amp;mid=1FQzBqgUzyQwF4T2GiXbuLrOkfwOVW8k&amp;ll=26.169786993773183%2C-100.88274575&amp;z=9\" target=\"_blank\" rel=\"noreferrer noopener\">Encuentra los servicios en\u00a0Google Maps<\/a><\/p>\n\n\n\n<p><a href=\"https:\/\/help.unhcr.org\/mexico\/donde-encontrar-ayuda\/mapas-de-servicios-2\/\">&lt;&lt; Mapas de servicios<\/a>    <\/p>\n\n\n\n<p><\/p>\n","protected":false},"excerpt":{"rendered":"<p>Si est\u00e1s en Saltillo, estado de Coahuila, nuestra ficha de servicios te ser\u00e1 de ayuda. ACNUR en colaboraci\u00f3n con socios y aliados han preparado la ficha que te muestra los principales servicios en la ciudad. \ud83d\udcf2\u00a0Desc\u00e1rgalo en tu tel\u00e9fono\u00a0y ll\u00e9valo contigo. \ud83c\udf0e Encuentra los servicios en\u00a0Google Maps &lt;&lt; Mapas de servicios<\/p>\n","protected":false},"author":1,"featured_media":0,"parent":1089,"menu_order":15,"comment_status":"closed","ping_status":"closed","template":"","meta":{"_acf_changed":false,"footnotes":""},"class_list":["post-1147","page","type-page","status-publish","hentry"],"acf":[],"_links":{"self":[{"href":"https:\/\/help.unhcr.org\/mexico\/wp-json\/wp\/v2\/pages\/1147","targetHints":{"allow":["GET"]}}],"collection":[{"href":"https:\/\/help.unhcr.org\/mexico\/wp-json\/wp\/v2\/pages"}],"about":[{"href":"https:\/\/help.unhcr.org\/mexico\/wp-json\/wp\/v2\/types\/page"}],"author":[{"embeddable":true,"href":"https:\/\/help.unhcr.org\/mexico\/wp-json\/wp\/v2\/users\/1"}],"replies":[{"embeddable":true,"href":"https:\/\/help.unhcr.org\/mexico\/wp-json\/wp\/v2\/comments?post=1147"}],"version-history":[{"count":16,"href":"https:\/\/help.unhcr.org\/mexico\/wp-json\/wp\/v2\/pages\/1147\/revisions"}],"predecessor-version":[{"id":7751,"href":"https:\/\/help.unhcr.org\/mexico\/wp-json\/wp\/v2\/pages\/1147\/revisions\/7751"}],"up":[{"embeddable":true,"href":"https:\/\/help.unhcr.org\/mexico\/wp-json\/wp\/v2\/pages\/1089"}],"wp:attachment":[{"href":"https:\/\/help.unhcr.org\/mexico\/wp-json\/wp\/v2\/media?parent=1147"}],"curies":[{"name":"wp","href":"https:\/\/api.w.org\/{rel}","templated":true}]}}