{"id":1143,"date":"2020-06-16T23:07:12","date_gmt":"2020-06-16T23:07:12","guid":{"rendered":"http:\/\/help.unhcr.org\/mexico\/?page_id=1143"},"modified":"2026-03-26T16:21:49","modified_gmt":"2026-03-26T16:21:49","slug":"monterrey","status":"publish","type":"page","link":"https:\/\/help.unhcr.org\/mexico\/donde-encontrar-ayuda\/mapas-de-servicios-2\/monterrey\/","title":{"rendered":"Monterrey"},"content":{"rendered":"\n<p>Si est\u00e1s en Monterrey, estado de Nuevo Le\u00f3n, nuestra ficha de servicios te ser\u00e1 de ayuda.<\/p>\n\n\n\n<p>ACNUR en colaboraci\u00f3n con socios y aliados han preparado la ficha que te muestra los principales servicios en la ciudad.<\/p>\n\n\n\n<p>\ud83d\udcf2\u00a0<a href=\"https:\/\/help.unhcr.org\/mexico\/wp-content\/uploads\/sites\/22\/2025\/08\/250808_FICHA-Monterrey_abril2025.pdf\" data-type=\"link\" data-id=\"https:\/\/help.unhcr.org\/mexico\/wp-content\/uploads\/sites\/22\/2025\/08\/250808_FICHA-Monterrey_abril2025.pdf\">Desc\u00e1rgala en tu tel\u00e9fono<\/a>\u00a0y ll\u00e9vala contigo.<\/p>\n\n\n\n<p> \ud83c\udf0e <a href=\"https:\/\/www.google.com\/maps\/d\/viewer?mid=1k_g2XYadDYHEOIgFzGpwLfu7Lrvn900&amp;ll=25.70934394895696%2C-100.32229335000001&amp;z=12\" data-type=\"link\" data-id=\"https:\/\/www.google.com\/maps\/d\/viewer?mid=1k_g2XYadDYHEOIgFzGpwLfu7Lrvn900&amp;ll=25.70934394895696%2C-100.32229335000001&amp;z=12\" target=\"_blank\" rel=\"noreferrer noopener\">Encuentra los servicios en\u00a0Google Maps<\/a><\/p>\n\n\n\n<p><a href=\"https:\/\/help.unhcr.org\/mexico\/donde-encontrar-ayuda\/mapas-de-servicios-2\/\" data-type=\"URL\" data-id=\"https:\/\/help.unhcr.org\/mexico\/donde-encontrar-ayuda\/mapas-de-servicios-2\/\">&lt;&lt; Mapas de servicios<\/a><\/p>\n\n\n\n<p><\/p>\n","protected":false},"excerpt":{"rendered":"<p>Si est\u00e1s en Monterrey, estado de Nuevo Le\u00f3n, nuestra ficha de servicios te ser\u00e1 de ayuda. ACNUR en colaboraci\u00f3n con socios y aliados han preparado la ficha que te muestra los principales servicios en la ciudad. \ud83d\udcf2\u00a0Desc\u00e1rgala en tu tel\u00e9fono\u00a0y ll\u00e9vala contigo. \ud83c\udf0e Encuentra los servicios en\u00a0Google Maps &lt;&lt; Mapas de servicios<\/p>\n","protected":false},"author":1,"featured_media":0,"parent":1089,"menu_order":8,"comment_status":"closed","ping_status":"closed","template":"","meta":{"_acf_changed":false,"footnotes":""},"class_list":["post-1143","page","type-page","status-publish","hentry"],"acf":[],"_links":{"self":[{"href":"https:\/\/help.unhcr.org\/mexico\/wp-json\/wp\/v2\/pages\/1143","targetHints":{"allow":["GET"]}}],"collection":[{"href":"https:\/\/help.unhcr.org\/mexico\/wp-json\/wp\/v2\/pages"}],"about":[{"href":"https:\/\/help.unhcr.org\/mexico\/wp-json\/wp\/v2\/types\/page"}],"author":[{"embeddable":true,"href":"https:\/\/help.unhcr.org\/mexico\/wp-json\/wp\/v2\/users\/1"}],"replies":[{"embeddable":true,"href":"https:\/\/help.unhcr.org\/mexico\/wp-json\/wp\/v2\/comments?post=1143"}],"version-history":[{"count":21,"href":"https:\/\/help.unhcr.org\/mexico\/wp-json\/wp\/v2\/pages\/1143\/revisions"}],"predecessor-version":[{"id":7719,"href":"https:\/\/help.unhcr.org\/mexico\/wp-json\/wp\/v2\/pages\/1143\/revisions\/7719"}],"up":[{"embeddable":true,"href":"https:\/\/help.unhcr.org\/mexico\/wp-json\/wp\/v2\/pages\/1089"}],"wp:attachment":[{"href":"https:\/\/help.unhcr.org\/mexico\/wp-json\/wp\/v2\/media?parent=1143"}],"curies":[{"name":"wp","href":"https:\/\/api.w.org\/{rel}","templated":true}]}}