{"id":1139,"date":"2020-06-16T23:04:21","date_gmt":"2020-06-16T23:04:21","guid":{"rendered":"http:\/\/help.unhcr.org\/mexico\/?page_id=1139"},"modified":"2026-03-26T16:09:56","modified_gmt":"2026-03-26T16:09:56","slug":"guadalajara","status":"publish","type":"page","link":"https:\/\/help.unhcr.org\/mexico\/donde-encontrar-ayuda\/mapas-de-servicios-2\/guadalajara\/","title":{"rendered":"Guadalajara"},"content":{"rendered":"\n<p>Si est\u00e1s en el \u00c1rea Metropolitana de Guadalajara, estado de Jalisco, nuestra ficha de servicios te ser\u00e1 de ayuda.<\/p>\n\n\n\n<p>ACNUR en colaboraci\u00f3n con socios y aliados han preparado la ficha que te muestra los principales servicios en la ciudad.<\/p>\n\n\n\n<p>\ud83d\udcf2\u00a0<a href=\"https:\/\/help.unhcr.org\/mexico\/wp-content\/uploads\/sites\/22\/2025\/07\/250605_Diptico-Servicios_GDL-.pdf\" data-type=\"link\" data-id=\"https:\/\/help.unhcr.org\/mexico\/wp-content\/uploads\/sites\/22\/2025\/07\/250605_Diptico-Servicios_GDL-.pdf\">Desc\u00e1rgala en tu tel\u00e9fono<\/a>\u00a0y ll\u00e9valo contigo.<\/p>\n\n\n\n<p> \ud83c\udf0e <a href=\"https:\/\/www.google.com\/maps\/d\/viewer?hl=es&amp;mid=1a44WrxHeCrUSW0NNM2zk8quhv8ACYf0&amp;ll=20.655465265530115%2C-103.34582515&amp;z=12\" data-type=\"link\" data-id=\"https:\/\/www.google.com\/maps\/d\/viewer?hl=es&amp;mid=1a44WrxHeCrUSW0NNM2zk8quhv8ACYf0&amp;ll=20.655465265530115%2C-103.34582515&amp;z=12\" target=\"_blank\" rel=\"noreferrer noopener\">Encuentra los servicios en\u00a0Google Maps<\/a><\/p>\n\n\n\n<p><a href=\"https:\/\/help.unhcr.org\/mexico\/donde-encontrar-ayuda\/mapas-de-servicios-2\/\" data-type=\"URL\" data-id=\"https:\/\/help.unhcr.org\/mexico\/donde-encontrar-ayuda\/mapas-de-servicios-2\/\">&lt;&lt; Mapas de servicios<\/a><\/p>\n","protected":false},"excerpt":{"rendered":"<p>Si est\u00e1s en el \u00c1rea Metropolitana de Guadalajara, estado de Jalisco, nuestra ficha de servicios te ser\u00e1 de ayuda. ACNUR en colaboraci\u00f3n con socios y aliados han preparado la ficha que te muestra los principales servicios en la ciudad. \ud83d\udcf2\u00a0Desc\u00e1rgala en tu tel\u00e9fono\u00a0y ll\u00e9valo contigo. \ud83c\udf0e Encuentra los servicios en\u00a0Google Maps &lt;&lt; Mapas de servicios<\/p>\n","protected":false},"author":1,"featured_media":0,"parent":1089,"menu_order":6,"comment_status":"closed","ping_status":"closed","template":"","meta":{"_acf_changed":false,"footnotes":""},"class_list":["post-1139","page","type-page","status-publish","hentry"],"acf":[],"_links":{"self":[{"href":"https:\/\/help.unhcr.org\/mexico\/wp-json\/wp\/v2\/pages\/1139","targetHints":{"allow":["GET"]}}],"collection":[{"href":"https:\/\/help.unhcr.org\/mexico\/wp-json\/wp\/v2\/pages"}],"about":[{"href":"https:\/\/help.unhcr.org\/mexico\/wp-json\/wp\/v2\/types\/page"}],"author":[{"embeddable":true,"href":"https:\/\/help.unhcr.org\/mexico\/wp-json\/wp\/v2\/users\/1"}],"replies":[{"embeddable":true,"href":"https:\/\/help.unhcr.org\/mexico\/wp-json\/wp\/v2\/comments?post=1139"}],"version-history":[{"count":16,"href":"https:\/\/help.unhcr.org\/mexico\/wp-json\/wp\/v2\/pages\/1139\/revisions"}],"predecessor-version":[{"id":7711,"href":"https:\/\/help.unhcr.org\/mexico\/wp-json\/wp\/v2\/pages\/1139\/revisions\/7711"}],"up":[{"embeddable":true,"href":"https:\/\/help.unhcr.org\/mexico\/wp-json\/wp\/v2\/pages\/1089"}],"wp:attachment":[{"href":"https:\/\/help.unhcr.org\/mexico\/wp-json\/wp\/v2\/media?parent=1139"}],"curies":[{"name":"wp","href":"https:\/\/api.w.org\/{rel}","templated":true}]}}