{"id":112,"date":"2018-01-23T15:40:56","date_gmt":"2018-01-23T15:40:56","guid":{"rendered":"http:\/\/help.unhcr.org\/mexico\/?page_id=112"},"modified":"2026-02-16T21:21:01","modified_gmt":"2026-02-16T21:21:01","slug":"como-solicitar-la-condicion-de-refugiado-en-mexico","status":"publish","type":"page","link":"https:\/\/help.unhcr.org\/mexico\/como-solicitar-la-condicion-de-refugiado-en-mexico\/","title":{"rendered":"\u00bfC\u00f3mo solicitar ser refugiado en M\u00e9xico?"},"content":{"rendered":"\n<p class=\"has-background\" style=\"background-color:#fdf799\">Si tienes miedo de regresar a tu pa\u00eds, puedes solicitar protecci\u00f3n como refugiado en M\u00e9xico ante la <a href=\"https:\/\/help.unhcr.org\/mexico\/donde-encontrar-ayuda\/contacta-a-la-comar\/\" data-type=\"link\" data-id=\"https:\/\/help.unhcr.org\/mexico\/donde-encontrar-ayuda\/contacta-a-la-comar\/\">Comisi\u00f3n Mexicana de Ayuda a Refugiados (COMAR)<\/a>. <strong>El proceso es gratuito y confidencial.<\/strong><\/p>\n\n\n<div class=\"wp-block-image wp-block-image aligncenter size-full is-resized\">\n<figure class=\"\"><a href=\"https:\/\/www.facebook.com\/ConfiaEnElJaguar\/videos\/274042984976741\" target=\"_blank\" rel=\"noopener noreferrer\"><img loading=\"lazy\" decoding=\"async\" width=\"783\" height=\"441\" src=\"https:\/\/help.unhcr.org\/mexico\/wp-content\/uploads\/sites\/22\/2023\/04\/230427_REFUGIO.png\" alt=\"\" class=\"wp-image-4861\" style=\"width:488px;height:auto\" srcset=\"https:\/\/help.unhcr.org\/mexico\/wp-content\/uploads\/sites\/22\/2023\/04\/230427_REFUGIO.png 783w, https:\/\/help.unhcr.org\/mexico\/wp-content\/uploads\/sites\/22\/2023\/04\/230427_REFUGIO-300x169.png 300w, https:\/\/help.unhcr.org\/mexico\/wp-content\/uploads\/sites\/22\/2023\/04\/230427_REFUGIO-768x433.png 768w\" sizes=\"auto, (max-width: 783px) 100vw, 783px\" \/><\/a><figcaption class=\"wp-element-caption\">Mira el video de El Jaguar<\/figcaption><\/figure><\/div>\n\n\n<h3 class=\"wp-block-heading has-black-color has-text-color has-background\" style=\"background-color:#cce2f3\">Paso 1: Presentar la solicitud<\/h3>\n\n\n\n<div class=\"wp-block-group\"><div class=\"wp-block-group__inner-container is-layout-flow wp-block-group-is-layout-flow\">\n<p>Ve a una oficina de la&nbsp;<strong><a href=\"https:\/\/help.unhcr.org\/mexico\/donde-encontrar-ayuda\/contacta-a-la-comar\/\" data-type=\"page\" data-id=\"1197\">Comisi\u00f3n Mexicana de Ayuda a Refugiados (COMAR)<\/a><\/strong>&nbsp;en los primeros&nbsp;<strong>30 d\u00edas h\u00e1biles<\/strong>&nbsp;despu\u00e9s de tu llegada.<\/p>\n\n\n\n<p>Si no pudiste ir en ese tiempo, habla con la autoridad y explica por qu\u00e9 no lo hiciste.<\/p>\n\n\n\n<p><strong>Puedes ir a una oficina de COMAR en estas ciudades:<\/strong><\/p>\n\n\n\n<ul class=\"wp-block-list\">\n<li>Ciudad de M\u00e9xico<\/li>\n\n\n\n<li>Tapachula y Palenque (Chiapas)<\/li>\n\n\n\n<li>Tenosique (Tabasco)<\/li>\n\n\n\n<li>Oluta (Veracruz)<\/li>\n\n\n\n<li>Guadalajara (Jalisco)<\/li>\n\n\n\n<li>Tijuana (Baja California)<\/li>\n\n\n\n<li>Saltillo (Coahuila)<\/li>\n\n\n\n<li>Monterrey (Nuevo Le\u00f3n)<\/li>\n<\/ul>\n\n\n\n<p>Si est\u00e1s en una <strong>estaci\u00f3n migratoria<\/strong> pide que te contacten con la COMAR y all\u00ed realiza tu solicitud.<\/p>\n\n\n\n<p>Si no hay oficina de COMAR donde est\u00e1s, ve a una oficina de regulaci\u00f3n migratoria del&nbsp;<strong>Instituto Nacional de Migraci\u00f3n (INM)<\/strong>.<\/p>\n\n\n\n<h3 class=\"wp-block-heading has-black-color has-text-color has-background\" style=\"background-color:#cce2f3\">Paso 2: Formulario<\/h3>\n\n\n\n<ul class=\"wp-block-list\">\n<li>Llenar\u00e1s un formulario.<br>En \u00e9l, explicar\u00e1s por qu\u00e9 saliste de tu pa\u00eds y por qu\u00e9 no puedes volver.<br>Si est\u00e1s con tu familia, agr\u00e9gala en tu solicitud.<br>Si tu familia est\u00e1 en tu pa\u00eds, dilo tambi\u00e9n.<\/li>\n\n\n\n<li>Te dar\u00e1n una&nbsp;<strong>CONSTANCIA<\/strong>.<br>Es un papel que muestra que ya empezaste tu tr\u00e1mite.<br><strong>\u00a1Guarda bien tu CONSTANCIA original!<\/strong><\/li>\n\n\n\n<li>Como solicitante de la condici\u00f3n de refugiado, tienes derecho a obtener la <a href=\"https:\/\/help.unhcr.org\/mexico\/2025\/07\/09\/tu-curp-temporal-siempre-vigente-un-documento-muy-importante-en-mexico\/\" data-type=\"link\" data-id=\"https:\/\/help.unhcr.org\/mexico\/2025\/07\/09\/tu-curp-temporal-siempre-vigente-un-documento-muy-importante-en-mexico\/\">Clave \u00danica de Registro de Poblaci\u00f3n (CURP) temporal<\/a>.<br>Este documento te ayuda a hacer tr\u00e1mites y usar servicios p\u00fablicos.<\/li>\n\n\n\n<li>Con tu CONSTANCIA, tienes derecho a tramitar en el INM tu Tarjeta de Visitante por Razones Humanitarias (TVRH).<br>Esta tarjeta te permite&nbsp;<strong>trabajar<\/strong>&nbsp;mientras esperas la respuesta.<\/li>\n\n\n\n<li>Tienes derecho a un&nbsp;<strong>abogado p\u00fablico<\/strong>&nbsp;durante todo el proceso.<\/li>\n<\/ul>\n\n\n\n<p>\u26a0\ufe0f&nbsp;<strong>Tienes derecho a no ser devuelto a tu pa\u00eds<\/strong>&nbsp;mientras se revisa tu solicitud.<\/p>\n<\/div><\/div>\n\n\n\n<h3 class=\"wp-block-heading has-black-color has-text-color has-background\" style=\"background-color:#cce2f3\">Paso 3: Entrevista<\/h3>\n\n\n\n<p><strong>La COMAR te har\u00e1 una entrevista.<\/strong><\/p>\n\n\n\n<ul class=\"wp-block-list\">\n<li>Te preguntar\u00e1n por qu\u00e9 saliste de tu pa\u00eds.<\/li>\n\n\n\n<li>Explica por qu\u00e9 no puedes o no quieres regresar.<\/li>\n\n\n\n<li>Da todos los detalles que puedas.<\/li>\n<\/ul>\n\n\n\n<p><strong>Si tienes documentos o informaci\u00f3n sobre tu caso, pres\u00e9ntalos.<\/strong><br>Pero&nbsp;<strong>no necesitas pruebas<\/strong>&nbsp;de lo que pas\u00f3 en tu pa\u00eds.<\/p>\n\n\n\n<p><strong>La entrevista ser\u00e1 individual.<\/strong><br>Puedes elegir si quieres que te entreviste un hombre o una mujer.<\/p>\n\n\n\n<p>\ud83d\udde3\ufe0f\u00a0<strong>Si no hablas espa\u00f1ol, tienes derecho a un int\u00e9rprete o traductor.<\/strong><\/p>\n\n\n\n<h3 class=\"wp-block-heading has-black-color has-text-color has-background\" style=\"background-color:#cce2f3\">Paso 4: Resoluci\u00f3n de la solicitud<\/h3>\n\n\n\n<p>\u2705&nbsp;<strong>Si tu solicitud es aceptada:<\/strong><\/p>\n\n\n\n<ul class=\"wp-block-list\">\n<li>La&nbsp;<strong>COMAR<\/strong>&nbsp;te dir\u00e1 que vayas al&nbsp;<strong>INM<\/strong>&nbsp;para tramitar tu&nbsp;<strong>residencia permanente<\/strong>&nbsp;en M\u00e9xico como persona refugiada.<\/li>\n\n\n\n<li>Tu familia tambi\u00e9n ser\u00e1 reconocida como refugiada si est\u00e1 incluida en tu solicitud.<\/li>\n<\/ul>\n\n\n\n<hr class=\"wp-block-separator has-alpha-channel-opacity\" \/>\n\n\n\n<p>\u274c&nbsp;<strong>Si tu solicitud es rechazada:<\/strong><\/p>\n\n\n\n<ul class=\"wp-block-list\">\n<li>Puedes&nbsp;<strong>apelar<\/strong>&nbsp;(pedir que revisen tu caso otra vez).<\/li>\n\n\n\n<li>Tienes&nbsp;<strong>15 d\u00edas h\u00e1biles<\/strong>&nbsp;para hacerlo (de lunes a viernes, sin contar d\u00edas festivos).<\/li>\n\n\n\n<li>La&nbsp;<strong>COMAR<\/strong>&nbsp;revisar\u00e1 tu caso por segunda vez. <\/li>\n\n\n\n<li>Si no tienes abogado, puedes ir a una oficina del&nbsp;<strong>Instituto Federal de la Defensor\u00eda P\u00fablica<\/strong>.<\/li>\n<\/ul>\n\n\n\n<hr class=\"wp-block-separator has-alpha-channel-opacity\" \/>\n\n\n\n<p>\ud83d\uded1\u00a0<strong>Si la COMAR rechaza tu caso otra vez:<\/strong><\/p>\n\n\n\n<p>Tienes derecho a recibir&nbsp;<strong>asesor\u00eda legal<\/strong>&nbsp;para seguir con tu apelaci\u00f3n ante un juez.<\/p>\n\n\n\n<hr class=\"wp-block-separator has-alpha-channel-opacity\" \/>\n\n\n\n<p>\ud83d\udd01\u00a0<strong>Si no quieres una segunda revisi\u00f3n:<\/strong><\/p>\n\n\n\n<ul class=\"wp-block-list\">\n<li>Puedes&nbsp;<strong>regresar a tu pa\u00eds<\/strong>&nbsp;si as\u00ed lo decides.<\/li>\n<\/ul>\n\n\n\n<p class=\"has-background has-medium-font-size\" style=\"background-color:#fdf799\"><strong>Tus obligaciones durante el procedimiento:<\/strong><\/p>\n\n\n\n<ul class=\"wp-block-list\">\n<li><strong>Ir a firmar<\/strong>&nbsp;(Registrar tu visita) los d\u00edas que te indiquen en la <a href=\"https:\/\/help.unhcr.org\/mexico\/donde-encontrar-ayuda\/contacta-a-la-comar\/\" data-type=\"link\" data-id=\"https:\/\/help.unhcr.org\/mexico\/donde-encontrar-ayuda\/contacta-a-la-comar\/\">oficina de COMAR<\/a>&nbsp;o del&nbsp;<strong>INM<\/strong>, seg\u00fan donde empezaste tu tr\u00e1mite.<\/li>\n\n\n\n<li><strong>Quedarte en el estado<\/strong>&nbsp;donde hiciste tu solicitud.<br>Si necesitas trasladarte a otro estado,&nbsp;<strong>debes solicitar autorizaci\u00f3n a COMAR<\/strong>.<br>Si te trasladas sin permiso,&nbsp;<strong>tu caso se da por abandonado<\/strong>.<\/li>\n\n\n\n<li><strong>Ir a todas las entrevistas<\/strong>&nbsp;que COMAR te pida.<\/li>\n<\/ul>\n\n\n\n<p>\u2139\ufe0f Encuentra esta informaci\u00f3n en nuestra <a href=\"https:\/\/help.unhcr.org\/mexico\/wp-content\/uploads\/sites\/22\/2025\/07\/2025_Procedimiento-Solicitud-Condicion-Refugiado_Mexico_UNHCR.pdf\" data-type=\"link\" data-id=\"https:\/\/help.unhcr.org\/mexico\/wp-content\/uploads\/sites\/22\/2025\/07\/2025_Procedimiento-Solicitud-Condicion-Refugiado_Mexico_UNHCR.pdf\">postal de procedimiento<\/a> de la solicitud de la condici\u00f3n de refugiado.<\/p>\n\n\n\n<p>Si necesitas m\u00e1s informaci\u00f3n, contacta al ACNUR desde todo M\u00e9xico:<\/p>\n\n\n\n<p>\ud83d\udcde\u00a0<strong>Tel\u00e9fonos gratuitos:<\/strong>\u00a0<a href=\"tel:+528002268769\">800 226 8769<\/a>\u00a0o al\u00a0<a href=\"tel:+528002832718\">800 283 2718<\/a>\u00a0<em>(Fuera de M\u00e9xico marca antes +52)<\/em><br>\ud83d\udcf1\u00a0<strong>WhatsApp:<\/strong>\u00a0<a href=\"https:\/\/wa.me\/+525570055950\">+52 55 7005 5950<\/a>\u00a0y\u00a0<a href=\"https:\/\/wa.me\/+525525352950\">+52 55 2535 2950<\/a><br>\ud83d\udce7\u00a0<strong>Correo electr\u00f3nico:<\/strong>\u00a0<a href=\"mailto:mexmeatencion@unhcr.org\" target=\"_blank\" rel=\"noreferrer noopener\">mexmeatencion@unhcr.org<\/a><\/p>\n\n\n\n<p>Puedes tambi\u00e9n preguntar a <strong>El Jaguar<\/strong> en su <a href=\"https:\/\/www.facebook.com\/ConfiaEnElJaguar\/\" data-type=\"link\" data-id=\"https:\/\/www.facebook.com\/ConfiaEnElJaguar\/\" target=\"_blank\" rel=\"noreferrer noopener\">p\u00e1gina de Facebook.<\/a><\/p>\n\n\n\n<p><a href=\"https:\/\/help.unhcr.org\/mexico\/\" data-type=\"URL\" data-id=\"https:\/\/help.unhcr.org\/mexico\/\">&lt;&lt; P\u00e1gina de inicio<\/a><\/p>\n\n\n\n<p><\/p>\n","protected":false},"excerpt":{"rendered":"<p>Si tienes miedo de regresar a tu pa\u00eds, puedes solicitar protecci\u00f3n como refugiado en M\u00e9xico ante la Comisi\u00f3n Mexicana de Ayuda a Refugiados (COMAR). El proceso es gratuito y confidencial. Paso 1: Presentar la solicitud Ve a una oficina de la&nbsp;Comisi\u00f3n Mexicana de Ayuda a Refugiados (COMAR)&nbsp;en los primeros&nbsp;30 d\u00edas h\u00e1biles&nbsp;despu\u00e9s de tu llegada. Si [&hellip;]<\/p>\n","protected":false},"author":1,"featured_media":0,"parent":0,"menu_order":3,"comment_status":"closed","ping_status":"closed","template":"","meta":{"_acf_changed":false,"footnotes":""},"class_list":["post-112","page","type-page","status-publish","hentry"],"acf":[],"_links":{"self":[{"href":"https:\/\/help.unhcr.org\/mexico\/wp-json\/wp\/v2\/pages\/112","targetHints":{"allow":["GET"]}}],"collection":[{"href":"https:\/\/help.unhcr.org\/mexico\/wp-json\/wp\/v2\/pages"}],"about":[{"href":"https:\/\/help.unhcr.org\/mexico\/wp-json\/wp\/v2\/types\/page"}],"author":[{"embeddable":true,"href":"https:\/\/help.unhcr.org\/mexico\/wp-json\/wp\/v2\/users\/1"}],"replies":[{"embeddable":true,"href":"https:\/\/help.unhcr.org\/mexico\/wp-json\/wp\/v2\/comments?post=112"}],"version-history":[{"count":108,"href":"https:\/\/help.unhcr.org\/mexico\/wp-json\/wp\/v2\/pages\/112\/revisions"}],"predecessor-version":[{"id":7531,"href":"https:\/\/help.unhcr.org\/mexico\/wp-json\/wp\/v2\/pages\/112\/revisions\/7531"}],"wp:attachment":[{"href":"https:\/\/help.unhcr.org\/mexico\/wp-json\/wp\/v2\/media?parent=112"}],"curies":[{"name":"wp","href":"https:\/\/api.w.org\/{rel}","templated":true}]}}