{"id":1119,"date":"2020-06-16T22:55:50","date_gmt":"2020-06-16T22:55:50","guid":{"rendered":"http:\/\/help.unhcr.org\/mexico\/?page_id=1119"},"modified":"2026-03-26T16:33:17","modified_gmt":"2026-03-26T16:33:17","slug":"mapa-queretaro","status":"publish","type":"page","link":"https:\/\/help.unhcr.org\/mexico\/donde-encontrar-ayuda\/mapas-de-servicios-2\/mapa-queretaro\/","title":{"rendered":"Quer\u00e9taro"},"content":{"rendered":"\n<p>Si est\u00e1s en Quer\u00e9taro, estado de Quer\u00e9taro, nuestra ficha de servicios te ser\u00e1 de ayuda.<\/p>\n\n\n\n<p>ACNUR en colaboraci\u00f3n con socios y aliados han preparado la ficha que te muestra los principales servicios en la ciudad.<\/p>\n\n\n\n<p>\ud83d\udcf2\u00a0<a href=\"https:\/\/help.unhcr.org\/mexico\/wp-content\/uploads\/sites\/22\/2025\/07\/240322_Diptico-Servicios_QRO.pdf\" data-type=\"link\" data-id=\"https:\/\/help.unhcr.org\/mexico\/wp-content\/uploads\/sites\/22\/2025\/07\/240322_Diptico-Servicios_QRO.pdf\">Desc\u00e1rgala en tu tel\u00e9fono<\/a>\u00a0y ll\u00e9valo contigo.<\/p>\n\n\n\n<p>\ud83c\udf0e Encuentra los servicios en\u00a0<a href=\"https:\/\/www.google.com\/maps\/d\/u\/0\/viewer?mid=1aXMCuPOLpHO_B_X7Ohp5-FdNU6L3sspI&amp;ll=20.591822453252778%2C-100.31743780000001&amp;z=12\" data-type=\"link\" data-id=\"https:\/\/www.google.com\/maps\/d\/u\/0\/viewer?mid=1aXMCuPOLpHO_B_X7Ohp5-FdNU6L3sspI&amp;ll=20.591822453252778%2C-100.31743780000001&amp;z=12\" target=\"_blank\" rel=\"noreferrer noopener\">Google Maps<\/a><\/p>\n\n\n\n<p><a href=\"https:\/\/help.unhcr.org\/mexico\/donde-encontrar-ayuda\/mapas-de-servicios-2\/\">&lt;&lt; Mapas de servicios<\/a><\/p>\n","protected":false},"excerpt":{"rendered":"<p>Si est\u00e1s en Quer\u00e9taro, estado de Quer\u00e9taro, nuestra ficha de servicios te ser\u00e1 de ayuda. ACNUR en colaboraci\u00f3n con socios y aliados han preparado la ficha que te muestra los principales servicios en la ciudad. \ud83d\udcf2\u00a0Desc\u00e1rgala en tu tel\u00e9fono\u00a0y ll\u00e9valo contigo. \ud83c\udf0e Encuentra los servicios en\u00a0Google Maps &lt;&lt; Mapas de servicios<\/p>\n","protected":false},"author":1,"featured_media":0,"parent":1089,"menu_order":13,"comment_status":"closed","ping_status":"closed","template":"","meta":{"_acf_changed":false,"footnotes":""},"class_list":["post-1119","page","type-page","status-publish","hentry"],"acf":[],"_links":{"self":[{"href":"https:\/\/help.unhcr.org\/mexico\/wp-json\/wp\/v2\/pages\/1119","targetHints":{"allow":["GET"]}}],"collection":[{"href":"https:\/\/help.unhcr.org\/mexico\/wp-json\/wp\/v2\/pages"}],"about":[{"href":"https:\/\/help.unhcr.org\/mexico\/wp-json\/wp\/v2\/types\/page"}],"author":[{"embeddable":true,"href":"https:\/\/help.unhcr.org\/mexico\/wp-json\/wp\/v2\/users\/1"}],"replies":[{"embeddable":true,"href":"https:\/\/help.unhcr.org\/mexico\/wp-json\/wp\/v2\/comments?post=1119"}],"version-history":[{"count":15,"href":"https:\/\/help.unhcr.org\/mexico\/wp-json\/wp\/v2\/pages\/1119\/revisions"}],"predecessor-version":[{"id":7743,"href":"https:\/\/help.unhcr.org\/mexico\/wp-json\/wp\/v2\/pages\/1119\/revisions\/7743"}],"up":[{"embeddable":true,"href":"https:\/\/help.unhcr.org\/mexico\/wp-json\/wp\/v2\/pages\/1089"}],"wp:attachment":[{"href":"https:\/\/help.unhcr.org\/mexico\/wp-json\/wp\/v2\/media?parent=1119"}],"curies":[{"name":"wp","href":"https:\/\/api.w.org\/{rel}","templated":true}]}}