{"id":1101,"date":"2020-06-16T21:42:30","date_gmt":"2020-06-16T21:42:30","guid":{"rendered":"http:\/\/help.unhcr.org\/mexico\/?page_id=1101"},"modified":"2026-03-26T16:04:42","modified_gmt":"2026-03-26T16:04:42","slug":"ciudad-de-mexico","status":"publish","type":"page","link":"https:\/\/help.unhcr.org\/mexico\/donde-encontrar-ayuda\/mapas-de-servicios-2\/ciudad-de-mexico\/","title":{"rendered":"Ciudad de M\u00e9xico"},"content":{"rendered":"\n<p><strong>Estamos actualizando<\/strong> nuestra ficha de servicios en la Ciudad de M\u00e9xico. <\/p>\n\n\n\n<p>Si necesitas informaci\u00f3n sobre los servicios en la ciudad, comun\u00edcate con ACNUR:<\/p>\n\n\n\n<p>\ud83d\udcde\u00a0<strong>Llama gratis:<\/strong>\u00a0<a href=\"tel:8002268769\">800 226 8769<\/a>\u00a0o al\u00a0<a href=\"tel:8002832718\">800 283 2718<\/a>.<\/p>\n\n\n\n<p>\ud83d\udcf1\u00a0<strong>WhatsApp:<\/strong>\u00a0<a href=\"https:\/\/wa.me\/+525570055950\">+52 55 7005 5950<\/a>\u00a0y\u00a0<a href=\"https:\/\/wa.me\/+525525352950\">+52 55 2535 2950<\/a>.<\/p>\n\n\n\n<p><a href=\"https:\/\/help.unhcr.org\/mexico\/donde-encontrar-ayuda\/mapas-de-servicios-2\/\" data-type=\"URL\" data-id=\"https:\/\/help.unhcr.org\/mexico\/donde-encontrar-ayuda\/mapas-de-servicios-2\/\">&lt;&lt; Mapas de servicios<\/a><\/p>\n\n\n\n<p><\/p>\n","protected":false},"excerpt":{"rendered":"<p>Estamos actualizando nuestra ficha de servicios en la Ciudad de M\u00e9xico. Si necesitas informaci\u00f3n sobre los servicios en la ciudad, comun\u00edcate con ACNUR: \ud83d\udcde\u00a0Llama gratis:\u00a0800 226 8769\u00a0o al\u00a0800 283 2718. \ud83d\udcf1\u00a0WhatsApp:\u00a0+52 55 7005 5950\u00a0y\u00a0+52 55 2535 2950. &lt;&lt; Mapas de servicios<\/p>\n","protected":false},"author":1,"featured_media":0,"parent":1089,"menu_order":3,"comment_status":"closed","ping_status":"closed","template":"","meta":{"_acf_changed":false,"footnotes":""},"class_list":["post-1101","page","type-page","status-publish","hentry"],"acf":[],"_links":{"self":[{"href":"https:\/\/help.unhcr.org\/mexico\/wp-json\/wp\/v2\/pages\/1101","targetHints":{"allow":["GET"]}}],"collection":[{"href":"https:\/\/help.unhcr.org\/mexico\/wp-json\/wp\/v2\/pages"}],"about":[{"href":"https:\/\/help.unhcr.org\/mexico\/wp-json\/wp\/v2\/types\/page"}],"author":[{"embeddable":true,"href":"https:\/\/help.unhcr.org\/mexico\/wp-json\/wp\/v2\/users\/1"}],"replies":[{"embeddable":true,"href":"https:\/\/help.unhcr.org\/mexico\/wp-json\/wp\/v2\/comments?post=1101"}],"version-history":[{"count":17,"href":"https:\/\/help.unhcr.org\/mexico\/wp-json\/wp\/v2\/pages\/1101\/revisions"}],"predecessor-version":[{"id":7700,"href":"https:\/\/help.unhcr.org\/mexico\/wp-json\/wp\/v2\/pages\/1101\/revisions\/7700"}],"up":[{"embeddable":true,"href":"https:\/\/help.unhcr.org\/mexico\/wp-json\/wp\/v2\/pages\/1089"}],"wp:attachment":[{"href":"https:\/\/help.unhcr.org\/mexico\/wp-json\/wp\/v2\/media?parent=1101"}],"curies":[{"name":"wp","href":"https:\/\/api.w.org\/{rel}","templated":true}]}}