{"id":110,"date":"2018-01-23T15:33:34","date_gmt":"2018-01-23T15:33:34","guid":{"rendered":"http:\/\/help.unhcr.org\/mexico\/?page_id=110"},"modified":"2026-02-16T21:16:51","modified_gmt":"2026-02-16T21:16:51","slug":"quien-es-una-persona-refugiada","status":"publish","type":"page","link":"https:\/\/help.unhcr.org\/mexico\/quien-es-una-persona-refugiada\/","title":{"rendered":"\u00bfQui\u00e9n es una persona refugiada?"},"content":{"rendered":"\n<p>Una persona refugiada es alguien que <strong>tuvo que salir de su pa\u00eds<\/strong> porque corr\u00eda peligro. Esto puede pasar por:<\/p>\n\n\n\n<ul class=\"wp-block-list\">\n<li><strong>Guerra<\/strong><\/li>\n\n\n\n<li><strong>Violencia<\/strong><\/li>\n\n\n\n<li><strong>Persecuci\u00f3n<\/strong><\/li>\n<\/ul>\n\n\n\n<p class=\"has-text-align-left has-black-color has-text-color has-background has-link-color wp-elements-2f0d63bfb38c77bca0ec3cf3194cd728\" style=\"background-color:#fdf799\">\u26a0\ufe0f Si tienes miedo de volver a tu pa\u00eds porque tu vida est\u00e1 en peligro, podr\u00edas ser una persona refugiada.<\/p>\n\n\n\n<p>\u2705 <strong>Seg\u00fan la Ley en M\u00e9xico, eres refugiado si:<\/strong><\/p>\n\n\n\n<ul class=\"wp-block-list\">\n<li>Tienes <strong>miedo de ser perseguido<\/strong> por tu raza, religi\u00f3n, nacionalidad, g\u00e9nero, ideas pol\u00edticas o por pertenecer a un grupo social.<\/li>\n\n\n\n<li>Est\u00e1s <strong>fuera de tu pa\u00eds<\/strong> y no tienes protecci\u00f3n de tu gobierno.<\/li>\n\n\n\n<li>Tu vida, seguridad o libertad est\u00e1n en peligro por:\n<ul class=\"wp-block-list\">\n<li>Violencia generalizada<\/li>\n\n\n\n<li>Conflictos armados<\/li>\n\n\n\n<li>Violaciones graves de derechos humanos<\/li>\n\n\n\n<li>Situaciones que rompen el orden p\u00fablico<\/li>\n<\/ul>\n<\/li>\n<\/ul>\n\n\n\n<hr class=\"wp-block-separator has-alpha-channel-opacity\" \/>\n\n\n\n<p>\u26a0\ufe0f <strong>Ejemplos de riesgos:<\/strong><\/p>\n\n\n\n<ul class=\"wp-block-list\">\n<li><strong>Extorsi\u00f3n, amenazas, golpes o violencia sexual<\/strong> por parte de pandillas o grupos armados:\n<ul class=\"wp-block-list\">\n<li>Por negarte a colaborar<\/li>\n\n\n\n<li>Por no pagar \u201cderecho de piso\u201d<\/li>\n\n\n\n<li>Por no aceptar ser pareja de alguien del grupo<\/li>\n\n\n\n<li>Por ser testigo de un delito<\/li>\n<\/ul>\n<\/li>\n\n\n\n<li><strong>Discriminaci\u00f3n o agresiones<\/strong> por tu religi\u00f3n, ideas pol\u00edticas, nacionalidad o etnia.<\/li>\n\n\n\n<li><strong>Violencia f\u00edsica o sexual<\/strong> por tu identidad de g\u00e9nero u orientaci\u00f3n sexual (personas LGBTIQ).<\/li>\n\n\n\n<li><strong>Violencia familiar<\/strong> (pareja, ex pareja, familiares).<\/li>\n\n\n\n<li><strong>Despojo de casa, tierra o bienes<\/strong>.<\/li>\n\n\n\n<li><strong>Obligaci\u00f3n a prostituirse o casarse contra tu voluntad<\/strong>.<\/li>\n\n\n\n<li><strong>Conflictos armados o violencia grave en tu comunidad<\/strong>.<\/li>\n<\/ul>\n\n\n\n<hr class=\"wp-block-separator has-alpha-channel-opacity\" \/>\n\n\n\n<p>\u2139\ufe0f <strong>\u00bfQui\u00e9n puede ayudarte en M\u00e9xico?<\/strong><\/p>\n\n\n\n<ul class=\"wp-block-list\">\n<li><strong>COMAR<\/strong>: <a href=\"https:\/\/help.unhcr.org\/mexico\/donde-encontrar-ayuda\/contacta-a-la-comar\/\" data-type=\"page\" data-id=\"1197\">Comisi\u00f3n Mexicana de Ayuda a Refugiados <\/a>(tramita las solicitudes de la condici\u00f3n de refugiado).<\/li>\n\n\n\n<li><strong>ACNUR<\/strong>: Si eres refugiado, crees serlo o necesitas informaci\u00f3n, <strong>contacta a ACNUR desde cualquier parte de M\u00e9xico<\/strong>:<\/li>\n<\/ul>\n\n\n\n<p>\ud83d\udcde\u00a0<strong>Tel\u00e9fonos gratuitos:<\/strong>\u00a0<a href=\"tel:+528002268769\">800 226 8769<\/a>\u00a0o al\u00a0<a href=\"tel:+528002832718\">800 283 2718<\/a>\u00a0<em>(Fuera de M\u00e9xico marca antes +52)<\/em><br>\ud83d\udcf1\u00a0<strong>WhatsApp:<\/strong>\u00a0<a href=\"https:\/\/wa.me\/+525570055950\">+52 55 7005 5950<\/a>\u00a0y\u00a0<a href=\"https:\/\/wa.me\/+525525352950\">+52 55 2535 2950<\/a><br>\ud83d\udce7\u00a0<strong>Correo electr\u00f3nico:<\/strong>\u00a0<a href=\"mailto:mexmeatencion@unhcr.org\" target=\"_blank\" rel=\"noreferrer noopener\">mexmeatencion@unhcr.org<\/a><\/p>\n\n\n\n<p>En Facebook tambi\u00e9n nos encuentras como <a href=\"https:\/\/www.facebook.com\/ConfiaEnElJaguar\/\" data-type=\"link\" data-id=\"https:\/\/www.facebook.com\/ConfiaEnElJaguar\/\" target=\"_blank\" rel=\"noreferrer noopener\">@Conf\u00edaEnElJaguar<\/a><\/p>\n\n\n\n<p><a href=\"https:\/\/help.unhcr.org\/mexico\/\">&lt;&lt; P\u00e1gina de inicio<\/a><\/p>\n\n\n\n<p><\/p>\n","protected":false},"excerpt":{"rendered":"<p>Una persona refugiada es alguien que tuvo que salir de su pa\u00eds porque corr\u00eda peligro. Esto puede pasar por: \u26a0\ufe0f Si tienes miedo de volver a tu pa\u00eds porque tu vida est\u00e1 en peligro, podr\u00edas ser una persona refugiada. \u2705 Seg\u00fan la Ley en M\u00e9xico, eres refugiado si: \u26a0\ufe0f Ejemplos de riesgos: \u2139\ufe0f \u00bfQui\u00e9n puede [&hellip;]<\/p>\n","protected":false},"author":1,"featured_media":0,"parent":0,"menu_order":2,"comment_status":"closed","ping_status":"closed","template":"","meta":{"_acf_changed":false,"footnotes":""},"class_list":["post-110","page","type-page","status-publish","hentry"],"acf":[],"_links":{"self":[{"href":"https:\/\/help.unhcr.org\/mexico\/wp-json\/wp\/v2\/pages\/110","targetHints":{"allow":["GET"]}}],"collection":[{"href":"https:\/\/help.unhcr.org\/mexico\/wp-json\/wp\/v2\/pages"}],"about":[{"href":"https:\/\/help.unhcr.org\/mexico\/wp-json\/wp\/v2\/types\/page"}],"author":[{"embeddable":true,"href":"https:\/\/help.unhcr.org\/mexico\/wp-json\/wp\/v2\/users\/1"}],"replies":[{"embeddable":true,"href":"https:\/\/help.unhcr.org\/mexico\/wp-json\/wp\/v2\/comments?post=110"}],"version-history":[{"count":49,"href":"https:\/\/help.unhcr.org\/mexico\/wp-json\/wp\/v2\/pages\/110\/revisions"}],"predecessor-version":[{"id":7528,"href":"https:\/\/help.unhcr.org\/mexico\/wp-json\/wp\/v2\/pages\/110\/revisions\/7528"}],"wp:attachment":[{"href":"https:\/\/help.unhcr.org\/mexico\/wp-json\/wp\/v2\/media?parent=110"}],"curies":[{"name":"wp","href":"https:\/\/api.w.org\/{rel}","templated":true}]}}