{"id":1096,"date":"2020-06-16T21:39:44","date_gmt":"2020-06-16T21:39:44","guid":{"rendered":"http:\/\/help.unhcr.org\/mexico\/?page_id=1096"},"modified":"2026-03-26T15:48:44","modified_gmt":"2026-03-26T15:48:44","slug":"acayucan-oluta","status":"publish","type":"page","link":"https:\/\/help.unhcr.org\/mexico\/donde-encontrar-ayuda\/mapas-de-servicios-2\/acayucan-oluta\/","title":{"rendered":"Acayucan &#8211; Oluta"},"content":{"rendered":"\n<p>Si est\u00e1s en Acayucan u Oluta, estado de Veracruz, nuestro mapa te ser\u00e1 de ayuda. <\/p>\n\n\n\n<p>ACNUR en colaboraci\u00f3n con socios y aliados han preparado el mapa que te muestra los principales servicios en la ciudad.<\/p>\n\n\n\n<p>\ud83c\udf0e <a href=\"https:\/\/www.google.com\/maps\/d\/viewer?mid=1ReuxGm38sXKoLTjoUUKVrPxHWBIDSmQ&amp;ll=17.939396251806226%2C-94.90732555000001&amp;z=15\" data-type=\"link\" data-id=\"https:\/\/www.google.com\/maps\/d\/viewer?mid=1ReuxGm38sXKoLTjoUUKVrPxHWBIDSmQ&amp;ll=17.939396251806226%2C-94.90732555000001&amp;z=15\" target=\"_blank\" rel=\"noreferrer noopener\">Encuentra los servicios en Google Maps<\/a><\/p>\n\n\n\n<p><a href=\"https:\/\/help.unhcr.org\/mexico\/donde-encontrar-ayuda\/mapas-de-servicios-2\/\" data-type=\"URL\" data-id=\"https:\/\/help.unhcr.org\/mexico\/donde-encontrar-ayuda\/mapas-de-servicios-2\/\">&lt;&lt; Mapas de servicios<\/a><\/p>\n\n\n\n<p><\/p>\n","protected":false},"excerpt":{"rendered":"<p>Si est\u00e1s en Acayucan u Oluta, estado de Veracruz, nuestro mapa te ser\u00e1 de ayuda. ACNUR en colaboraci\u00f3n con socios y aliados han preparado el mapa que te muestra los principales servicios en la ciudad. \ud83c\udf0e Encuentra los servicios en Google Maps &lt;&lt; Mapas de servicios<\/p>\n","protected":false},"author":1,"featured_media":0,"parent":1089,"menu_order":0,"comment_status":"closed","ping_status":"closed","template":"","meta":{"_acf_changed":false,"footnotes":""},"class_list":["post-1096","page","type-page","status-publish","hentry"],"acf":[],"_links":{"self":[{"href":"https:\/\/help.unhcr.org\/mexico\/wp-json\/wp\/v2\/pages\/1096","targetHints":{"allow":["GET"]}}],"collection":[{"href":"https:\/\/help.unhcr.org\/mexico\/wp-json\/wp\/v2\/pages"}],"about":[{"href":"https:\/\/help.unhcr.org\/mexico\/wp-json\/wp\/v2\/types\/page"}],"author":[{"embeddable":true,"href":"https:\/\/help.unhcr.org\/mexico\/wp-json\/wp\/v2\/users\/1"}],"replies":[{"embeddable":true,"href":"https:\/\/help.unhcr.org\/mexico\/wp-json\/wp\/v2\/comments?post=1096"}],"version-history":[{"count":26,"href":"https:\/\/help.unhcr.org\/mexico\/wp-json\/wp\/v2\/pages\/1096\/revisions"}],"predecessor-version":[{"id":7684,"href":"https:\/\/help.unhcr.org\/mexico\/wp-json\/wp\/v2\/pages\/1096\/revisions\/7684"}],"up":[{"embeddable":true,"href":"https:\/\/help.unhcr.org\/mexico\/wp-json\/wp\/v2\/pages\/1089"}],"wp:attachment":[{"href":"https:\/\/help.unhcr.org\/mexico\/wp-json\/wp\/v2\/media?parent=1096"}],"curies":[{"name":"wp","href":"https:\/\/api.w.org\/{rel}","templated":true}]}}