{"id":1089,"date":"2020-06-16T21:32:42","date_gmt":"2020-06-16T21:32:42","guid":{"rendered":"http:\/\/help.unhcr.org\/mexico\/?page_id=1089"},"modified":"2025-07-02T22:02:10","modified_gmt":"2025-07-02T22:02:10","slug":"mapas-de-servicios-2","status":"publish","type":"page","link":"https:\/\/help.unhcr.org\/mexico\/donde-encontrar-ayuda\/mapas-de-servicios-2\/","title":{"rendered":"Mapas de servicios"},"content":{"rendered":"\n<p>\u00bfVas a M\u00e9xico o te encuentras en alguna ciudad de M\u00e9xico? ACNUR en colaboraci\u00f3n con socios y aliados han preparado estos mapas que muestran la ubicaci\u00f3n de los principales servicios de diversas ciudades y que esperamos sea de utilidad para tu mejor integraci\u00f3n en la comunidad.<\/p>\n\n\n\n<p>Si quieres incluir un servicio o reportar alg\u00fan cambio escribe a <a href=\"mailto:mexmeatencion@unhcr.org\">mexmeatencion@unhcr.org<\/a> <\/p>\n","protected":false},"excerpt":{"rendered":"<p>\u00bfVas a M\u00e9xico o te encuentras en alguna ciudad de M\u00e9xico? ACNUR en colaboraci\u00f3n con socios y aliados han preparado estos mapas que muestran la ubicaci\u00f3n de los principales servicios de diversas ciudades y que esperamos sea de utilidad para tu mejor integraci\u00f3n en la comunidad. Si quieres incluir un servicio o reportar alg\u00fan cambio [&hellip;]<\/p>\n","protected":false},"author":1,"featured_media":0,"parent":14,"menu_order":3,"comment_status":"closed","ping_status":"closed","template":"page-templates\/listing_page.php","meta":{"_acf_changed":false,"footnotes":""},"class_list":["post-1089","page","type-page","status-publish","hentry"],"acf":[],"_links":{"self":[{"href":"https:\/\/help.unhcr.org\/mexico\/wp-json\/wp\/v2\/pages\/1089","targetHints":{"allow":["GET"]}}],"collection":[{"href":"https:\/\/help.unhcr.org\/mexico\/wp-json\/wp\/v2\/pages"}],"about":[{"href":"https:\/\/help.unhcr.org\/mexico\/wp-json\/wp\/v2\/types\/page"}],"author":[{"embeddable":true,"href":"https:\/\/help.unhcr.org\/mexico\/wp-json\/wp\/v2\/users\/1"}],"replies":[{"embeddable":true,"href":"https:\/\/help.unhcr.org\/mexico\/wp-json\/wp\/v2\/comments?post=1089"}],"version-history":[{"count":8,"href":"https:\/\/help.unhcr.org\/mexico\/wp-json\/wp\/v2\/pages\/1089\/revisions"}],"predecessor-version":[{"id":6253,"href":"https:\/\/help.unhcr.org\/mexico\/wp-json\/wp\/v2\/pages\/1089\/revisions\/6253"}],"up":[{"embeddable":true,"href":"https:\/\/help.unhcr.org\/mexico\/wp-json\/wp\/v2\/pages\/14"}],"wp:attachment":[{"href":"https:\/\/help.unhcr.org\/mexico\/wp-json\/wp\/v2\/media?parent=1089"}],"curies":[{"name":"wp","href":"https:\/\/api.w.org\/{rel}","templated":true}]}}