{"id":7575,"date":"2025-12-10T19:05:05","date_gmt":"2025-12-10T19:05:05","guid":{"rendered":"https:\/\/help.unhcr.org\/mexico\/naturalizacion\/consejos-y-recursos\/"},"modified":"2026-03-11T15:35:32","modified_gmt":"2026-03-11T15:35:32","slug":"consejos-y-recursos","status":"publish","type":"page","link":"https:\/\/help.unhcr.org\/mexico\/ht\/naturalizacion\/consejos-y-recursos\/","title":{"rendered":"Kons\u00e8y ak resous"},"content":{"rendered":"\n<p class=\"has-background\" style=\"background-color:#cce2f3\">\u2705 <strong><strong>Pa bliye 5 rek\u00f2mandasyon sa yo<\/strong><\/strong><\/p>\n\n\n\n<ol start=\"1\" class=\"wp-block-list\">\n<li><strong>Dokiman:<\/strong>\u00a0Mache av\u00e8k <strong>orijinal<\/strong> epi <strong>2 kopi<\/strong> chak dokiman yo.<\/li>\n\n\n\n<li><strong>Pasp\u00f2 oswa Dokiman idantite ak vwayaj (DIV):<\/strong>\u00a0Mache av\u00e8k <strong>orijinal<\/strong> epi <strong>2 kopi<\/strong> paj kouv\u00e8ti <strong>ak tout paj pasp\u00f2<\/strong> a ou byen dokiman idantite ak vwajay la.<\/li>\n\n\n\n<li><strong>P\u00e8yman:<\/strong>\u00a0Ou dwe f\u00e8 p\u00e8yman an an <strong>peso meksiken<\/strong> e se <strong>s\u00e8lman nan bank<\/strong> w ap ka f\u00e8 l.<\/li>\n\n\n\n<li><strong>Dire p\u00e8yman an:<\/strong>\u00a0Si w peye men ou pat f\u00e8 pwosedi a, p\u00e8yman ou a ap valid pou 5 lane. Men si pri pwosedi a monte ou dwe peye diferans la.<\/li>\n\n\n\n<li><strong>Pa peye moun:<\/strong> Ou pa bezwen peye okenn moun pou l f\u00e8 pwosedi a pou ou. <strong>ACNUR ka oryante w gratis<\/strong> oswa li ka mete w an kontak av\u00e8k l\u00f2t \u00f2ganizasyon s\u00e8 k ap ka ede w gratis. \u00a0<\/li>\n<\/ol>\n\n\n\n<p class=\"has-background\" style=\"background-color:#cce2f3\">\u23ef\ufe0f<strong> <strong>Matery\u00e8l odyovizy\u00e8l<\/strong><\/strong><\/p>\n\n\n\n<p>Nan videyo sa yo n ap eksplike w:<\/p>\n\n\n\n<ul class=\"wp-block-list\">\n<li>K\u00f2man ou ka f\u00e8 <a href=\"https:\/\/constancias.oadprs.gob.mx\/\" target=\"_blank\" rel=\"noreferrer noopener\"><strong>S\u00e8tifika de b\u00f2n vi e m\u00e8s<\/strong><\/a> la sou ent\u00e8n\u00e8t\u00a0?<\/li>\n\n\n\n<li>K\u00f2man pou w ranpli <strong>f\u00f2mil\u00e8 DNN-3<\/strong>\u00a0a sou\u00a0<a href=\"https:\/\/reipv6.sre.gob.mx\/sinna\/\" target=\"_blank\" rel=\"noreferrer noopener\">sit ent\u00e8n\u00e8t del SINNA.<\/a><\/li>\n<\/ul>\n\n\n\n<div class=\"wp-block-columns is-layout-flex wp-container-core-columns-is-layout-9d6595d7 wp-block-columns-is-layout-flex\">\n<div class=\"wp-block-column is-layout-flow wp-block-column-is-layout-flow\">\n<figure class=\"wp-block-embed aligncenter is-type-video is-provider-youtube wp-block-embed-youtube wp-embed-aspect-16-9 wp-has-aspect-ratio\"><div class=\"wp-block-embed__wrapper\">\n<iframe loading=\"lazy\" title=\"Paso a paso hacia mi nacionalidad mexicana: Constancia de antecedentes penales.\" width=\"640\" height=\"360\" src=\"https:\/\/www.youtube.com\/embed\/bjTmU5HljuE?feature=oembed\" frameborder=\"0\" allow=\"accelerometer; autoplay; clipboard-write; encrypted-media; gyroscope; picture-in-picture; web-share\" referrerpolicy=\"strict-origin-when-cross-origin\" allowfullscreen><\/iframe>\n<\/div><figcaption class=\"wp-element-caption\">S\u00e8tifika de b\u00f2n vi e m\u00e8s<\/figcaption><\/figure>\n<\/div>\n\n\n\n<div class=\"wp-block-column is-layout-flow wp-block-column-is-layout-flow\">\n<figure class=\"wp-block-embed is-type-video is-provider-youtube wp-block-embed-youtube wp-embed-aspect-16-9 wp-has-aspect-ratio\"><div class=\"wp-block-embed__wrapper\">\n<iframe loading=\"lazy\" title=\"Paso a paso hacia mi nacionalidad mexicana: Formato DNN-3\" width=\"640\" height=\"360\" src=\"https:\/\/www.youtube.com\/embed\/KCN0usm4Iw0?feature=oembed\" frameborder=\"0\" allow=\"accelerometer; autoplay; clipboard-write; encrypted-media; gyroscope; picture-in-picture; web-share\" referrerpolicy=\"strict-origin-when-cross-origin\" allowfullscreen><\/iframe>\n<\/div><figcaption class=\"wp-element-caption\">F\u00f2mil\u00e8 DNN-3<\/figcaption><\/figure>\n<\/div>\n<\/div>\n\n\n\n<p class=\"has-background\" style=\"background-color:#fdf799\"><strong>Nan ACNUR nou ka oryante w gratis nan tout pwosesis natiralizasyon ou a.<\/strong><\/p>\n\n\n\n<p>\ud83d\udcde\u00a0<strong>Telef\u00f2n gratis:<\/strong>\u00a0<a href=\"tel:+528002268769\">800 226 8769<\/a>\u00a0oswa\u00a0<a href=\"tel:+528002832718\">800 283 2718<\/a>\u00a0<em>(Si w pa anndan peyi Meksik, sonje tape +52 devan nimewo a)<\/em><br>\ud83d\udcf1\u00a0<strong>WhatsApp:<\/strong>\u00a0<a href=\"https:\/\/wa.me\/+525570055950\">+52 55 7005 5950<\/a>\u00a0ak\u00a0<a href=\"https:\/\/wa.me\/+525525352950\">+52 55 2535 2950<\/a><br>\ud83d\udce7\u00a0<strong>Oswa sou imel sa a<\/strong>:\u00a0<a href=\"mailto:mexmeatencion@unhcr.org\" target=\"_blank\" rel=\"noreferrer noopener\">mexmeatencion@unhcr.org<\/a><\/p>\n\n\n\n<p><a href=\"https:\/\/help.unhcr.org\/mexico\/ht\/naturalizacion\/\">&lt;&lt; Natiralizasyon<\/a><\/p>\n","protected":false},"excerpt":{"rendered":"<p>\u2705 Pa bliye 5 rek\u00f2mandasyon sa yo \u23ef\ufe0f Matery\u00e8l odyovizy\u00e8l Nan videyo sa yo n ap eksplike w: Nan ACNUR nou ka oryante w gratis nan tout pwosesis natiralizasyon ou a. \ud83d\udcde\u00a0Telef\u00f2n gratis:\u00a0800 226 8769\u00a0oswa\u00a0800 283 2718\u00a0(Si w pa anndan peyi Meksik, sonje tape +52 devan nimewo a)\ud83d\udcf1\u00a0WhatsApp:\u00a0+52 55 7005 5950\u00a0ak\u00a0+52 55 2535 2950\ud83d\udce7\u00a0Oswa sou [&hellip;]<\/p>\n","protected":false},"author":243,"featured_media":0,"parent":7549,"menu_order":2,"comment_status":"closed","ping_status":"closed","template":"","meta":{"_acf_changed":false,"footnotes":""},"class_list":["post-7575","page","type-page","status-publish","hentry"],"acf":[],"_links":{"self":[{"href":"https:\/\/help.unhcr.org\/mexico\/ht\/wp-json\/wp\/v2\/pages\/7575","targetHints":{"allow":["GET"]}}],"collection":[{"href":"https:\/\/help.unhcr.org\/mexico\/ht\/wp-json\/wp\/v2\/pages"}],"about":[{"href":"https:\/\/help.unhcr.org\/mexico\/ht\/wp-json\/wp\/v2\/types\/page"}],"author":[{"embeddable":true,"href":"https:\/\/help.unhcr.org\/mexico\/ht\/wp-json\/wp\/v2\/users\/243"}],"replies":[{"embeddable":true,"href":"https:\/\/help.unhcr.org\/mexico\/ht\/wp-json\/wp\/v2\/comments?post=7575"}],"version-history":[{"count":2,"href":"https:\/\/help.unhcr.org\/mexico\/ht\/wp-json\/wp\/v2\/pages\/7575\/revisions"}],"predecessor-version":[{"id":7583,"href":"https:\/\/help.unhcr.org\/mexico\/ht\/wp-json\/wp\/v2\/pages\/7575\/revisions\/7583"}],"up":[{"embeddable":true,"href":"https:\/\/help.unhcr.org\/mexico\/ht\/wp-json\/wp\/v2\/pages\/7549"}],"wp:attachment":[{"href":"https:\/\/help.unhcr.org\/mexico\/ht\/wp-json\/wp\/v2\/media?parent=7575"}],"curies":[{"name":"wp","href":"https:\/\/api.w.org\/{rel}","templated":true}]}}