{"id":7566,"date":"2025-12-10T18:13:52","date_gmt":"2025-12-10T18:13:52","guid":{"rendered":"https:\/\/help.unhcr.org\/mexico\/naturalizacion\/tu-cita\/"},"modified":"2026-05-07T21:28:33","modified_gmt":"2026-05-07T21:28:33","slug":"tu-cita","status":"publish","type":"page","link":"https:\/\/help.unhcr.org\/mexico\/ht\/naturalizacion\/tu-cita\/","title":{"rendered":"Randevou a"},"content":{"rendered":"\n<div class=\"wp-block-group\"><div class=\"wp-block-group__inner-container is-layout-constrained wp-block-group-is-layout-constrained\">\n<div class=\"wp-block-group has-background\" style=\"background-color:#fdf799\"><div class=\"wp-block-group__inner-container is-layout-constrained wp-block-group-is-layout-constrained\">\n<p class=\"has-text-align-center\">\u26a0\ufe0f&nbsp;<strong>Tr\u00e8 enp\u00f2tan!<\/strong>&nbsp;\u26a0\ufe0f<\/p>\n\n\n\n<p>Anvan ou k\u00f2manse pwosesis natiralizasyon w la,<strong>\u00a0asire w ke tout enf\u00f2masyon ou yo ajou ak INM<\/strong>. Si enf\u00f2masyon yo pa ajou, pwosesis ou a ka afekte.<\/p>\n<\/div><\/div>\n<\/div><\/div>\n\n\n\n<p>Si w respekte tout kondisyon yo, ou dwe preanrejistre w epi pran yon randevou sou sit ent\u00e8n\u00e8t <a href=\"https:\/\/reipv6.sre.gob.mx\/sinna\/\" target=\"_blank\" rel=\"noreferrer noopener\"><strong>Sistema Integral de Nacionalidad y Naturalizaci\u00f3n (SINNA)<\/strong>.<\/a><\/p>\n\n\n\n<p class=\"has-background\" style=\"background-color:#cce2f3\"><strong><strong>Avan w k\u00f2manse:<\/strong><\/strong><\/p>\n\n\n\n<ul class=\"wp-block-list\">\n<li>\ud83d\udce7 Ou dwe genyen yon imel<\/li>\n\n\n\n<li>\ud83d\udda5\ufe0f Se s\u00e8l sou yon <strong>\u00f2dinat\u00e8<\/strong> w ap ka f\u00e8 <strong>preanrejistreman an <\/strong>(ou pap ka f\u00e8 l ni sou telef\u00f2n ni sou tabl\u00e8t).<\/li>\n\n\n\n<li>\ud83d\udcbe Depi w k\u00f2manse preanrejistreman an <strong>ou dwe fini l.<\/strong> Si w pa fini l enf\u00f2masyon ou te gentan mete yo pap rete sovgade sou sist\u00e8m nan.<\/li>\n<\/ul>\n\n\n\n<p class=\"has-background\" style=\"background-color:#cce2f3\"><strong>Pasos para tu pre-registro y cita<\/strong><\/p>\n\n\n\n<ol start=\"1\" class=\"wp-block-list\">\n<li><strong><strong>Antre sou sit ent\u00e8n\u00e8t:<\/strong><\/strong> <a href=\"https:\/\/reipv6.sre.gob.mx\/sinna\/\" target=\"_blank\" rel=\"noreferrer noopener\">https:\/\/reipv6.sre.gob.mx\/sinna\/<\/a><\/li>\n\n\n\n<li><strong>Mete imel ou:<\/strong>&nbsp;Tape imel ou pou yo ka voye lyen an pou ou.<\/li>\n\n\n\n<li><strong>Tcheke imel ou:<\/strong>&nbsp;Ouv\u00e8 imel yo voye pou ou a epi klike sou lyen an.<\/li>\n\n\n\n<li><strong>F\u00e8 preanrejistreman an:<\/strong>&nbsp;Antre enf\u00f2masyon w epi <a href=\"https:\/\/youtu.be\/KCN0usm4Iw0?si=P6foqsOWvAVM3UYL\" target=\"_blank\" rel=\"noreferrer noopener\">ranpli f\u00f2mil\u00e8&nbsp;<strong>DNN-3<\/strong>.<\/a><\/li>\n\n\n\n<li><strong>Chwazi lye a:<\/strong>&nbsp;Seleksyone lye kote ou vle al f\u00e8 pwosedi a.<\/li>\n\n\n\n<li><strong>Seleksyone randevou a:<\/strong>&nbsp;Chwazi jou ak l\u00e8 a.<\/li>\n\n\n\n<li><strong>Konfime:<\/strong>&nbsp;Y ap voye <strong>nimewo folio<\/strong> ak <strong>konfimasyon randevou a<\/strong> ba ou sou imel ou.<\/li>\n<\/ol>\n\n\n\n<p class=\"has-background\" style=\"background-color:#fdf799\"><strong>Nan ACNUR nou ka oryante w gratis nan tout pwosesis natiralizasyon ou a.<\/strong><\/p>\n\n\n\n<p>\ud83d\udcde&nbsp;<strong>Telef\u00f2n gratis:<\/strong>&nbsp;<a href=\"tel:+528002268769\">800 226 8769<\/a>&nbsp;oswa&nbsp;<a href=\"tel:+528002832718\">800 283 2718<\/a>&nbsp;<em>(Si w pa anndan peyi Meksik, sonje tape +52 devan nimewo a)<\/em><br>\ud83d\udcf1&nbsp;<strong>WhatsApp:<\/strong>&nbsp;<a href=\"https:\/\/wa.me\/+525570055950\">+52 55 7005 5950<\/a>&nbsp;ak&nbsp;<a href=\"https:\/\/wa.me\/+525525352950\">+52 55 2535 2950<\/a><br>\ud83d\udce7&nbsp;<strong>Oswa sou imel sa a<\/strong>:&nbsp;<a href=\"mailto:mexmeatencion@unhcr.org\" target=\"_blank\" rel=\"noreferrer noopener\">mexmeatencion@unhcr.org<\/a><\/p>\n\n\n\n<p><a href=\"https:\/\/help.unhcr.org\/mexico\/ht\/naturalizacion\/\">&lt;&lt; Natiralizasyon<\/a><\/p>\n","protected":false},"excerpt":{"rendered":"<p>\u26a0\ufe0f&nbsp;Tr\u00e8 enp\u00f2tan!&nbsp;\u26a0\ufe0f Anvan ou k\u00f2manse pwosesis natiralizasyon w la,\u00a0asire w ke tout enf\u00f2masyon ou yo ajou ak INM. Si enf\u00f2masyon yo pa ajou, pwosesis ou a ka afekte. Si w respekte tout kondisyon yo, ou dwe preanrejistre w epi pran yon randevou sou sit ent\u00e8n\u00e8t Sistema Integral de Nacionalidad y Naturalizaci\u00f3n (SINNA). Avan w k\u00f2manse: [&hellip;]<\/p>\n","protected":false},"author":243,"featured_media":0,"parent":7549,"menu_order":1,"comment_status":"closed","ping_status":"closed","template":"","meta":{"_acf_changed":false,"footnotes":""},"class_list":["post-7566","page","type-page","status-publish","hentry"],"acf":[],"_links":{"self":[{"href":"https:\/\/help.unhcr.org\/mexico\/ht\/wp-json\/wp\/v2\/pages\/7566","targetHints":{"allow":["GET"]}}],"collection":[{"href":"https:\/\/help.unhcr.org\/mexico\/ht\/wp-json\/wp\/v2\/pages"}],"about":[{"href":"https:\/\/help.unhcr.org\/mexico\/ht\/wp-json\/wp\/v2\/types\/page"}],"author":[{"embeddable":true,"href":"https:\/\/help.unhcr.org\/mexico\/ht\/wp-json\/wp\/v2\/users\/243"}],"replies":[{"embeddable":true,"href":"https:\/\/help.unhcr.org\/mexico\/ht\/wp-json\/wp\/v2\/comments?post=7566"}],"version-history":[{"count":2,"href":"https:\/\/help.unhcr.org\/mexico\/ht\/wp-json\/wp\/v2\/pages\/7566\/revisions"}],"predecessor-version":[{"id":7809,"href":"https:\/\/help.unhcr.org\/mexico\/ht\/wp-json\/wp\/v2\/pages\/7566\/revisions\/7809"}],"up":[{"embeddable":true,"href":"https:\/\/help.unhcr.org\/mexico\/ht\/wp-json\/wp\/v2\/pages\/7549"}],"wp:attachment":[{"href":"https:\/\/help.unhcr.org\/mexico\/ht\/wp-json\/wp\/v2\/media?parent=7566"}],"curies":[{"name":"wp","href":"https:\/\/api.w.org\/{rel}","templated":true}]}}