{"id":7557,"date":"2025-12-08T23:26:38","date_gmt":"2025-12-08T23:26:38","guid":{"rendered":"https:\/\/help.unhcr.org\/mexico\/naturalizacion\/requisitos\/"},"modified":"2026-03-10T19:11:44","modified_gmt":"2026-03-10T19:11:44","slug":"requisitos","status":"publish","type":"page","link":"https:\/\/help.unhcr.org\/mexico\/ht\/naturalizacion\/requisitos\/","title":{"rendered":"Kondisyon"},"content":{"rendered":"\n<p>Pou w f\u00e8 demann natiralizasyon an, <strong>ou dwe genyen 18 lane<\/strong> epi respekte kondisyon sa yo:<\/p>\n\n\n\n<h3 class=\"wp-block-heading has-background\" style=\"background-color:#cce2f3\"><strong>1. <strong><strong>Tan rezidans nan peyi Meksik<\/strong><\/strong><\/strong><\/h3>\n\n\n\n<ul class=\"wp-block-list\">\n<li><strong>2 lane<\/strong>\u00a0si w soti nan yon peyi Amerik latin.<\/li>\n\n\n\n<li><strong>5 lane<\/strong>\u00a0si w soti nan yon l\u00f2t peyi oswa si w apatrid.<\/li>\n<\/ul>\n\n\n\n<h3 class=\"wp-block-heading has-background\" style=\"background-color:#cce2f3\"><strong>2. <strong><strong>Dokiman<\/strong><\/strong><\/strong><\/h3>\n\n\n\n<ul class=\"wp-block-list\">\n<li><strong>Kat rezidans p\u00e8manan.<\/strong><\/li>\n\n\n\n<li><strong>Batist\u00e8.<\/strong>\u00a0<em>(Si w pa genyen l, w ap bezwen dokiman rek\u00f2mandasyon COMAR la).<\/em><\/li>\n\n\n\n<li><strong>Orijinal pasp\u00f2<\/strong>\u00a0<strong>(f\u00f2k li genyen 6 mwa an vig\u00e8 minim\u00f2m oswa dokiman idantite ak vwayaj ki genyen sig li an espany\u00f2l (DIV).<\/strong>\u00a0\n<ul class=\"wp-block-list\">\n<li><em>Si sa genyen mwens ke 2 lane depi yo te ba w pasp\u00f2 a, f\u00e8 demann dokiman fli migratwa a nan imigrasyon.<\/em><\/li>\n<\/ul>\n<\/li>\n\n\n\n<li><strong>Enpresyon CURP ki an vig\u00e8 ke w ap jwenn sou sit ent\u00e8n\u00e8t<\/strong>\u00a0<a href=\"https:\/\/www.gob.mx\/curp\/\" target=\"_blank\" rel=\"noreferrer noopener\">sitio web de RENAPO.<\/a><\/li>\n\n\n\n<li><strong>Kat antre-s\u00f2ti <\/strong>tan ou f\u00e8 ap viv nan peyi Meksik.<\/li>\n\n\n\n<li>S\u00e8tifika b\u00f2n vi e m\u00e8s federal ak local (<a href=\"https:\/\/youtu.be\/bjTmU5HljuE?si=dohyWj-CVkoByPTe\" target=\"_blank\" rel=\"noreferrer noopener\"><strong>Constancia de antecedentes penales<\/strong>\u00a0federales y locales.<\/a>)<\/li>\n\n\n\n<li><strong>Dokiman rek\u00f2mandasyon COMAR<\/strong>\u00a0pou \u00a0natiralizasyon.<\/li>\n\n\n\n<li><strong>Resi p\u00e8man <\/strong>Minist\u00e8 Relasyon Ekstery\u00e8.<\/li>\n<\/ul>\n\n\n\n<h3 class=\"wp-block-heading has-background\" style=\"background-color:#cce2f3\"><strong>3. <strong><strong>Ekzamen<\/strong><\/strong><\/strong><\/h3>\n\n\n\n<ul class=\"wp-block-list\">\n<li><strong>Istwa Meksik\u00a0<\/strong>(s\u00e8lman moun ki genyen pwoteksyon konplemant\u00e8 oswa moun ki apatrid) \u00a0\u00a0\n<ul class=\"wp-block-list\">\n<li><em><em>Moun ki refijye pap bezwen f\u00e8 ekzamen.<\/em><\/em><\/li>\n<\/ul>\n<\/li>\n\n\n\n<li><strong>Espany\u00f2l<\/strong>\u00a0si peyi w pa pale espany\u00f2l.<\/li>\n<\/ul>\n\n\n\n<h3 class=\"wp-block-heading has-background\" style=\"background-color:#cce2f3\"><strong>4. <strong><strong>Foto<\/strong><\/strong><\/strong><\/h3>\n\n\n\n<ul class=\"wp-block-list\">\n<li><strong>2 foto pasp\u00f2<\/strong>\u00a0(4.5 x 3.5 cm):\n<ul class=\"wp-block-list\">\n<li>Koul\u00e8, pap\u00e8 mat, fon blan.<\/li>\n\n\n\n<li>San zanno, san lin\u00e8t, san w pa genyen anyen nan t\u00e8t ou.<\/li>\n<\/ul>\n<\/li>\n<\/ul>\n\n\n\n<hr class=\"wp-block-separator has-alpha-channel-opacity\" \/>\n\n\n\n<p>\u2705 Si w respekte tout kondisyon yo:<\/p>\n\n\n\n<ul class=\"wp-block-list\">\n<li><strong>Antre sou sit ent\u00e8n\u00e8t<\/strong>\u00a0<a href=\"https:\/\/reipv6.sre.gob.mx\/sinna\/\" target=\"_blank\" rel=\"noreferrer noopener\">Sistema Integral de Nacionalidad y Naturalizaci\u00f3n (SINNA)<\/a><\/li>\n\n\n\n<li><strong>Preanrejistre w:<\/strong>\u00a0mete enf\u00f2masyon w epi konplete demann la\u00a0(<a href=\"https:\/\/youtu.be\/KCN0usm4Iw0?si=P6foqsOWvAVM3UYL\" target=\"_blank\" rel=\"noreferrer noopener\">completa la solicitud\u00a0<strong>DNN-3<\/strong>.<\/a>)<\/li>\n\n\n\n<li><strong>Seleksyone jou randevou ou a<\/strong>.<\/li>\n<\/ul>\n\n\n\n<p class=\"has-background\" style=\"background-color:#fdf799\"><strong>Nan ACNUR nou ka oryante w gratis nan tout pwosesis natiralizasyon ou a.<\/strong><\/p>\n\n\n\n<p>\ud83d\udcde <strong>Telef\u00f2n gratis:<\/strong>\u00a0<a href=\"tel:+528002268769\">800 226 8769<\/a>\u00a0oswa\u00a0<a href=\"tel:+528002832718\">800 283 2718<\/a>\u00a0<em>(Si w pa anndan peyi Meksik, sonje tape +52 devan nimewo a)<\/em><br>\ud83d\udcf1 <strong>WhatsApp:<\/strong>\u00a0<a href=\"https:\/\/wa.me\/+525570055950\">+52 55 7005 5950<\/a>\u00a0ak\u00a0<a href=\"https:\/\/wa.me\/+525525352950\">+52 55 2535 2950<\/a><br>\ud83d\udce7 <strong>Oswa sou imel sa a<\/strong>:\u00a0<a href=\"mailto:mexmeatencion@unhcr.org\" target=\"_blank\" rel=\"noreferrer noopener\">mexmeatencion@unhcr.org<\/a><\/p>\n\n\n\n<p><a href=\"https:\/\/help.unhcr.org\/mexico\/ht\/naturalizacion\/\" data-type=\"page\" data-id=\"7421\">&lt;&lt; Natiralizasyon<\/a><\/p>\n\n\n\n<p><\/p>\n","protected":false},"excerpt":{"rendered":"<p>Pou w f\u00e8 demann natiralizasyon an, ou dwe genyen 18 lane epi respekte kondisyon sa yo: 1. Tan rezidans nan peyi Meksik 2. Dokiman 3. Ekzamen 4. Foto \u2705 Si w respekte tout kondisyon yo: Nan ACNUR nou ka oryante w gratis nan tout pwosesis natiralizasyon ou a. \ud83d\udcde Telef\u00f2n gratis:\u00a0800 226 8769\u00a0oswa\u00a0800 283 2718\u00a0(Si [&hellip;]<\/p>\n","protected":false},"author":243,"featured_media":0,"parent":7549,"menu_order":0,"comment_status":"closed","ping_status":"closed","template":"","meta":{"_acf_changed":false,"footnotes":""},"class_list":["post-7557","page","type-page","status-publish","hentry"],"acf":[],"_links":{"self":[{"href":"https:\/\/help.unhcr.org\/mexico\/ht\/wp-json\/wp\/v2\/pages\/7557","targetHints":{"allow":["GET"]}}],"collection":[{"href":"https:\/\/help.unhcr.org\/mexico\/ht\/wp-json\/wp\/v2\/pages"}],"about":[{"href":"https:\/\/help.unhcr.org\/mexico\/ht\/wp-json\/wp\/v2\/types\/page"}],"author":[{"embeddable":true,"href":"https:\/\/help.unhcr.org\/mexico\/ht\/wp-json\/wp\/v2\/users\/243"}],"replies":[{"embeddable":true,"href":"https:\/\/help.unhcr.org\/mexico\/ht\/wp-json\/wp\/v2\/comments?post=7557"}],"version-history":[{"count":1,"href":"https:\/\/help.unhcr.org\/mexico\/ht\/wp-json\/wp\/v2\/pages\/7557\/revisions"}],"predecessor-version":[{"id":7561,"href":"https:\/\/help.unhcr.org\/mexico\/ht\/wp-json\/wp\/v2\/pages\/7557\/revisions\/7561"}],"up":[{"embeddable":true,"href":"https:\/\/help.unhcr.org\/mexico\/ht\/wp-json\/wp\/v2\/pages\/7549"}],"wp:attachment":[{"href":"https:\/\/help.unhcr.org\/mexico\/ht\/wp-json\/wp\/v2\/media?parent=7557"}],"curies":[{"name":"wp","href":"https:\/\/api.w.org\/{rel}","templated":true}]}}