{"id":7549,"date":"2025-12-08T22:41:10","date_gmt":"2025-12-08T22:41:10","guid":{"rendered":"https:\/\/help.unhcr.org\/mexico\/naturalizacion\/"},"modified":"2026-03-10T18:31:12","modified_gmt":"2026-03-10T18:31:12","slug":"naturalizacion","status":"publish","type":"page","link":"https:\/\/help.unhcr.org\/mexico\/ht\/naturalizacion\/","title":{"rendered":"Natiralizasyon"},"content":{"rendered":"\n<p><strong>Si ou se yon moun ke COMAR rekon\u00e8t k\u00f2m refijye, yon moun ki benefisye pwoteksyon konplemant\u00e8 oswa yon moun ki apatrid<\/strong>, ou ka f\u00e8&nbsp; demann nasyonalite meksik\u00e8n nan si w respekte kondisyon ke la lwa mande.<\/p>\n\n\n\n<p><strong>Nan ACNUR nou ka oryante w nan tout pwosedi natiralizasyon ou an.<\/strong><\/p>\n\n\n\n<p class=\"has-background\" style=\"background-color:#fdf799\">\u26a0\ufe0f Tout s\u00e8vis ak pwogram ACNUR yo <strong>gratis<\/strong>.<\/p>\n\n\n\n<p><\/p>\n","protected":false},"excerpt":{"rendered":"<p>Si ou se yon moun ke COMAR rekon\u00e8t k\u00f2m refijye, yon moun ki benefisye pwoteksyon konplemant\u00e8 oswa yon moun ki apatrid, ou ka f\u00e8&nbsp; demann nasyonalite meksik\u00e8n nan si w respekte kondisyon ke la lwa mande. Nan ACNUR nou ka oryante w nan tout pwosedi natiralizasyon ou an. \u26a0\ufe0f Tout s\u00e8vis ak pwogram ACNUR yo [&hellip;]<\/p>\n","protected":false},"author":243,"featured_media":0,"parent":0,"menu_order":0,"comment_status":"closed","ping_status":"closed","template":"page-templates\/listing_page.php","meta":{"_acf_changed":false,"footnotes":""},"class_list":["post-7549","page","type-page","status-publish","hentry"],"acf":[],"_links":{"self":[{"href":"https:\/\/help.unhcr.org\/mexico\/ht\/wp-json\/wp\/v2\/pages\/7549","targetHints":{"allow":["GET"]}}],"collection":[{"href":"https:\/\/help.unhcr.org\/mexico\/ht\/wp-json\/wp\/v2\/pages"}],"about":[{"href":"https:\/\/help.unhcr.org\/mexico\/ht\/wp-json\/wp\/v2\/types\/page"}],"author":[{"embeddable":true,"href":"https:\/\/help.unhcr.org\/mexico\/ht\/wp-json\/wp\/v2\/users\/243"}],"replies":[{"embeddable":true,"href":"https:\/\/help.unhcr.org\/mexico\/ht\/wp-json\/wp\/v2\/comments?post=7549"}],"version-history":[{"count":1,"href":"https:\/\/help.unhcr.org\/mexico\/ht\/wp-json\/wp\/v2\/pages\/7549\/revisions"}],"predecessor-version":[{"id":7553,"href":"https:\/\/help.unhcr.org\/mexico\/ht\/wp-json\/wp\/v2\/pages\/7549\/revisions\/7553"}],"wp:attachment":[{"href":"https:\/\/help.unhcr.org\/mexico\/ht\/wp-json\/wp\/v2\/media?parent=7549"}],"curies":[{"name":"wp","href":"https:\/\/api.w.org\/{rel}","templated":true}]}}