{"id":6769,"date":"2025-07-02T18:31:20","date_gmt":"2025-07-02T18:31:20","guid":{"rendered":"https:\/\/help.unhcr.org\/mexico\/where-to-seek-help\/mapas-de-servicios-2\/san-cristobal-de-las-casas\/"},"modified":"2026-03-26T16:38:16","modified_gmt":"2026-03-26T16:38:16","slug":"san-cristobal-de-las-casas","status":"publish","type":"page","link":"https:\/\/help.unhcr.org\/mexico\/ht\/where-to-seek-help\/mapas-de-servicios-2\/san-cristobal-de-las-casas\/","title":{"rendered":"San Crist\u00f3bal de las Casas"},"content":{"rendered":"\n<p>Ou pa f\u00e8t Meksik, men w ap viv San Crist\u00f3bal de las Casas, Chiapas?<\/p>\n\n\n\n<p>Ajans Nasyonzini pou Refijye yo (ACNUR) ansanm ak l\u00f2t enstitisyon ki asosye av\u00e8 l yo te prepare kat sa yo ki montre ki kote w ap jwenn pif\u00f2 s\u00e8vis nou yo nan plizy\u00e8 vil. Nou espere y ap ede w nan ef\u00f2 w ap f\u00e8 pou w pi byen adapte w nan peyi a.<\/p>\n\n\n\n<p>\ud83c\udf0e Jwenn s\u00e8vis sou\u00a0<a href=\"https:\/\/www.google.com\/maps\/d\/viewer?hl=es&amp;mid=1CWChr-Q3ZiYKKcYZI_WZeaemP1IOCTI&amp;ll=16.726886254115104%2C-92.63496015&amp;z=15\" data-type=\"link\" data-id=\"https:\/\/www.google.com\/maps\/d\/viewer?hl=es&amp;mid=1CWChr-Q3ZiYKKcYZI_WZeaemP1IOCTI&amp;ll=16.726886254115104%2C-92.63496015&amp;z=15\" target=\"_blank\" rel=\"noreferrer noopener\">Google Maps<\/a><\/p>\n\n\n\n<p><\/p>\n\n\n\n<p><\/p>\n","protected":false},"excerpt":{"rendered":"<p>Ou pa f\u00e8t Meksik, men w ap viv San Crist\u00f3bal de las Casas, Chiapas? Ajans Nasyonzini pou Refijye yo (ACNUR) ansanm ak l\u00f2t enstitisyon ki asosye av\u00e8 l yo te prepare kat sa yo ki montre ki kote w ap jwenn pif\u00f2 s\u00e8vis nou yo nan plizy\u00e8 vil. Nou espere y ap ede w nan [&hellip;]<\/p>\n","protected":false},"author":243,"featured_media":0,"parent":1816,"menu_order":16,"comment_status":"closed","ping_status":"closed","template":"","meta":{"_acf_changed":false,"footnotes":""},"class_list":["post-6769","page","type-page","status-publish","hentry"],"acf":[],"_links":{"self":[{"href":"https:\/\/help.unhcr.org\/mexico\/ht\/wp-json\/wp\/v2\/pages\/6769","targetHints":{"allow":["GET"]}}],"collection":[{"href":"https:\/\/help.unhcr.org\/mexico\/ht\/wp-json\/wp\/v2\/pages"}],"about":[{"href":"https:\/\/help.unhcr.org\/mexico\/ht\/wp-json\/wp\/v2\/types\/page"}],"author":[{"embeddable":true,"href":"https:\/\/help.unhcr.org\/mexico\/ht\/wp-json\/wp\/v2\/users\/243"}],"replies":[{"embeddable":true,"href":"https:\/\/help.unhcr.org\/mexico\/ht\/wp-json\/wp\/v2\/comments?post=6769"}],"version-history":[{"count":2,"href":"https:\/\/help.unhcr.org\/mexico\/ht\/wp-json\/wp\/v2\/pages\/6769\/revisions"}],"predecessor-version":[{"id":7753,"href":"https:\/\/help.unhcr.org\/mexico\/ht\/wp-json\/wp\/v2\/pages\/6769\/revisions\/7753"}],"up":[{"embeddable":true,"href":"https:\/\/help.unhcr.org\/mexico\/ht\/wp-json\/wp\/v2\/pages\/1816"}],"wp:attachment":[{"href":"https:\/\/help.unhcr.org\/mexico\/ht\/wp-json\/wp\/v2\/media?parent=6769"}],"curies":[{"name":"wp","href":"https:\/\/api.w.org\/{rel}","templated":true}]}}