{"id":6672,"date":"2024-02-15T22:29:40","date_gmt":"2024-02-15T22:29:40","guid":{"rendered":"https:\/\/help.unhcr.org\/mexico\/where-to-seek-help\/mapas-de-servicios-2\/villahermosa-2\/"},"modified":"2026-03-26T16:52:14","modified_gmt":"2026-03-26T16:52:14","slug":"villahermosa-2","status":"publish","type":"page","link":"https:\/\/help.unhcr.org\/mexico\/ht\/where-to-seek-help\/mapas-de-servicios-2\/villahermosa-2\/","title":{"rendered":"Villahermosa"},"content":{"rendered":"\n<p>Ou pa f\u00e8t Meksik, men w ap viv Villahermosa, Tabasco?<\/p>\n\n\n\n<p>Ajans Nasyonzini pou Refijye yo (ACNUR) ansanm ak l\u00f2t enstitisyon ki asosye av\u00e8 l yo te prepare kat sa yo ki montre ki kote w ap jwenn pif\u00f2 s\u00e8vis nou yo nan plizy\u00e8 vil. Nou espere y ap ede w nan ef\u00f2 w ap f\u00e8 pou w pi byen adapte w nan peyi a.<\/p>\n\n\n\n<p>\ud83c\udf0e <a href=\"https:\/\/www.google.com\/maps\/d\/viewer?mid=16T7a8EsxqIxwyfY18lfXJgYOca6BnNs&amp;ll=18.002434529255257%2C-92.94719615&amp;z=14\" data-type=\"link\" data-id=\"https:\/\/www.google.com\/maps\/d\/viewer?mid=16T7a8EsxqIxwyfY18lfXJgYOca6BnNs&amp;ll=18.002434529255257%2C-92.94719615&amp;z=14\" target=\"_blank\" rel=\"noreferrer noopener\">Jwenn s\u00e8vis sou\u00a0Google Maps<\/a><\/p>\n\n\n\n<p><\/p>\n","protected":false},"excerpt":{"rendered":"<p>Ou pa f\u00e8t Meksik, men w ap viv Villahermosa, Tabasco? Ajans Nasyonzini pou Refijye yo (ACNUR) ansanm ak l\u00f2t enstitisyon ki asosye av\u00e8 l yo te prepare kat sa yo ki montre ki kote w ap jwenn pif\u00f2 s\u00e8vis nou yo nan plizy\u00e8 vil. Nou espere y ap ede w nan ef\u00f2 w ap f\u00e8 [&hellip;]<\/p>\n","protected":false},"author":71,"featured_media":0,"parent":1816,"menu_order":23,"comment_status":"closed","ping_status":"closed","template":"","meta":{"_acf_changed":false,"footnotes":""},"class_list":["post-6672","page","type-page","status-publish","hentry"],"acf":[],"_links":{"self":[{"href":"https:\/\/help.unhcr.org\/mexico\/ht\/wp-json\/wp\/v2\/pages\/6672","targetHints":{"allow":["GET"]}}],"collection":[{"href":"https:\/\/help.unhcr.org\/mexico\/ht\/wp-json\/wp\/v2\/pages"}],"about":[{"href":"https:\/\/help.unhcr.org\/mexico\/ht\/wp-json\/wp\/v2\/types\/page"}],"author":[{"embeddable":true,"href":"https:\/\/help.unhcr.org\/mexico\/ht\/wp-json\/wp\/v2\/users\/71"}],"replies":[{"embeddable":true,"href":"https:\/\/help.unhcr.org\/mexico\/ht\/wp-json\/wp\/v2\/comments?post=6672"}],"version-history":[{"count":4,"href":"https:\/\/help.unhcr.org\/mexico\/ht\/wp-json\/wp\/v2\/pages\/6672\/revisions"}],"predecessor-version":[{"id":7777,"href":"https:\/\/help.unhcr.org\/mexico\/ht\/wp-json\/wp\/v2\/pages\/6672\/revisions\/7777"}],"up":[{"embeddable":true,"href":"https:\/\/help.unhcr.org\/mexico\/ht\/wp-json\/wp\/v2\/pages\/1816"}],"wp:attachment":[{"href":"https:\/\/help.unhcr.org\/mexico\/ht\/wp-json\/wp\/v2\/media?parent=6672"}],"curies":[{"name":"wp","href":"https:\/\/api.w.org\/{rel}","templated":true}]}}