{"id":4360,"date":"2022-08-31T21:15:39","date_gmt":"2022-08-31T21:15:39","guid":{"rendered":"https:\/\/help.unhcr.org\/mexico\/where-to-seek-help\/mapas-de-servicios-2\/san-luis-potosi\/"},"modified":"2026-03-26T16:40:48","modified_gmt":"2026-03-26T16:40:48","slug":"san-luis-potosi","status":"publish","type":"page","link":"https:\/\/help.unhcr.org\/mexico\/ht\/where-to-seek-help\/mapas-de-servicios-2\/san-luis-potosi\/","title":{"rendered":"San Luis Potos\u00ed"},"content":{"rendered":"\n<p>Ou pa f\u00e8t Meksik, men w ap viv San Luis Potos\u00ed, San Luis Potos\u00ed?<\/p>\n\n\n\n<p>Ajans Nasyonzini pou Refijye yo (ACNUR) ansanm ak l\u00f2t enstitisyon ki asosye av\u00e8 l yo te prepare kat sa yo ki montre ki kote w ap jwenn pif\u00f2 s\u00e8vis nou yo nan plizy\u00e8 vil. Nou espere y ap ede w nan ef\u00f2 w ap f\u00e8 pou w pi byen adapte w nan peyi a.<\/p>\n\n\n\n<p>\ud83c\udf0e Jwenn s\u00e8vis sou <a href=\"https:\/\/www.google.com\/maps\/d\/u\/0\/viewer?mid=11ti_-JQrzHDydr39idfplcIWb1ntr94&amp;ll=22.144444827503293%2C-100.97167099999999&amp;z=13\" target=\"_blank\" rel=\"noreferrer noopener\">Google Maps<\/a><\/p>\n","protected":false},"excerpt":{"rendered":"<p>Ou pa f\u00e8t Meksik, men w ap viv San Luis Potos\u00ed, San Luis Potos\u00ed? Ajans Nasyonzini pou Refijye yo (ACNUR) ansanm ak l\u00f2t enstitisyon ki asosye av\u00e8 l yo te prepare kat sa yo ki montre ki kote w ap jwenn pif\u00f2 s\u00e8vis nou yo nan plizy\u00e8 vil. Nou espere y ap ede w nan [&hellip;]<\/p>\n","protected":false},"author":243,"featured_media":0,"parent":1816,"menu_order":17,"comment_status":"closed","ping_status":"closed","template":"","meta":{"_acf_changed":false,"footnotes":""},"class_list":["post-4360","page","type-page","status-publish","hentry"],"acf":[],"_links":{"self":[{"href":"https:\/\/help.unhcr.org\/mexico\/ht\/wp-json\/wp\/v2\/pages\/4360","targetHints":{"allow":["GET"]}}],"collection":[{"href":"https:\/\/help.unhcr.org\/mexico\/ht\/wp-json\/wp\/v2\/pages"}],"about":[{"href":"https:\/\/help.unhcr.org\/mexico\/ht\/wp-json\/wp\/v2\/types\/page"}],"author":[{"embeddable":true,"href":"https:\/\/help.unhcr.org\/mexico\/ht\/wp-json\/wp\/v2\/users\/243"}],"replies":[{"embeddable":true,"href":"https:\/\/help.unhcr.org\/mexico\/ht\/wp-json\/wp\/v2\/comments?post=4360"}],"version-history":[{"count":4,"href":"https:\/\/help.unhcr.org\/mexico\/ht\/wp-json\/wp\/v2\/pages\/4360\/revisions"}],"predecessor-version":[{"id":7757,"href":"https:\/\/help.unhcr.org\/mexico\/ht\/wp-json\/wp\/v2\/pages\/4360\/revisions\/7757"}],"up":[{"embeddable":true,"href":"https:\/\/help.unhcr.org\/mexico\/ht\/wp-json\/wp\/v2\/pages\/1816"}],"wp:attachment":[{"href":"https:\/\/help.unhcr.org\/mexico\/ht\/wp-json\/wp\/v2\/media?parent=4360"}],"curies":[{"name":"wp","href":"https:\/\/api.w.org\/{rel}","templated":true}]}}