{"id":3429,"date":"2022-01-06T10:27:49","date_gmt":"2022-01-06T10:27:49","guid":{"rendered":"https:\/\/help.unhcr.org\/mexico\/?page_id=3429"},"modified":"2022-01-06T11:45:04","modified_gmt":"2022-01-06T11:45:04","slug":"rapo-bwat-mesaj","status":"publish","type":"page","link":"https:\/\/help.unhcr.org\/mexico\/ht\/rapo-bwat-mesaj\/","title":{"rendered":"Rap\u00f2 Bwat Mesaj"},"content":{"rendered":"\n<div class=\"wpcf7 no-js\" id=\"wpcf7-f3215-o1\" lang=\"en-US\" dir=\"ltr\" data-wpcf7-id=\"3215\">\n<div class=\"screen-reader-response\"><p role=\"status\" aria-live=\"polite\" aria-atomic=\"true\"><\/p> <ul><\/ul><\/div>\n<form action=\"\/mexico\/ht\/wp-json\/wp\/v2\/pages\/3429#wpcf7-f3215-o1\" method=\"post\" class=\"wpcf7-form init\" aria-label=\"Contact form\" novalidate=\"novalidate\" data-status=\"init\">\n<fieldset class=\"hidden-fields-container\"><input type=\"hidden\" name=\"_wpcf7\" value=\"3215\" \/><input type=\"hidden\" name=\"_wpcf7_version\" value=\"6.1.4\" \/><input type=\"hidden\" name=\"_wpcf7_locale\" value=\"en_US\" \/><input type=\"hidden\" name=\"_wpcf7_unit_tag\" value=\"wpcf7-f3215-o1\" \/><input type=\"hidden\" name=\"_wpcf7_container_post\" value=\"0\" \/><input type=\"hidden\" name=\"_wpcf7_posted_data_hash\" value=\"\" \/><input type=\"hidden\" name=\"_wpcf7_recaptcha_response\" value=\"\" \/>\n<\/fieldset>\n<style type=\"text\/css\">.wpcf7-form .row input[type=\"text\"].custom-width { width: auto; }\n<\/style>\n<div class=\"row\">\n\t<div class=\"col-md-12 col-sm-12\">\n\t\t<p><label for=\"contact-intro\">S\u00e8vi ak f\u00f2ma sa a pou w pataje k\u00f2mant\u00e8, plent, sijesyon oswa demand, rekonesans ou yo av\u00e8k nou.<\/label>\n\t\t<\/p>\n\t<\/div>\n<\/div>\n<div class=\"row\">\n\t<div class=\"col-md-6 col-sm-12\">\n\t\t<p><label for=\"contact-date\">Dat (*) <\/label><br \/>\n<span class=\"wpcf7-form-control-wrap\" data-name=\"contact-date\"><input size=\"40\" maxlength=\"400\" class=\"wpcf7-form-control wpcf7-text wpcf7-validates-as-required\" id=\"contact-date\" aria-required=\"true\" aria-invalid=\"false\" value=\"\" type=\"text\" name=\"contact-date\" \/><\/span>\n\t\t<\/p>\n\t<\/div>\n\t<div class=\"col-md-6 col-sm-12\"\n<label for=\"contact-city\">\n\t\t<p>Vil (*) <br \/>\n<span class=\"wpcf7-form-control-wrap\" data-name=\"contact-city\"><input size=\"40\" maxlength=\"400\" class=\"wpcf7-form-control wpcf7-text wpcf7-validates-as-required\" id=\"contact-city\" aria-required=\"true\" aria-invalid=\"false\" value=\"\" type=\"text\" name=\"contact-city\" \/><\/span>\n\t\t<\/p>\n\t<\/div>\n<\/div>\n<div class=\"row\">\n\t<div class=\"col-md-12 col-sm-12\">\n\t\t<p><label for=\"contact-experience\"> Pataje eksperyans ou (*) <\/label>\n\t\t<\/p>\n\t\t<div id=\"messagetext\">\n\t\t\t<div id=\"messagetextcontent\">\n\t\t\t\t<p><span class=\"wpcf7-form-control-wrap\" data-name=\"contact-experience\"><textarea cols=\"40\" rows=\"10\" maxlength=\"2000\" class=\"wpcf7-form-control wpcf7-textarea wpcf7-validates-as-required\" id=\"contact-experience\" aria-required=\"true\" aria-invalid=\"false\" name=\"contact-experience\"><\/textarea><\/span>\n\t\t\t\t<\/p>\n\t\t\t<\/div>\n\t\t<\/div>\n\t<\/div>\n<\/div>\n<div class=\"row\">\n\t<div class=\"col-md-12 col-sm-12\">\n\t\t<p><label for=\"contact-comments\"> Kil\u00e8 epi ki kote sa te rive ? Partaje mezi se detay ou kapab (*) <\/label>\n\t\t<\/p>\n\t\t<div id=\"messagetext\">\n\t\t\t<div id=\"messagetextcontent\">\n\t\t\t\t<p><span class=\"wpcf7-form-control-wrap\" data-name=\"contact-comments\"><textarea cols=\"40\" rows=\"10\" maxlength=\"3000\" class=\"wpcf7-form-control wpcf7-textarea wpcf7-validates-as-required\" id=\"contact-comments\" aria-required=\"true\" aria-invalid=\"false\" name=\"contact-comments\"><\/textarea><\/span>\n\t\t\t\t<\/p>\n\t\t\t<\/div>\n\t\t<\/div>\n\t<\/div>\n<\/div>\n<div class=\"row\">\n\t<div class=\"col-md-12 col-sm-12\">\n\t\t<p><label for=\"contact-info\"> K\u00f2mant\u00e8 ou a ka anonim, san w pa kite non w, men si ou vle resevwa yon repons nan men nou li enp\u00f2tan pou ou mete kow\u00f2done w ladan l. Ou ka pa mete non ou nan k\u00f2mante a si ou pa vle f\u00e8 sa, men si ou bezwen pou nou ba ou repons, l ap enp\u00f2tan pou w mete enf\u00f2masyon ou. Si ou chanje kontak ou, f\u00e8 nou konnen (*) <\/label>\n\t\t<\/p>\n\t<\/div>\n<\/div>\n<div class=\"col-md-12 col-sm-12\">\n\t<p><span class=\"wpcf7-form-control-wrap\" data-name=\"contact-info\"><span class=\"wpcf7-form-control wpcf7-checkbox wpcf7-validates-as-required wpcf7-exclusive-checkbox\"><span class=\"wpcf7-list-item first\"><label><input type=\"checkbox\" name=\"contact-info\" value=\"Mwen pa vle pataje kontak, mwen s\u00e8lmam te vle rap\u00f2te sa ki rive a.\" \/><span class=\"wpcf7-list-item-label\">Mwen pa vle pataje kontak, mwen s\u00e8lmam te vle rap\u00f2te sa ki rive a.<\/span><\/label><\/span><span class=\"wpcf7-list-item last\"><label><input type=\"checkbox\" name=\"contact-info\" value=\"Wi, mwen vle nou kontakte m, epi ban m repons.\" \/><span class=\"wpcf7-list-item-label\">Wi, mwen vle nou kontakte m, epi ban m repons.<\/span><\/label><\/span><\/span><\/span>\n\t<\/p>\n\t<div class=\"row\">\n\t\t<div class=\"col-md-6 col-sm-12\">\n\t\t\t<p><label for=\"contact-name\">Non: <\/label><br \/>\n<span class=\"wpcf7-form-control-wrap\" data-name=\"contact-name\"><input size=\"40\" maxlength=\"400\" class=\"wpcf7-form-control wpcf7-text\" id=\"contact-name\" aria-invalid=\"false\" value=\"\" type=\"text\" name=\"contact-name\" \/><\/span>\n\t\t\t<\/p>\n\t\t<\/div>\n\t\t<div class=\"col-md-6 col-sm-12\">\n\t\t\t<p><label for=\"contact-telephone\">Telef\u00f2n: <\/label><br \/>\n<span class=\"wpcf7-form-control-wrap\" data-name=\"contact-telephone\"><input size=\"40\" maxlength=\"400\" class=\"wpcf7-form-control wpcf7-text\" id=\"contact-telephone\" aria-invalid=\"false\" value=\"\" type=\"text\" name=\"contact-telephone\" \/><\/span>\n\t\t\t<\/p>\n\t\t<\/div>\n\t<\/div>\n\t<div class=\"row\">\n\t\t<div class=\"col-md-6 col-sm-12\">\n\t\t\t<p><label for=\"contact-email\">Im\u00e8l: <\/label><br \/>\n<span class=\"wpcf7-form-control-wrap\" data-name=\"contact-email\"><input size=\"40\" maxlength=\"400\" class=\"wpcf7-form-control wpcf7-email wpcf7-text wpcf7-validates-as-email\" id=\"contact-Email\" aria-invalid=\"false\" value=\"\" type=\"email\" name=\"contact-email\" \/><\/span>\n\t\t\t<\/p>\n\t\t<\/div>\n\t\t<div class=\"col-md-6 col-sm-12\">\n\t\t\t<p><label for=\"contact-age\">Laj: <\/label><br \/>\n<span class=\"wpcf7-form-control-wrap\" data-name=\"contact-age\"><input size=\"40\" maxlength=\"400\" class=\"wpcf7-form-control wpcf7-text\" id=\"contact-age\" aria-invalid=\"false\" value=\"\" type=\"text\" name=\"contact-age\" \/><\/span>\n\t\t\t<\/p>\n\t\t<\/div>\n\t<\/div>\n\t<div class=\"row\">\n\t\t<div class=\"col-md-6 col-sm-12\">\n\t\t\t<p><label for=\"contact-gender\">S\u00e8ks: <\/label><br \/>\n<span class=\"wpcf7-form-control-wrap\" data-name=\"contact-gender\"><input size=\"40\" maxlength=\"400\" class=\"wpcf7-form-control wpcf7-text\" id=\"contact-gender\" aria-invalid=\"false\" value=\"\" type=\"text\" name=\"contact-gender\" \/><\/span>\n\t\t\t<\/p>\n\t\t<\/div>\n\t\t<div class=\"col-md-6 col-sm-12\">\n\t\t\t<p><label for=\"contact-nationality\">Nasyonalite: <\/label><br \/>\n<span class=\"wpcf7-form-control-wrap\" data-name=\"contact-nationality\"><input size=\"40\" maxlength=\"400\" class=\"wpcf7-form-control wpcf7-text\" id=\"contact-nationality\" aria-invalid=\"false\" value=\"\" type=\"text\" name=\"contact-nationality\" \/><\/span>\n\t\t\t<\/p>\n\t\t<\/div>\n\t<\/div>\n\t<div class=\"row\">\n\t\t<div class=\"col-md-12 col-sm-12\">\n\t\t\t<p><label for=\"contact-more-info\">L\u00e8 w banou enfomasyon sou ou, Ou tou bay anplwaye ACNUR yo otorizasyon itilize yo pou demach neses\u00e8 yo. Y'ap jere tout enfomasyon ou pataje yo de many\u00e8 konfidans, epi an ak\u00f2 ak regleman ent\u00e8n ACNUR sou pwoteksyon Done p\u00e8son\u00e8l moun ki kons\u00e8ne yo (<a href=\"https:\/\/www.refworld.org\/cgi-bin\/texis\/vtx\/rwmain\/opendocpdf.pdf?reldoc=y&docid=58aadc2b4\"> Pol\u00edtica Sobre Protecci\u00f3n de Datos Personales de Personas de Inter\u00e9s del ACNUR<\/a>). <\/label>\n\t\t\t<\/p>\n\t\t<\/div>\n\t<\/div>\n\t<div class=\"row\">\n\t\t<div class=\"col-md-12 col-sm-12\">\n\t\t\t<p><label for=\"contact-more-info\">Si w vle, ou ka ekri nou pa im\u00e8l nan <a href=\"mailto:mexmeatencion@unhcr.org\">mexmeatencion@unhcr.org<\/a>, rele nou nan nimewo gratis 800 226 8769 oswa mande yon moun ACNUR pou jere plent ou an dir\u00e8kteman. <\/label>\n\t\t\t<\/p>\n\t\t<\/div>\n\t<\/div>\n\t<div class=\"row\">\n\t\t<div class=\"col-md-12 col-sm-12\">\n\t\t\t<p><label for=\"contact-thanks\">M\u00e8si pou k\u00f2mant\u00e8 w yo! <\/label>\n\t\t\t<\/p>\n\t\t<\/div>\n\t<\/div>\n\t<div class=\"row\" style=\"width: 95%; margin-bottom: 1em\">\n\t\t<div class=\"col-md-6 col-sm-12\">\n\t\t\t<p><input class=\"wpcf7-form-control wpcf7-submit has-spinner hp-btn hp-btn-ok\" id=\"submit\" type=\"submit\" value=\"Voye demand la\" \/>\n\t\t\t<\/p>\n\t\t<\/div>\n\t<\/div>\n<\/div><div class=\"wpcf7-response-output\" aria-hidden=\"true\"><\/div>\n<\/form>\n<\/div>\n\n","protected":false},"excerpt":{"rendered":"","protected":false},"author":64,"featured_media":0,"parent":0,"menu_order":0,"comment_status":"closed","ping_status":"closed","template":"","meta":{"_acf_changed":false,"footnotes":""},"class_list":["post-3429","page","type-page","status-publish","hentry"],"acf":[],"_links":{"self":[{"href":"https:\/\/help.unhcr.org\/mexico\/ht\/wp-json\/wp\/v2\/pages\/3429","targetHints":{"allow":["GET"]}}],"collection":[{"href":"https:\/\/help.unhcr.org\/mexico\/ht\/wp-json\/wp\/v2\/pages"}],"about":[{"href":"https:\/\/help.unhcr.org\/mexico\/ht\/wp-json\/wp\/v2\/types\/page"}],"author":[{"embeddable":true,"href":"https:\/\/help.unhcr.org\/mexico\/ht\/wp-json\/wp\/v2\/users\/64"}],"replies":[{"embeddable":true,"href":"https:\/\/help.unhcr.org\/mexico\/ht\/wp-json\/wp\/v2\/comments?post=3429"}],"version-history":[{"count":2,"href":"https:\/\/help.unhcr.org\/mexico\/ht\/wp-json\/wp\/v2\/pages\/3429\/revisions"}],"predecessor-version":[{"id":3440,"href":"https:\/\/help.unhcr.org\/mexico\/ht\/wp-json\/wp\/v2\/pages\/3429\/revisions\/3440"}],"wp:attachment":[{"href":"https:\/\/help.unhcr.org\/mexico\/ht\/wp-json\/wp\/v2\/media?parent=3429"}],"curies":[{"name":"wp","href":"https:\/\/api.w.org\/{rel}","templated":true}]}}