{"id":1863,"date":"2020-06-16T22:55:50","date_gmt":"2020-06-16T22:55:50","guid":{"rendered":"http:\/\/help.unhcr.org\/mexico\/where-to-seek-help\/mapas-de-servicios-2\/mapa-queretaro\/"},"modified":"2026-03-26T16:32:29","modified_gmt":"2026-03-26T16:32:29","slug":"mapa-queretaro","status":"publish","type":"page","link":"https:\/\/help.unhcr.org\/mexico\/ht\/where-to-seek-help\/mapas-de-servicios-2\/mapa-queretaro\/","title":{"rendered":"Quer\u00e9taro"},"content":{"rendered":"\n<p>Ou pa f\u00e8t Meksik, men w ap viv Quer\u00e9taro, Quer\u00e9taro?<\/p>\n\n\n\n<p> Ajans Nasyonzini pou Refijye yo (ACNUR) ansanm ak l\u00f2t enstitisyon ki asosye av\u00e8 l yo te prepare kat sa yo ki montre ki kote w ap jwenn pif\u00f2 s\u00e8vis nou yo nan plizy\u00e8 vil. Nou espere y ap ede w nan ef\u00f2 w ap f\u00e8 pou w pi byen adapte w nan peyi a. <\/p>\n\n\n\n<p>\ud83c\udf0e Jwenn s\u00e8vis sou <a href=\"https:\/\/www.google.com\/maps\/d\/u\/0\/viewer?mid=1aXMCuPOLpHO_B_X7Ohp5-FdNU6L3sspI&amp;ll=20.591822453252778%2C-100.31743780000001&amp;z=12\" target=\"_blank\" rel=\"noreferrer noopener\">Google Maps<\/a><\/p>\n","protected":false},"excerpt":{"rendered":"<p>Ou pa f\u00e8t Meksik, men w ap viv Quer\u00e9taro, Quer\u00e9taro? Ajans Nasyonzini pou Refijye yo (ACNUR) ansanm ak l\u00f2t enstitisyon ki asosye av\u00e8 l yo te prepare kat sa yo ki montre ki kote w ap jwenn pif\u00f2 s\u00e8vis nou yo nan plizy\u00e8 vil. Nou espere y ap ede w nan ef\u00f2 w ap f\u00e8 [&hellip;]<\/p>\n","protected":false},"author":1,"featured_media":0,"parent":1816,"menu_order":13,"comment_status":"closed","ping_status":"closed","template":"","meta":{"_acf_changed":false,"footnotes":""},"class_list":["post-1863","page","type-page","status-publish","hentry"],"acf":[],"_links":{"self":[{"href":"https:\/\/help.unhcr.org\/mexico\/ht\/wp-json\/wp\/v2\/pages\/1863","targetHints":{"allow":["GET"]}}],"collection":[{"href":"https:\/\/help.unhcr.org\/mexico\/ht\/wp-json\/wp\/v2\/pages"}],"about":[{"href":"https:\/\/help.unhcr.org\/mexico\/ht\/wp-json\/wp\/v2\/types\/page"}],"author":[{"embeddable":true,"href":"https:\/\/help.unhcr.org\/mexico\/ht\/wp-json\/wp\/v2\/users\/1"}],"replies":[{"embeddable":true,"href":"https:\/\/help.unhcr.org\/mexico\/ht\/wp-json\/wp\/v2\/comments?post=1863"}],"version-history":[{"count":3,"href":"https:\/\/help.unhcr.org\/mexico\/ht\/wp-json\/wp\/v2\/pages\/1863\/revisions"}],"predecessor-version":[{"id":7741,"href":"https:\/\/help.unhcr.org\/mexico\/ht\/wp-json\/wp\/v2\/pages\/1863\/revisions\/7741"}],"up":[{"embeddable":true,"href":"https:\/\/help.unhcr.org\/mexico\/ht\/wp-json\/wp\/v2\/pages\/1816"}],"wp:attachment":[{"href":"https:\/\/help.unhcr.org\/mexico\/ht\/wp-json\/wp\/v2\/media?parent=1863"}],"curies":[{"name":"wp","href":"https:\/\/api.w.org\/{rel}","templated":true}]}}