{"id":1855,"date":"2020-06-16T23:07:12","date_gmt":"2020-06-16T23:07:12","guid":{"rendered":"http:\/\/help.unhcr.org\/mexico\/where-to-seek-help\/mapas-de-servicios-2\/monterrey\/"},"modified":"2026-03-26T16:22:08","modified_gmt":"2026-03-26T16:22:08","slug":"monterrey","status":"publish","type":"page","link":"https:\/\/help.unhcr.org\/mexico\/ht\/where-to-seek-help\/mapas-de-servicios-2\/monterrey\/","title":{"rendered":"Monterrey"},"content":{"rendered":"\n<p> Ou pa f\u00e8t Meksik, men w ap viv Monterrey, Nuevo Leon?<\/p>\n\n\n\n<p>Ajans Nasyonzini pou Refijye yo (ACNUR) ansanm ak l\u00f2t enstitisyon ki asosye av\u00e8 l yo te prepare kat sa yo ki montre ki kote w ap jwenn pif\u00f2 s\u00e8vis nou yo nan plizy\u00e8 vil. Nou espere y ap ede w nan ef\u00f2 w ap f\u00e8 pou w pi byen adapte w nan peyi a. <\/p>\n\n\n\n<p> \ud83c\udf0e <a href=\"https:\/\/www.google.com\/maps\/d\/viewer?mid=1k_g2XYadDYHEOIgFzGpwLfu7Lrvn900&amp;ll=25.70934394895696%2C-100.32229335000001&amp;z=12\" data-type=\"link\" data-id=\"https:\/\/www.google.com\/maps\/d\/viewer?mid=1k_g2XYadDYHEOIgFzGpwLfu7Lrvn900&amp;ll=25.70934394895696%2C-100.32229335000001&amp;z=12\" target=\"_blank\" rel=\"noreferrer noopener\">Jwenn s\u00e8vis sou\u00a0Google Maps<\/a><\/p>\n\n\n\n<p><\/p>\n","protected":false},"excerpt":{"rendered":"<p>Ou pa f\u00e8t Meksik, men w ap viv Monterrey, Nuevo Leon? Ajans Nasyonzini pou Refijye yo (ACNUR) ansanm ak l\u00f2t enstitisyon ki asosye av\u00e8 l yo te prepare kat sa yo ki montre ki kote w ap jwenn pif\u00f2 s\u00e8vis nou yo nan plizy\u00e8 vil. Nou espere y ap ede w nan ef\u00f2 w ap [&hellip;]<\/p>\n","protected":false},"author":1,"featured_media":0,"parent":1816,"menu_order":8,"comment_status":"closed","ping_status":"closed","template":"","meta":{"_acf_changed":false,"footnotes":""},"class_list":["post-1855","page","type-page","status-publish","hentry"],"acf":[],"_links":{"self":[{"href":"https:\/\/help.unhcr.org\/mexico\/ht\/wp-json\/wp\/v2\/pages\/1855","targetHints":{"allow":["GET"]}}],"collection":[{"href":"https:\/\/help.unhcr.org\/mexico\/ht\/wp-json\/wp\/v2\/pages"}],"about":[{"href":"https:\/\/help.unhcr.org\/mexico\/ht\/wp-json\/wp\/v2\/types\/page"}],"author":[{"embeddable":true,"href":"https:\/\/help.unhcr.org\/mexico\/ht\/wp-json\/wp\/v2\/users\/1"}],"replies":[{"embeddable":true,"href":"https:\/\/help.unhcr.org\/mexico\/ht\/wp-json\/wp\/v2\/comments?post=1855"}],"version-history":[{"count":4,"href":"https:\/\/help.unhcr.org\/mexico\/ht\/wp-json\/wp\/v2\/pages\/1855\/revisions"}],"predecessor-version":[{"id":7720,"href":"https:\/\/help.unhcr.org\/mexico\/ht\/wp-json\/wp\/v2\/pages\/1855\/revisions\/7720"}],"up":[{"embeddable":true,"href":"https:\/\/help.unhcr.org\/mexico\/ht\/wp-json\/wp\/v2\/pages\/1816"}],"wp:attachment":[{"href":"https:\/\/help.unhcr.org\/mexico\/ht\/wp-json\/wp\/v2\/media?parent=1855"}],"curies":[{"name":"wp","href":"https:\/\/api.w.org\/{rel}","templated":true}]}}