{"id":1849,"date":"2020-06-16T22:46:06","date_gmt":"2020-06-16T22:46:06","guid":{"rendered":"http:\/\/help.unhcr.org\/mexico\/where-to-seek-help\/mapas-de-servicios-2\/ciudad-juarez\/"},"modified":"2026-03-26T16:06:35","modified_gmt":"2026-03-26T16:06:35","slug":"ciudad-juarez","status":"publish","type":"page","link":"https:\/\/help.unhcr.org\/mexico\/ht\/where-to-seek-help\/mapas-de-servicios-2\/ciudad-juarez\/","title":{"rendered":"Ciudad Juarez"},"content":{"rendered":"\n<p> Ou pa f\u00e8t Meksik, men w ap viv Ciudad Juarez, Chihuahua?<\/p>\n\n\n\n<p>Ajans Nasyonzini pou Refijye yo (ACNUR) ansanm ak l\u00f2t enstitisyon ki asosye av\u00e8 l yo te prepare kat sa yo ki montre ki kote w ap jwenn pif\u00f2 s\u00e8vis nou yo nan plizy\u00e8 vil. Nou espere y ap ede w nan ef\u00f2 w ap f\u00e8 pou w pi byen adapte w nan peyi a. <\/p>\n\n\n\n<p> \ud83c\udf0e <a href=\"https:\/\/www.google.com\/maps\/d\/u\/0\/viewer?mid=1EVtpO-lQhz22pc6ja6CicaXZWgKvAzI&amp;ll=31.702373156695682%2C-106.42821299999999&amp;z=13\" data-type=\"link\" data-id=\"https:\/\/www.google.com\/maps\/d\/u\/0\/viewer?mid=1EVtpO-lQhz22pc6ja6CicaXZWgKvAzI&amp;ll=31.702373156695682%2C-106.42821299999999&amp;z=13\" target=\"_blank\" rel=\"noreferrer noopener\">Jwenn s\u00e8vis sou Google Maps<\/a><\/p>\n","protected":false},"excerpt":{"rendered":"<p>Ou pa f\u00e8t Meksik, men w ap viv Ciudad Juarez, Chihuahua? Ajans Nasyonzini pou Refijye yo (ACNUR) ansanm ak l\u00f2t enstitisyon ki asosye av\u00e8 l yo te prepare kat sa yo ki montre ki kote w ap jwenn pif\u00f2 s\u00e8vis nou yo nan plizy\u00e8 vil. Nou espere y ap ede w nan ef\u00f2 w ap [&hellip;]<\/p>\n","protected":false},"author":1,"featured_media":0,"parent":1816,"menu_order":4,"comment_status":"closed","ping_status":"closed","template":"","meta":{"_acf_changed":false,"footnotes":""},"class_list":["post-1849","page","type-page","status-publish","hentry"],"acf":[],"_links":{"self":[{"href":"https:\/\/help.unhcr.org\/mexico\/ht\/wp-json\/wp\/v2\/pages\/1849","targetHints":{"allow":["GET"]}}],"collection":[{"href":"https:\/\/help.unhcr.org\/mexico\/ht\/wp-json\/wp\/v2\/pages"}],"about":[{"href":"https:\/\/help.unhcr.org\/mexico\/ht\/wp-json\/wp\/v2\/types\/page"}],"author":[{"embeddable":true,"href":"https:\/\/help.unhcr.org\/mexico\/ht\/wp-json\/wp\/v2\/users\/1"}],"replies":[{"embeddable":true,"href":"https:\/\/help.unhcr.org\/mexico\/ht\/wp-json\/wp\/v2\/comments?post=1849"}],"version-history":[{"count":4,"href":"https:\/\/help.unhcr.org\/mexico\/ht\/wp-json\/wp\/v2\/pages\/1849\/revisions"}],"predecessor-version":[{"id":7704,"href":"https:\/\/help.unhcr.org\/mexico\/ht\/wp-json\/wp\/v2\/pages\/1849\/revisions\/7704"}],"up":[{"embeddable":true,"href":"https:\/\/help.unhcr.org\/mexico\/ht\/wp-json\/wp\/v2\/pages\/1816"}],"wp:attachment":[{"href":"https:\/\/help.unhcr.org\/mexico\/ht\/wp-json\/wp\/v2\/media?parent=1849"}],"curies":[{"name":"wp","href":"https:\/\/api.w.org\/{rel}","templated":true}]}}