{"id":1828,"date":"2020-06-16T21:42:30","date_gmt":"2020-06-16T21:42:30","guid":{"rendered":"http:\/\/help.unhcr.org\/mexico\/where-to-seek-help\/mapas-de-servicios-2\/ciudad-de-mexico\/"},"modified":"2026-03-26T16:03:39","modified_gmt":"2026-03-26T16:03:39","slug":"ciudad-de-mexico","status":"publish","type":"page","link":"https:\/\/help.unhcr.org\/mexico\/ht\/where-to-seek-help\/mapas-de-servicios-2\/ciudad-de-mexico\/","title":{"rendered":"Mexico"},"content":{"rendered":"\n<p>Nou ap mete ajou fich s\u00e8vis nou nan Vil Meksiko.<br>Si ou bezwen enf\u00f2masyon sou s\u00e8vis nan vil la, kontakte ACNUR:<\/p>\n\n\n\n<p>\ud83d\udcde\u00a0<strong>Telef\u00f2n gratis:\u00a0<\/strong><a href=\"tel:8002268769\">800 226 8769<\/a>\u00a0oswa\u00a0<a href=\"tel:8002832718\">800 283 2718<\/a><\/p>\n\n\n\n<p>\ud83d\udcf1\u00a0<strong>WhatsApp:<\/strong>\u00a0<a href=\"https:\/\/wa.me\/+525570055950\">+52 55 7005 5950<\/a>\u00a0ak\u00a0<a href=\"https:\/\/wa.me\/+525525352950\">+52 55 2535 2950<\/a><\/p>\n\n\n\n<p><\/p>\n","protected":false},"excerpt":{"rendered":"<p>Nou ap mete ajou fich s\u00e8vis nou nan Vil Meksiko.Si ou bezwen enf\u00f2masyon sou s\u00e8vis nan vil la, kontakte ACNUR: \ud83d\udcde\u00a0Telef\u00f2n gratis:\u00a0800 226 8769\u00a0oswa\u00a0800 283 2718 \ud83d\udcf1\u00a0WhatsApp:\u00a0+52 55 7005 5950\u00a0ak\u00a0+52 55 2535 2950<\/p>\n","protected":false},"author":1,"featured_media":0,"parent":1816,"menu_order":3,"comment_status":"closed","ping_status":"closed","template":"","meta":{"_acf_changed":false,"footnotes":""},"class_list":["post-1828","page","type-page","status-publish","hentry"],"acf":[],"_links":{"self":[{"href":"https:\/\/help.unhcr.org\/mexico\/ht\/wp-json\/wp\/v2\/pages\/1828","targetHints":{"allow":["GET"]}}],"collection":[{"href":"https:\/\/help.unhcr.org\/mexico\/ht\/wp-json\/wp\/v2\/pages"}],"about":[{"href":"https:\/\/help.unhcr.org\/mexico\/ht\/wp-json\/wp\/v2\/types\/page"}],"author":[{"embeddable":true,"href":"https:\/\/help.unhcr.org\/mexico\/ht\/wp-json\/wp\/v2\/users\/1"}],"replies":[{"embeddable":true,"href":"https:\/\/help.unhcr.org\/mexico\/ht\/wp-json\/wp\/v2\/comments?post=1828"}],"version-history":[{"count":4,"href":"https:\/\/help.unhcr.org\/mexico\/ht\/wp-json\/wp\/v2\/pages\/1828\/revisions"}],"predecessor-version":[{"id":7698,"href":"https:\/\/help.unhcr.org\/mexico\/ht\/wp-json\/wp\/v2\/pages\/1828\/revisions\/7698"}],"up":[{"embeddable":true,"href":"https:\/\/help.unhcr.org\/mexico\/ht\/wp-json\/wp\/v2\/pages\/1816"}],"wp:attachment":[{"href":"https:\/\/help.unhcr.org\/mexico\/ht\/wp-json\/wp\/v2\/media?parent=1828"}],"curies":[{"name":"wp","href":"https:\/\/api.w.org\/{rel}","templated":true}]}}