{"id":1801,"date":"2020-06-17T23:59:37","date_gmt":"2020-06-17T23:59:37","guid":{"rendered":"http:\/\/help.unhcr.org\/mexico\/where-to-seek-help\/contacta-a-la-comar\/"},"modified":"2025-11-21T00:08:02","modified_gmt":"2025-11-21T00:08:02","slug":"contacta-a-la-comar","status":"publish","type":"page","link":"https:\/\/help.unhcr.org\/mexico\/ht\/where-to-seek-help\/contacta-a-la-comar\/","title":{"rendered":"Kontakte COMAR"},"content":{"rendered":"\n<div class=\"wp-block-group has-background\" style=\"background-color:#cce2f3\"><div class=\"wp-block-group__inner-container is-layout-constrained wp-block-group-is-layout-constrained\">\n<p class=\"has-black-color has-text-color has-link-color wp-elements-6ac3f10fd6b9b989dc9245576d8a83a4\">Enstitisyon gouv\u00e8nman Meksik la mete sou pye ki rele <strong>Comisi\u00f3n Mexicana de Ayuda a Refugiados<\/strong> <strong>(COMAR)<\/strong> la gen objektif pou l egzamine demann moun f\u00e8 pou yo ka rekon\u00e8t yo k\u00f2m refijye nan peyi a.<\/p>\n\n\n\n<p class=\"has-black-color has-text-color has-link-color wp-elements-abf9b5cba4d3709817a0ad0d4ebaa24f\">\u26a0\ufe0f <strong>Pa bliye, tout s\u00e8vis COMAR yo gratis. \u00a0<\/strong><\/p>\n<\/div><\/div>\n\n\n\n<p><\/p>\n\n\n\n<p class=\"has-background\" style=\"background-color:#fdf799\">Sonje! kote ki pa genyen prezans ofisy\u00e8l COMAR, ou ka ale nan biwo regilarizasyon migratwa <strong>Enstiti Nasyonal Migrasyon<\/strong> (Sig an espa\u00f1ol: <strong>INM<\/strong>).<\/p>\n\n\n\n<p><\/p>\n","protected":false},"excerpt":{"rendered":"<p>Enstitisyon gouv\u00e8nman Meksik la mete sou pye ki rele Comisi\u00f3n Mexicana de Ayuda a Refugiados (COMAR) la gen objektif pou l egzamine demann moun f\u00e8 pou yo ka rekon\u00e8t yo k\u00f2m refijye nan peyi a. \u26a0\ufe0f Pa bliye, tout s\u00e8vis COMAR yo gratis. \u00a0 Sonje! kote ki pa genyen prezans ofisy\u00e8l COMAR, ou ka ale [&hellip;]<\/p>\n","protected":false},"author":1,"featured_media":0,"parent":1787,"menu_order":1,"comment_status":"closed","ping_status":"closed","template":"page-templates\/sectioned.php","meta":{"_acf_changed":false,"footnotes":""},"class_list":["post-1801","page","type-page","status-publish","hentry"],"acf":[],"_links":{"self":[{"href":"https:\/\/help.unhcr.org\/mexico\/ht\/wp-json\/wp\/v2\/pages\/1801","targetHints":{"allow":["GET"]}}],"collection":[{"href":"https:\/\/help.unhcr.org\/mexico\/ht\/wp-json\/wp\/v2\/pages"}],"about":[{"href":"https:\/\/help.unhcr.org\/mexico\/ht\/wp-json\/wp\/v2\/types\/page"}],"author":[{"embeddable":true,"href":"https:\/\/help.unhcr.org\/mexico\/ht\/wp-json\/wp\/v2\/users\/1"}],"replies":[{"embeddable":true,"href":"https:\/\/help.unhcr.org\/mexico\/ht\/wp-json\/wp\/v2\/comments?post=1801"}],"version-history":[{"count":33,"href":"https:\/\/help.unhcr.org\/mexico\/ht\/wp-json\/wp\/v2\/pages\/1801\/revisions"}],"predecessor-version":[{"id":7364,"href":"https:\/\/help.unhcr.org\/mexico\/ht\/wp-json\/wp\/v2\/pages\/1801\/revisions\/7364"}],"up":[{"embeddable":true,"href":"https:\/\/help.unhcr.org\/mexico\/ht\/wp-json\/wp\/v2\/pages\/1787"}],"wp:attachment":[{"href":"https:\/\/help.unhcr.org\/mexico\/ht\/wp-json\/wp\/v2\/media?parent=1801"}],"curies":[{"name":"wp","href":"https:\/\/api.w.org\/{rel}","templated":true}]}}