{"id":1797,"date":"2018-01-23T15:49:26","date_gmt":"2018-01-23T15:49:26","guid":{"rendered":"http:\/\/help.unhcr.org\/mexico\/where-to-seek-help\/confia-en-el-jaguar\/"},"modified":"2026-03-11T17:36:00","modified_gmt":"2026-03-11T17:36:00","slug":"confia-en-el-jaguar","status":"publish","type":"page","link":"https:\/\/help.unhcr.org\/mexico\/ht\/where-to-seek-help\/confia-en-el-jaguar\/","title":{"rendered":"@Conf\u00edaEnElJaguar"},"content":{"rendered":"\n<p class=\"has-background\" style=\"background-color:#fdf799\">Si w se yon moun ki kite peyi w e w bezwen kons\u00e8y, ou ka ale nan <strong>El Jaguar.<\/strong><\/p>\n\n\n\n<p>Si w ap sou paj Facebook \u00f2ganizasyon ki rele <a href=\"https:\/\/www.facebook.com\/ConfiaEnElJaguar\" data-type=\"link\" data-id=\"https:\/\/www.facebook.com\/ConfiaEnElJaguar\" target=\"_blank\" rel=\"noreferrer noopener\">Conf\u00eda en El Jaguar<\/a> la, w ap jwenn enf\u00f2masyon k ap ede w pwoteje t\u00e8t ou chak jou.<\/p>\n\n\n<div class=\"wp-block-image\">\n<figure class=\"aligncenter size-full is-resized\"><a href=\"https:\/\/www.facebook.com\/watch\/?v=742858662873674&amp;t=1\" target=\"_blank\" rel=\"noopener\"><img loading=\"lazy\" decoding=\"async\" width=\"927\" height=\"516\" src=\"https:\/\/help.unhcr.org\/mexico\/wp-content\/uploads\/sites\/22\/2022\/08\/220830_EL-JAGUAR1.png\" alt=\"\" class=\"wp-image-4276\" style=\"aspect-ratio:1.8034188034188035;width:368px;height:auto\" srcset=\"https:\/\/help.unhcr.org\/mexico\/wp-content\/uploads\/sites\/22\/2022\/08\/220830_EL-JAGUAR1.png 927w, https:\/\/help.unhcr.org\/mexico\/wp-content\/uploads\/sites\/22\/2022\/08\/220830_EL-JAGUAR1-300x167.png 300w, https:\/\/help.unhcr.org\/mexico\/wp-content\/uploads\/sites\/22\/2022\/08\/220830_EL-JAGUAR1-768x427.png 768w\" sizes=\"auto, (max-width: 927px) 100vw, 927px\" \/><\/a><\/figure><\/div>\n\n\n<p>\u2705 W ap vin aprann:<\/p>\n\n\n\n<div class=\"wp-block-group\"><div class=\"wp-block-group__inner-container is-layout-constrained wp-block-group-is-layout-constrained\">\n<ul class=\"wp-block-list\">\n<li>Kont ki sa ou bezwen pwoteje t\u00e8t ou.<\/li>\n\n\n\n<li>Ki kote w kapab jwenn \u00e8d.<\/li>\n\n\n\n<li>Ki dwa ou genyen.<\/li>\n\n\n\n<li>Etap pou w suiv pou w f\u00e8 yon demann pou w vin yon refijye.<\/li>\n\n\n\n<li>Eksperyans moun ki nan menm sitiyasyon av\u00e8k ou.<\/li>\n\n\n\n<li>Enf\u00f2masyon sou sa w dwe f\u00e8 pou w vin an r\u00e8g ak imigrasyon.<\/li>\n\n\n\n<li>W ap konn ki fwaye ak\u00e8y ak ki \u00f2ganizasyon ki ka ede w.<\/li>\n\n\n\n<li>Kons\u00e8y pou timoun ak adolesan.<\/li>\n\n\n\n<li>Kons\u00e8y pou moun LGBTIQ+.<\/li>\n<\/ul>\n<\/div><\/div>\n\n\n\n<p>\ud83d\udde3\ufe0f Ou ka poze El Jaguar kesyon tou sou <a href=\"http:\/\/m.me\/ConfiaEnElJaguar\" data-type=\"link\" data-id=\"http:\/\/m.me\/ConfiaEnElJaguar\" target=\"_blank\" rel=\"noreferrer noopener\">Messenger Facebook<\/a> la pou nenp\u00f2t dout ou genyen, e y ap reponn ou dir\u00e8kteman.<\/p>\n\n\n\n<p><a href=\"https:\/\/help.unhcr.org\/mexico\/ht\/where-to-seek-help\/\">&lt;&lt; Kiy\u00e8s ki ka ede m?<\/a><\/p>\n","protected":false},"excerpt":{"rendered":"<p>Si w se yon moun ki kite peyi w e w bezwen kons\u00e8y, ou ka ale nan El Jaguar. Si w ap sou paj Facebook \u00f2ganizasyon ki rele Conf\u00eda en El Jaguar la, w ap jwenn enf\u00f2masyon k ap ede w pwoteje t\u00e8t ou chak jou. \u2705 W ap vin aprann: \ud83d\udde3\ufe0f Ou ka poze [&hellip;]<\/p>\n","protected":false},"author":1,"featured_media":0,"parent":1787,"menu_order":2,"comment_status":"closed","ping_status":"closed","template":"","meta":{"_acf_changed":false,"footnotes":""},"class_list":["post-1797","page","type-page","status-publish","hentry"],"acf":[],"_links":{"self":[{"href":"https:\/\/help.unhcr.org\/mexico\/ht\/wp-json\/wp\/v2\/pages\/1797","targetHints":{"allow":["GET"]}}],"collection":[{"href":"https:\/\/help.unhcr.org\/mexico\/ht\/wp-json\/wp\/v2\/pages"}],"about":[{"href":"https:\/\/help.unhcr.org\/mexico\/ht\/wp-json\/wp\/v2\/types\/page"}],"author":[{"embeddable":true,"href":"https:\/\/help.unhcr.org\/mexico\/ht\/wp-json\/wp\/v2\/users\/1"}],"replies":[{"embeddable":true,"href":"https:\/\/help.unhcr.org\/mexico\/ht\/wp-json\/wp\/v2\/comments?post=1797"}],"version-history":[{"count":9,"href":"https:\/\/help.unhcr.org\/mexico\/ht\/wp-json\/wp\/v2\/pages\/1797\/revisions"}],"predecessor-version":[{"id":7641,"href":"https:\/\/help.unhcr.org\/mexico\/ht\/wp-json\/wp\/v2\/pages\/1797\/revisions\/7641"}],"up":[{"embeddable":true,"href":"https:\/\/help.unhcr.org\/mexico\/ht\/wp-json\/wp\/v2\/pages\/1787"}],"wp:attachment":[{"href":"https:\/\/help.unhcr.org\/mexico\/ht\/wp-json\/wp\/v2\/media?parent=1797"}],"curies":[{"name":"wp","href":"https:\/\/api.w.org\/{rel}","templated":true}]}}