{"id":1790,"date":"2020-06-17T23:47:36","date_gmt":"2020-06-17T23:47:36","guid":{"rendered":"http:\/\/help.unhcr.org\/mexico\/where-to-seek-help\/que-puede-hacer-el-acnur-por-mi\/"},"modified":"2026-03-11T16:34:57","modified_gmt":"2026-03-11T16:34:57","slug":"que-puede-hacer-el-acnur-por-mi","status":"publish","type":"page","link":"https:\/\/help.unhcr.org\/mexico\/ht\/where-to-seek-help\/que-puede-hacer-el-acnur-por-mi\/","title":{"rendered":"Ki sa ACNUR ka f\u00e8 pou mwen?"},"content":{"rendered":"\n<p class=\"has-black-color has-text-color has-background has-link-color wp-elements-e0f6aeaf8c108f00aadef54a0032ea8e\" style=\"background-color:#cce2f3\"><strong>ACNUR <\/strong>ak \u00f2ganizasyon sosyete sivil yo ap kolabore ansanm pou yo bay moun ki f\u00e8 demann pou yo vin refijye, moun ki refijye ak moun ki jwenn l\u00f2t kalite pwoteksyon nan peyi Meksik, tankou:<\/p>\n\n\n\n<blockquote class=\"wp-block-quote is-layout-flow wp-block-quote-is-layout-flow\">\n<ul class=\"wp-block-list\">\n<li>W ap jwenn enf\u00f2masyon sou demach ak s\u00e8vis yo ou bezwen nan peyi a.<\/li>\n\n\n\n<li>Y ap akonpaye w pandan tout demach w ap f\u00e8 nan <a href=\"https:\/\/help.unhcr.org\/mexico\/ht\/where-to-seek-help\/contacta-a-la-comar\/\" data-type=\"page\" data-id=\"1801\">COMAR<\/a> yo ak demach w ap f\u00e8 ou yo nan INM.<\/li>\n\n\n\n<li>Asistans jiridik gratis si ka pa w la mande sa.<\/li>\n\n\n\n<li>Oryantasyon pou w ka etidye oubyen kontinye etid ou, gen aks\u00e8 ak s\u00e8vis sante, pran f\u00f2masyon teknik, oswa gen dokiman legal pou w ka travay nan peyi a.<\/li>\n\n\n\n<li>Pran kontak ak \u00f2ganizasyon ansanm ak otorite nan peyi a pou w ka pwoteje t\u00e8t ou ak lavi w pandan tan w ap f\u00e8 nan peyi Meksik la.<\/li>\n<\/ul>\n<\/blockquote>\n\n\n\n<p><\/p>\n\n\n\n<p>Epitou, nou gen pwogram k ap ede refijye yo byen adapte yo pou yo ka\nekilibre lavi yo nan peyi Meksik. <\/p>\n\n\n\n<p><strong>Tout moun pa gen menm bezwen, se sa k f\u00e8 nou pa bay tout moun menm kalite \u00e8d. Tout \u00e8d nou bay yo ann amoni ak posiblite ACNUR, e pwogram nou yo chanje selon sitiyasyon yo.&nbsp;<\/strong><\/p>\n\n\n\n<p>Sonje, n ap kapab ede w si w deja prezante dosye w devan COMAR, si w se yon moun yo rekon\u00e8t k\u00f2m refijye, oubyen w se yon moun k ap resevwa yon l\u00f2t kalite \u00e8d.<\/p>\n\n\n\n<p>Si ou bezwen plis enf\u00f2masyon, kontakte ACNUR soti nenp\u00f2t kote nan Meksik:<\/p>\n\n\n\n<p>\ud83d\udcde\u00a0<strong>Telef\u00f2n gratis:<\/strong>\u00a0<a href=\"tel:+528002268769\">800 226 8769<\/a>\u00a0oswa\u00a0<a href=\"tel:+528002832718\">800 283 2718<\/a>\u00a0<em>(Si w pa anndan peyi Meksik, sonje tape +52 devan nimewo a)<\/em><br>\ud83d\udcf1\u00a0<strong>WhatsApp:<\/strong>\u00a0<a href=\"https:\/\/wa.me\/+525570055950\">+52 55 7005 5950<\/a>\u00a0ak\u00a0<a href=\"https:\/\/wa.me\/+525525352950\">+52 55 2535 2950<\/a><br>\ud83d\udce7\u00a0<strong>Oswa sou imel sa a<\/strong>:\u00a0<a href=\"mailto:mexmeatencion@unhcr.org\" target=\"_blank\" rel=\"noreferrer noopener\">mexmeatencion@unhcr.org<\/a><\/p>\n\n\n\n<p>Ou ka antre sou paj Facebook&nbsp;<a href=\"https:\/\/www.facebook.com\/ConfiaEnElJaguar\" target=\"_blank\" rel=\"noreferrer noopener\">El Jaguar<\/a>&nbsp;pou w kapab jwenn enf\u00f2masyon epi pou yo ka reponn kesyon ou yo.&nbsp;<\/p>\n\n\n\n<p class=\"has-background\" style=\"background-color:#fae90070\">\u26a0\ufe0f <strong>Nou bay chak moun yon atansyon p\u00e8son\u00e8l, e nou egzamine ka yo youn pa youn gratis.<\/strong><\/p>\n\n\n\n<p><a href=\"https:\/\/help.unhcr.org\/mexico\/ht\/where-to-seek-help\/\">&lt;&lt; Kiy\u00e8s ki ka ede m?<\/a><\/p>\n\n\n\n<p><\/p>\n","protected":false},"excerpt":{"rendered":"<p>ACNUR ak \u00f2ganizasyon sosyete sivil yo ap kolabore ansanm pou yo bay moun ki f\u00e8 demann pou yo vin refijye, moun ki refijye ak moun ki jwenn l\u00f2t kalite pwoteksyon nan peyi Meksik, tankou: Epitou, nou gen pwogram k ap ede refijye yo byen adapte yo pou yo ka ekilibre lavi yo nan peyi Meksik. [&hellip;]<\/p>\n","protected":false},"author":1,"featured_media":0,"parent":1787,"menu_order":0,"comment_status":"closed","ping_status":"closed","template":"","meta":{"_acf_changed":false,"footnotes":""},"class_list":["post-1790","page","type-page","status-publish","hentry"],"acf":[],"_links":{"self":[{"href":"https:\/\/help.unhcr.org\/mexico\/ht\/wp-json\/wp\/v2\/pages\/1790","targetHints":{"allow":["GET"]}}],"collection":[{"href":"https:\/\/help.unhcr.org\/mexico\/ht\/wp-json\/wp\/v2\/pages"}],"about":[{"href":"https:\/\/help.unhcr.org\/mexico\/ht\/wp-json\/wp\/v2\/types\/page"}],"author":[{"embeddable":true,"href":"https:\/\/help.unhcr.org\/mexico\/ht\/wp-json\/wp\/v2\/users\/1"}],"replies":[{"embeddable":true,"href":"https:\/\/help.unhcr.org\/mexico\/ht\/wp-json\/wp\/v2\/comments?post=1790"}],"version-history":[{"count":11,"href":"https:\/\/help.unhcr.org\/mexico\/ht\/wp-json\/wp\/v2\/pages\/1790\/revisions"}],"predecessor-version":[{"id":7607,"href":"https:\/\/help.unhcr.org\/mexico\/ht\/wp-json\/wp\/v2\/pages\/1790\/revisions\/7607"}],"up":[{"embeddable":true,"href":"https:\/\/help.unhcr.org\/mexico\/ht\/wp-json\/wp\/v2\/pages\/1787"}],"wp:attachment":[{"href":"https:\/\/help.unhcr.org\/mexico\/ht\/wp-json\/wp\/v2\/media?parent=1790"}],"curies":[{"name":"wp","href":"https:\/\/api.w.org\/{rel}","templated":true}]}}