{"id":1780,"date":"2018-01-23T15:33:34","date_gmt":"2018-01-23T15:33:34","guid":{"rendered":"http:\/\/help.unhcr.org\/mexico\/quien-es-una-persona-refugiada\/"},"modified":"2026-03-11T16:28:53","modified_gmt":"2026-03-11T16:28:53","slug":"quien-es-una-persona-refugiada","status":"publish","type":"page","link":"https:\/\/help.unhcr.org\/mexico\/ht\/quien-es-una-persona-refugiada\/","title":{"rendered":"Ki l\u00e8 yon moun se yon refijye?"},"content":{"rendered":"\n<p>Yon moun refijye se yon moun<strong> ki te oblije kite peyi<\/strong> li paske lavi li te an danje. Sa ka rive pout\u00e8t:&nbsp;<\/p>\n\n\n\n<ul class=\"wp-block-list\">\n<li><strong>Lag\u00e8<\/strong><\/li>\n\n\n\n<li><strong>Vyolans<\/strong><\/li>\n\n\n\n<li><strong>P\u00e8sikisyon<\/strong><\/li>\n<\/ul>\n\n\n\n<p class=\"has-text-align-left has-black-color has-text-color has-background has-link-color wp-elements-67bb8d67d044c2f5b7c7974d3c9b6490\" style=\"background-color:#fdf799\">\u26a0\ufe0f Si w p\u00e8 retounen nan peyi w paske lavi w an danje, ou ka yon moun refijye.<\/p>\n\n\n\n<p>\u2705&nbsp;<strong>Dapre lwa Meksik la, ou se yon refijye si:<\/strong><\/p>\n\n\n\n<ul class=\"wp-block-list\">\n<li>Ou p\u00e8 yo <strong>p\u00e8sikite w pout\u00e8t<\/strong> ras ou, relijyon ou, nasyonalite ou, s\u00e8ks ou, opinyon politik ou oswa gwoup sosyal ou f\u00e8 pati.<\/li>\n\n\n\n<li><strong>Ou dey\u00f2 peyi <\/strong>w epi ou pa ka jwenn pwoteksyon nan men gouv\u00e8nman w.<\/li>\n\n\n\n<li>Lavi w, sekirite w oswa lib\u00e8te w an danje pout\u00e8t:\n<ul class=\"wp-block-list\">\n<li>Vyolans jeneralize<\/li>\n\n\n\n<li>Konfli ame<\/li>\n\n\n\n<li>Vyolasyon grav dwa moun<\/li>\n\n\n\n<li>Sitiyasyon ki kraze l\u00f2d piblik<\/li>\n<\/ul>\n<\/li>\n<\/ul>\n\n\n\n<hr class=\"wp-block-separator has-alpha-channel-opacity\" \/>\n\n\n\n<p>\u26a0\ufe0f&nbsp;<strong>Egzanp risk:<\/strong><\/p>\n\n\n\n<ul class=\"wp-block-list\">\n<li><strong>Ekst\u00f2syon, menas, bat oswa vyolans seksy\u00e8l<\/strong> pa gang oswa gwoup ame:\n<ul class=\"wp-block-list\">\n<li>Paske ou refize kolabore<\/li>\n\n\n\n<li>Paske ou pa peye \u201cdwa pou pase\u201d<\/li>\n\n\n\n<li>Paske ou refize vin patn\u00e8 yon moun nan gwoup la<\/li>\n\n\n\n<li>Paske ou temwen yon krim<\/li>\n<\/ul>\n<\/li>\n\n\n\n<li><strong>Diskriminasyon oswa agresyon<\/strong> pout\u00e8t relijyon ou, opinyon politik ou, nasyonalite ou oswa etni ou<\/li>\n\n\n\n<li><strong>Vyolans fizik oswa seksy\u00e8l<\/strong> pout\u00e8t idantite seksy\u00e8l ou oswa oryantasyon seksy\u00e8l ou (moun LGBTIQ)<\/li>\n\n\n\n<li><strong>Vyolans nan fanmi<\/strong> (konjwen, ansyen konjwen, manm fanmi)<\/li>\n\n\n\n<li><strong>P\u00e8di kay, t\u00e8 oswa byen<\/strong><\/li>\n\n\n\n<li><strong>F\u00f2se w f\u00e8 pwostitisyon oswa marye kont volonte w<\/strong><\/li>\n\n\n\n<li><strong>Konfli ame oswa vyolans grav nan kominote w<\/strong><\/li>\n<\/ul>\n\n\n\n<hr class=\"wp-block-separator has-alpha-channel-opacity\" \/>\n\n\n\n<p>\u2139\ufe0f&nbsp;<strong>Kiy\u00e8s ki ka ede w nan Meksik?<\/strong><\/p>\n\n\n\n<ul class=\"wp-block-list\">\n<li><strong>COMAR<\/strong>: <a href=\"https:\/\/help.unhcr.org\/mexico\/ht\/where-to-seek-help\/contacta-a-la-comar\/\" data-type=\"page\" data-id=\"1801\">Komisyon Meksiken pou Ede Refijye<\/a> (trete demann refijye yo)<\/li>\n\n\n\n<li><strong>ACNUR<\/strong>: Si ou se yon refijye, panse ou ka refijye oswa bezwen enf\u00f2masyon, kontakte ACNUR nenp\u00f2t kote nan Meksik:<\/li>\n<\/ul>\n\n\n\n<p>\ud83d\udcde\u00a0<strong>Telef\u00f2n gratis:<\/strong>\u00a0<a href=\"tel:+528002268769\">800 226 8769<\/a>\u00a0oswa\u00a0<a href=\"tel:+528002832718\">800 283 2718<\/a>\u00a0<em>(Si w pa anndan peyi Meksik, sonje tape +52 devan nimewo a)<\/em><br>\ud83d\udcf1\u00a0<strong>WhatsApp:<\/strong>\u00a0<a href=\"https:\/\/wa.me\/+525570055950\">+52 55 7005 5950<\/a>\u00a0ak\u00a0<a href=\"https:\/\/wa.me\/+525525352950\">+52 55 2535 2950<\/a><br>\ud83d\udce7\u00a0<strong>Oswa sou imel sa a<\/strong>:\u00a0<a href=\"mailto:mexmeatencion@unhcr.org\" target=\"_blank\" rel=\"noreferrer noopener\">mexmeatencion@unhcr.org<\/a><\/p>\n\n\n\n<p>Ou ka antre sou paj Facebook&nbsp;<a href=\"https:\/\/www.facebook.com\/ConfiaEnElJaguar\" target=\"_blank\" rel=\"noreferrer noopener\">El Jaguar<\/a>&nbsp;pou w kapab jwenn enf\u00f2masyon epi pou yo ka reponn kesyon ou yo.&nbsp;<br><\/p>\n\n\n\n<p><\/p>\n","protected":false},"excerpt":{"rendered":"<p>Yon moun refijye se yon moun ki te oblije kite peyi li paske lavi li te an danje. Sa ka rive pout\u00e8t:&nbsp; \u26a0\ufe0f Si w p\u00e8 retounen nan peyi w paske lavi w an danje, ou ka yon moun refijye. \u2705&nbsp;Dapre lwa Meksik la, ou se yon refijye si: \u26a0\ufe0f&nbsp;Egzanp risk: \u2139\ufe0f&nbsp;Kiy\u00e8s ki ka ede [&hellip;]<\/p>\n","protected":false},"author":1,"featured_media":0,"parent":0,"menu_order":2,"comment_status":"closed","ping_status":"closed","template":"","meta":{"_acf_changed":false,"footnotes":""},"class_list":["post-1780","page","type-page","status-publish","hentry"],"acf":[],"_links":{"self":[{"href":"https:\/\/help.unhcr.org\/mexico\/ht\/wp-json\/wp\/v2\/pages\/1780","targetHints":{"allow":["GET"]}}],"collection":[{"href":"https:\/\/help.unhcr.org\/mexico\/ht\/wp-json\/wp\/v2\/pages"}],"about":[{"href":"https:\/\/help.unhcr.org\/mexico\/ht\/wp-json\/wp\/v2\/types\/page"}],"author":[{"embeddable":true,"href":"https:\/\/help.unhcr.org\/mexico\/ht\/wp-json\/wp\/v2\/users\/1"}],"replies":[{"embeddable":true,"href":"https:\/\/help.unhcr.org\/mexico\/ht\/wp-json\/wp\/v2\/comments?post=1780"}],"version-history":[{"count":20,"href":"https:\/\/help.unhcr.org\/mexico\/ht\/wp-json\/wp\/v2\/pages\/1780\/revisions"}],"predecessor-version":[{"id":7602,"href":"https:\/\/help.unhcr.org\/mexico\/ht\/wp-json\/wp\/v2\/pages\/1780\/revisions\/7602"}],"wp:attachment":[{"href":"https:\/\/help.unhcr.org\/mexico\/ht\/wp-json\/wp\/v2\/media?parent=1780"}],"curies":[{"name":"wp","href":"https:\/\/api.w.org\/{rel}","templated":true}]}}