{"id":1777,"date":"2017-11-22T10:58:18","date_gmt":"2017-11-22T10:58:18","guid":{"rendered":"http:\/\/help.unhcr.org\/mexico\/bienvenido-a\/"},"modified":"2026-03-11T16:22:54","modified_gmt":"2026-03-11T16:22:54","slug":"bienvenido-a","status":"publish","type":"page","link":"https:\/\/help.unhcr.org\/mexico\/ht\/","title":{"rendered":"Nou kontan ke ou vizite sit ent\u00e8n\u00e8t nou an"},"content":{"rendered":"\n<div class=\"wp-block-group\"><div class=\"wp-block-group__inner-container is-layout-flow wp-block-group-is-layout-flow\">\n<p>ACNUR, ajans Nasyonzini pou refijye yo te kreye sit ent\u00e8n\u00e8t sa a nan objektif pou enf\u00f2me epi oryante moun ki f\u00e8 demann azil ak moun ki gentan refijye nan peyi Meksik.<\/p>\n\n\n\n<h3 class=\"wp-block-heading\">Kontakte ACNUR nan peyi Meksik.<\/h3>\n\n\n\n<div class=\"wp-block-group has-background\" style=\"background-color:#fdf799\"><div class=\"wp-block-group__inner-container is-layout-constrained wp-block-group-is-layout-constrained\">\n<p>\ud83d\udcde\u00a0<strong>Telef\u00f2n gratis:<\/strong>\u00a0<a href=\"tel:+528002268769\">800 226 8769<\/a>\u00a0oswa\u00a0<a href=\"tel:+528002832718\">800 283 2718<\/a>\u00a0<em>(Si w pa anndan peyi Meksik, sonje tape +52 devan nimewo a)<\/em><br>\ud83d\udcf1\u00a0<strong>WhatsApp:<\/strong>\u00a0<a href=\"https:\/\/wa.me\/+525570055950\">+52 55 7005 5950<\/a>\u00a0ak\u00a0<a href=\"https:\/\/wa.me\/+525525352950\">+52 55 2535 2950<\/a><br>\ud83d\udce7\u00a0<strong>Oswa sou imel sa a<\/strong>:\u00a0<a href=\"mailto:mexmeatencion@unhcr.org\" target=\"_blank\" rel=\"noreferrer noopener\">mexmeatencion@unhcr.org<\/a><\/p>\n\n\n\n<p>\u231a <strong>Men or\u00e8 travay yo:<br><\/strong>Lendi a jedi: 9:00 nan maten a 4:30 nan lapr\u00e8midi<br>Vandredi: 9:00 nan maten a 2:00 nan lapr\u00e8midi<br>\u26a0\ufe0f&nbsp;<strong>Tout s\u00e8vis nou yo GRATIS<\/strong><\/p>\n\n\n\n<p>Ou ka antre sou paj Facebook&nbsp;<a href=\"https:\/\/www.facebook.com\/ConfiaEnElJaguar\" target=\"_blank\" rel=\"noreferrer noopener\">El Jaguar<\/a>&nbsp;pou w kapab jwenn enf\u00f2masyon epi pou yo ka reponn kesyon ou yo.&nbsp;<\/p>\n<\/div><\/div>\n\n\n\n<p><\/p>\n<\/div><\/div>\n\n\n\n<h3 class=\"wp-block-heading has-black-color has-text-color has-background\" style=\"background-color:#cce2f3\">Men sa w ap jwenn sou sit ent\u00e8n\u00e8t sa a:<\/h3>\n\n\n\n<ul class=\"wp-block-list\">\n<li><strong><a href=\"https:\/\/help.unhcr.org\/mexico\/ht\/anons-enpotan\/\" data-type=\"URL\" data-id=\"https:\/\/help.unhcr.org\/mexico\/ht\/anons-enpotan\/\">Anons enp\u00f2tan<\/a><\/strong><\/li>\n\n\n\n<li><strong><a href=\"https:\/\/help.unhcr.org\/mexico\/ht\/quien-es-una-persona-refugiada\/\" data-type=\"URL\" data-id=\"https:\/\/help.unhcr.org\/mexico\/ht\/quien-es-una-persona-refugiada\/\">Ki l\u00e8 yon moun se yon refijye?<\/a><\/strong><\/li>\n\n\n\n<li><strong><a href=\"https:\/\/help.unhcr.org\/mexico\/ht\/como-solicitar-la-condicion-de-refugiado-en-mexico\/\" data-type=\"URL\" data-id=\"https:\/\/help.unhcr.org\/mexico\/ht\/como-solicitar-la-condicion-de-refugiado-en-mexico\/\">Ki jan ou kapab f\u00e8 demann pou w vin yon refijye nan peyi Meksik?<\/a><\/strong><\/li>\n\n\n\n<li><a href=\"https:\/\/help.unhcr.org\/mexico\/ht\/derechos-y-obligaciones-de-las-personas-solicitantes-2\/\" data-type=\"page\" data-id=\"6580\"><strong>Dwa ak obligasyon moun k ap ch\u00e8che azil yo<\/strong><\/a><\/li>\n\n\n\n<li><strong><a href=\"https:\/\/help.unhcr.org\/mexico\/ht\/where-to-seek-help\/\" data-type=\"URL\" data-id=\"https:\/\/help.unhcr.org\/mexico\/ht\/where-to-seek-help\/\">Kiy\u00e8s ki ka ede m?<\/a><\/strong><\/li>\n\n\n\n<li><strong><a href=\"https:\/\/help.unhcr.org\/mexico\/ht\/where-to-seek-help\/mapas-de-servicios-2\/\" data-type=\"URL\" data-id=\"https:\/\/help.unhcr.org\/mexico\/ht\/where-to-seek-help\/mapas-de-servicios-2\/\">Kat ki montre kote w ap jwenn s\u00e8vis nou yo<\/a><\/strong><\/li>\n\n\n\n<li><strong><a href=\"https:\/\/help.unhcr.org\/mexico\/ht\/where-to-seek-help\/albergues\/\" data-type=\"URL\" data-id=\"https:\/\/help.unhcr.org\/mexico\/ht\/where-to-seek-help\/albergues\/\">Sant dak\u00e8y<\/a><\/strong><\/li>\n\n\n\n<li><strong><a href=\"https:\/\/help.unhcr.org\/mexico\/ht\/naturalizacion\/\" data-type=\"page\" data-id=\"7549\">Natiralizasyon<\/a><\/strong><\/li>\n\n\n\n<li><strong><a href=\"https:\/\/help.unhcr.org\/mexico\/ht\/rapo-bwat-mesaj\/\" data-type=\"URL\" data-id=\"https:\/\/help.unhcr.org\/mexico\/ht\/rapo-bwat-mesaj\/\">Rap\u00f2 Bwat Mesaj<\/a><\/strong><\/li>\n<\/ul>\n\n\n\n<h3 class=\"wp-block-heading has-text-align-left has-black-color has-text-color has-background\" style=\"background-color:#cf2d2d70\">\u26a0\ufe0f Pa bliye, si w gen yon ijans, ou dwe rele nan <a href=\"tel:911\" data-type=\"tel\" data-id=\"tel:911\">911<\/a><\/h3>\n","protected":false},"excerpt":{"rendered":"<p>ACNUR, ajans Nasyonzini pou refijye yo te kreye sit ent\u00e8n\u00e8t sa a nan objektif pou enf\u00f2me epi oryante moun ki f\u00e8 demann azil ak moun ki gentan refijye nan peyi Meksik. Kontakte ACNUR nan peyi Meksik. \ud83d\udcde\u00a0Telef\u00f2n gratis:\u00a0800 226 8769\u00a0oswa\u00a0800 283 2718\u00a0(Si w pa anndan peyi Meksik, sonje tape +52 devan nimewo a)\ud83d\udcf1\u00a0WhatsApp:\u00a0+52 55 7005 [&hellip;]<\/p>\n","protected":false},"author":1,"featured_media":0,"parent":0,"menu_order":0,"comment_status":"closed","ping_status":"closed","template":"","meta":{"_acf_changed":false,"footnotes":""},"class_list":["post-1777","page","type-page","status-publish","hentry"],"acf":[],"_links":{"self":[{"href":"https:\/\/help.unhcr.org\/mexico\/ht\/wp-json\/wp\/v2\/pages\/1777","targetHints":{"allow":["GET"]}}],"collection":[{"href":"https:\/\/help.unhcr.org\/mexico\/ht\/wp-json\/wp\/v2\/pages"}],"about":[{"href":"https:\/\/help.unhcr.org\/mexico\/ht\/wp-json\/wp\/v2\/types\/page"}],"author":[{"embeddable":true,"href":"https:\/\/help.unhcr.org\/mexico\/ht\/wp-json\/wp\/v2\/users\/1"}],"replies":[{"embeddable":true,"href":"https:\/\/help.unhcr.org\/mexico\/ht\/wp-json\/wp\/v2\/comments?post=1777"}],"version-history":[{"count":31,"href":"https:\/\/help.unhcr.org\/mexico\/ht\/wp-json\/wp\/v2\/pages\/1777\/revisions"}],"predecessor-version":[{"id":7596,"href":"https:\/\/help.unhcr.org\/mexico\/ht\/wp-json\/wp\/v2\/pages\/1777\/revisions\/7596"}],"wp:attachment":[{"href":"https:\/\/help.unhcr.org\/mexico\/ht\/wp-json\/wp\/v2\/media?parent=1777"}],"curies":[{"name":"wp","href":"https:\/\/api.w.org\/{rel}","templated":true}]}}