{"id":7568,"date":"2025-12-10T18:13:52","date_gmt":"2025-12-10T18:13:52","guid":{"rendered":"https:\/\/help.unhcr.org\/mexico\/naturalizacion\/tu-cita\/"},"modified":"2026-03-11T15:55:18","modified_gmt":"2026-03-11T15:55:18","slug":"tu-cita","status":"publish","type":"page","link":"https:\/\/help.unhcr.org\/mexico\/fr\/naturalizacion\/tu-cita\/","title":{"rendered":"Votre rendez-vous"},"content":{"rendered":"\n<p>Si vous remplissez toutes les conditions, vous devez faire votre <strong>pr\u00e9-enregistrement<\/strong> et prendre votre <strong>rendez-vous<\/strong> sur le site web du <a href=\"https:\/\/reipv6.sre.gob.mx\/sinna\/\" data-type=\"link\" data-id=\"https:\/\/reipv6.sre.gob.mx\/sinna\/\" target=\"_blank\" rel=\"noreferrer noopener\"><strong>Sistema Integral de Nacionalidad y Naturalizaci\u00f3n (SINNA)<\/strong>.<\/a><\/p>\n\n\n\n<p class=\"has-background\" style=\"background-color:#cce2f3\"><strong><strong>Avant de commencer:<\/strong><\/strong><\/p>\n\n\n\n<ul class=\"wp-block-list\">\n<li>\ud83d\udce7 Vous devez avoir une adresse e-mail.<\/li>\n\n\n\n<li>\ud83d\udda5\ufe0f <strong>Le pr\u00e9-enregistrement<\/strong> doit \u00eatre fait sur un <strong>ordinateur <\/strong>(pas sur t\u00e9l\u00e9phone ni tablette).<\/li>\n\n\n\n<li>\ud83d\udcbe Lorsque vous commencez le pr\u00e9-enregistrement, <strong>vous devez le terminer<\/strong>. Sinon, les informations ne seront pas enregistr\u00e9es.<\/li>\n<\/ul>\n\n\n\n<p class=\"has-background\" style=\"background-color:#cce2f3\"><strong><strong>\u00c9tapes pour votre pr\u00e9-enregistrement et votre rendez-vous<\/strong><\/strong><\/p>\n\n\n\n<ol start=\"1\" class=\"wp-block-list\">\n<li><strong><strong>Acc\u00e9dez au site web<\/strong>:<\/strong> <a href=\"https:\/\/reipv6.sre.gob.mx\/sinna\/\" target=\"_blank\" rel=\"noreferrer noopener\">https:\/\/reipv6.sre.gob.mx\/sinna\/<\/a><\/li>\n\n\n\n<li><strong>Enregistrez votre e-mail :<\/strong> saisissez votre adresse pour recevoir le lien.<\/li>\n\n\n\n<li><strong>V\u00e9rifiez votre e-mail :<\/strong> ouvrez le message re\u00e7u et cliquez sur le lien.<\/li>\n\n\n\n<li><strong>Faites votre pr\u00e9-enregistrement :<\/strong> remplissez vos informations et <a href=\"https:\/\/youtu.be\/KCN0usm4Iw0?si=P6foqsOWvAVM3UYL\" data-type=\"link\" data-id=\"https:\/\/youtu.be\/KCN0usm4Iw0?si=P6foqsOWvAVM3UYL\" target=\"_blank\" rel=\"noreferrer noopener\">compl\u00e9tez la demande DNN-3.<\/a> <\/li>\n\n\n\n<li><strong>Choisissez le module :<\/strong> s\u00e9lectionnez le lieu o\u00f9 vous ferez votre d\u00e9marche.<\/li>\n\n\n\n<li><strong>S\u00e9lectionnez votre rendez-vous :<\/strong> choisissez la date et l\u2019heure.<\/li>\n\n\n\n<li><strong>Confirmez :<\/strong> vous recevrez par e-mail votre <strong>num\u00e9ro de dossier<\/strong> et la <strong>confirmation de votre rendez-vous.<\/strong><\/li>\n<\/ol>\n\n\n\n<p><\/p>\n\n\n\n<p class=\"has-background\" style=\"background-color:#fdf799\"><strong><strong>\u00c0 l\u2019HCR<\/strong>, nous pouvons vous orienter gratuitement tout au long de votre proc\u00e9dure de naturalisation.<\/strong><\/p>\n\n\n\n<p>\ud83d\udcde&nbsp;<strong>Num\u00e9ro gratuit&nbsp;:<\/strong>&nbsp;<a href=\"tel:+528002268769\">800 226 8769<\/a>&nbsp;ou&nbsp;<a href=\"tel:+528002832718\">800 283 2718<\/a>&nbsp;<em>(Depuis l\u2019ext\u00e9rieur du Mexique, composez d\u2019abord le +52)<\/em><br>\ud83d\udcf1&nbsp;<strong>WhatsApp&nbsp;:&nbsp;<\/strong><a href=\"https:\/\/wa.me\/525570055950\">+52 55 7005 5950<\/a>&nbsp;et&nbsp;<a href=\"https:\/\/wa.me\/525525352950\">+52 55 2535 2950<\/a>&nbsp;<br>\ud83d\udce7&nbsp;<strong>Courrier \u00e9lectronique&nbsp;:<\/strong>&nbsp;<a href=\"mailto:mexmeatencion@unhcr.org\">mexmeatencion@unhcr.org<\/a><\/p>\n\n\n\n<p><a href=\"https:\/\/help.unhcr.org\/mexico\/fr\/naturalizacion\/\">&lt;&lt; Naturalisation<\/a><\/p>\n","protected":false},"excerpt":{"rendered":"<p>Si vous remplissez toutes les conditions, vous devez faire votre pr\u00e9-enregistrement et prendre votre rendez-vous sur le site web du Sistema Integral de Nacionalidad y Naturalizaci\u00f3n (SINNA). Avant de commencer: \u00c9tapes pour votre pr\u00e9-enregistrement et votre rendez-vous \u00c0 l\u2019HCR, nous pouvons vous orienter gratuitement tout au long de votre proc\u00e9dure de naturalisation. \ud83d\udcde&nbsp;Num\u00e9ro gratuit&nbsp;:&nbsp;800 226 [&hellip;]<\/p>\n","protected":false},"author":243,"featured_media":0,"parent":7551,"menu_order":1,"comment_status":"closed","ping_status":"closed","template":"","meta":{"_acf_changed":false,"footnotes":""},"class_list":["post-7568","page","type-page","status-publish","hentry"],"acf":[],"_links":{"self":[{"href":"https:\/\/help.unhcr.org\/mexico\/fr\/wp-json\/wp\/v2\/pages\/7568","targetHints":{"allow":["GET"]}}],"collection":[{"href":"https:\/\/help.unhcr.org\/mexico\/fr\/wp-json\/wp\/v2\/pages"}],"about":[{"href":"https:\/\/help.unhcr.org\/mexico\/fr\/wp-json\/wp\/v2\/types\/page"}],"author":[{"embeddable":true,"href":"https:\/\/help.unhcr.org\/mexico\/fr\/wp-json\/wp\/v2\/users\/243"}],"replies":[{"embeddable":true,"href":"https:\/\/help.unhcr.org\/mexico\/fr\/wp-json\/wp\/v2\/comments?post=7568"}],"version-history":[{"count":2,"href":"https:\/\/help.unhcr.org\/mexico\/fr\/wp-json\/wp\/v2\/pages\/7568\/revisions"}],"predecessor-version":[{"id":7590,"href":"https:\/\/help.unhcr.org\/mexico\/fr\/wp-json\/wp\/v2\/pages\/7568\/revisions\/7590"}],"up":[{"embeddable":true,"href":"https:\/\/help.unhcr.org\/mexico\/fr\/wp-json\/wp\/v2\/pages\/7551"}],"wp:attachment":[{"href":"https:\/\/help.unhcr.org\/mexico\/fr\/wp-json\/wp\/v2\/media?parent=7568"}],"curies":[{"name":"wp","href":"https:\/\/api.w.org\/{rel}","templated":true}]}}