{"id":7559,"date":"2025-12-08T23:26:38","date_gmt":"2025-12-08T23:26:38","guid":{"rendered":"https:\/\/help.unhcr.org\/mexico\/naturalizacion\/requisitos\/"},"modified":"2026-03-10T19:36:41","modified_gmt":"2026-03-10T19:36:41","slug":"requisitos","status":"publish","type":"page","link":"https:\/\/help.unhcr.org\/mexico\/fr\/naturalizacion\/requisitos\/","title":{"rendered":"Conditions"},"content":{"rendered":"\n<p>Pour demander la naturalisation, <strong>vous devez avoir 18 ans<\/strong> et remplir les conditions suivantes :<\/p>\n\n\n\n<h3 class=\"wp-block-heading has-background\" style=\"background-color:#cce2f3\"><strong>1. <strong>Dur\u00e9e de r\u00e9sidence au Mexique<\/strong><\/strong><\/h3>\n\n\n\n<ul class=\"wp-block-list\">\n<li><strong>2 ans<\/strong> si vous \u00eates originaire d\u2019un pays d\u2019Am\u00e9rique latine.<\/li>\n\n\n\n<li><strong>5 ans<\/strong> si vous \u00eates originaire d\u2019un autre pays ou si vous \u00eates apatride.<\/li>\n<\/ul>\n\n\n\n<h3 class=\"wp-block-heading has-background\" style=\"background-color:#cce2f3\"><strong>2. <strong>Documents<\/strong><\/strong><\/h3>\n\n\n\n<ul class=\"wp-block-list\">\n<li><strong><strong>Carte de r\u00e9sidence permanente.<\/strong><\/strong><\/li>\n\n\n\n<li><strong>Acte de naissance.<\/strong><em> (Si vous ne l\u2019avez pas, vous avez besoin d\u2019une lettre de recommandation de la COMAR).<\/em><\/li>\n\n\n\n<li><strong>Passeport original (valide au moins 6 mois)<\/strong> ou <strong>document d\u2019identit\u00e9 et de voyage (DIV).<\/strong>\n<ul class=\"wp-block-list\">\n<li><em>Si votre passeport a \u00e9t\u00e9 d\u00e9livr\u00e9 il y a moins de 2 ans, vous devez demander le document des Flux migratoires aupr\u00e8s de l\u2019INM.<\/em><\/li>\n<\/ul>\n<\/li>\n\n\n\n<li><strong>CURP valide imprim\u00e9e<\/strong> depuis le <a href=\"https:\/\/www.gob.mx\/curp\/\" data-type=\"link\" data-id=\"https:\/\/www.gob.mx\/curp\/\" target=\"_blank\" rel=\"noreferrer noopener\">site web du RENAPO.<\/a><\/li>\n\n\n\n<li><strong>Attestation des entr\u00e9es et sorties<\/strong> pendant votre s\u00e9jour au Mexique.<\/li>\n\n\n\n<li><strong><a href=\"https:\/\/youtu.be\/bjTmU5HljuE?si=dohyWj-CVkoByPTe\" data-type=\"link\" data-id=\"https:\/\/youtu.be\/bjTmU5HljuE?si=dohyWj-CVkoByPTe\" target=\"_blank\" rel=\"noreferrer noopener\">Certificat de casier judiciaire f\u00e9d\u00e9ral et local.<\/a><\/strong> <\/li>\n\n\n\n<li><strong>Lettre de recommandation de la COMAR<\/strong> pour la naturalisation.<\/li>\n\n\n\n<li><strong>Re\u00e7u de paiement<\/strong> aupr\u00e8s du Secr\u00e9tariat des Relations ext\u00e9rieures.<\/li>\n<\/ul>\n\n\n\n<h3 class=\"wp-block-heading has-background\" style=\"background-color:#cce2f3\"><strong>3. <strong>Examens<\/strong><\/strong><\/h3>\n\n\n\n<ul class=\"wp-block-list\">\n<li><strong>Histoire du Mexique<\/strong> <em>(uniquement pour les personnes avec protection compl\u00e9mentaire ou apatrides).<\/em>\n<ul class=\"wp-block-list\">\n<li><em>Les personnes r\u00e9fugi\u00e9es n\u2019ont pas besoin de passer cet examen.<\/em><\/li>\n<\/ul>\n<\/li>\n\n\n\n<li><strong>Espagnol<\/strong>, si l\u2019espagnol n\u2019est pas parl\u00e9 dans votre pays.<\/li>\n<\/ul>\n\n\n\n<h3 class=\"wp-block-heading has-background\" style=\"background-color:#cce2f3\"><strong>4. <strong>Photographies<\/strong><\/strong><\/h3>\n\n\n\n<ul class=\"wp-block-list\">\n<li><strong>2 photos format passeport<\/strong> (4,5 x 3,5 cm):\n<ul class=\"wp-block-list\">\n<li>En couleur, sur papier mat, fond blanc.<\/li>\n\n\n\n<li>Sans boucles d\u2019oreilles, sans lunettes, t\u00eate d\u00e9couverte.<\/li>\n<\/ul>\n<\/li>\n<\/ul>\n\n\n\n<hr class=\"wp-block-separator has-alpha-channel-opacity\" \/>\n\n\n\n<p>\u2705 Si vous remplissez toutes les conditions:<\/p>\n\n\n\n<ul class=\"wp-block-list\">\n<li><strong>Acc\u00e9dez au site web<\/strong> du <a href=\"https:\/\/reipv6.sre.gob.mx\/sinna\/\" data-type=\"link\" data-id=\"https:\/\/reipv6.sre.gob.mx\/sinna\/\" target=\"_blank\" rel=\"noreferrer noopener\">Syst\u00e8me int\u00e9gral de nationalit\u00e9 et naturalisation (SINNA)<\/a>. <\/li>\n\n\n\n<li><strong>Faites votre pr\u00e9-enregistrement<\/strong> : \u00e9crivez vos informations et <a href=\"https:\/\/youtu.be\/KCN0usm4Iw0?si=P6foqsOWvAVM3UYL\" data-type=\"link\" data-id=\"https:\/\/youtu.be\/KCN0usm4Iw0?si=P6foqsOWvAVM3UYL\" target=\"_blank\" rel=\"noreferrer noopener\">compl\u00e9tez le formulaire DNN-3. <\/a><\/li>\n\n\n\n<li><strong>S\u00e9lectionnez le jour de votre rendez-vous.<\/strong><\/li>\n<\/ul>\n\n\n\n<p class=\"has-background\" style=\"background-color:#fdf799\"><strong>\u00c0 l\u2019HCR, nous pouvons vous orienter gratuitement tout au long de votre proc\u00e9dure de naturalisation.<\/strong><\/p>\n\n\n\n<p>\ud83d\udcde\u00a0<strong>Num\u00e9ro gratuit\u00a0:<\/strong>\u00a0<a href=\"tel:+528002268769\">800 226 8769<\/a>\u00a0ou\u00a0<a href=\"tel:+528002832718\">800 283 2718<\/a>\u00a0<em>(Depuis l\u2019ext\u00e9rieur du Mexique, composez d\u2019abord le +52)<\/em><br>\ud83d\udcf1\u00a0<strong>WhatsApp\u00a0:\u00a0<\/strong><a href=\"https:\/\/wa.me\/525570055950\">+52 55 7005 5950<\/a>\u00a0et\u00a0<a href=\"https:\/\/wa.me\/525525352950\">+52 55 2535 2950<\/a>\u00a0<br>\ud83d\udce7\u00a0<strong>Courrier \u00e9lectronique\u00a0:<\/strong>\u00a0<a href=\"mailto:mexmeatencion@unhcr.org\">mexmeatencion@unhcr.org<\/a><\/p>\n\n\n\n<p><a href=\"https:\/\/help.unhcr.org\/mexico\/fr\/naturalizacion\/\" data-type=\"page\" data-id=\"7421\">&lt;&lt; Naturalisation<\/a><\/p>\n\n\n\n<p><\/p>\n","protected":false},"excerpt":{"rendered":"<p>Pour demander la naturalisation, vous devez avoir 18 ans et remplir les conditions suivantes : 1. Dur\u00e9e de r\u00e9sidence au Mexique 2. Documents 3. Examens 4. Photographies \u2705 Si vous remplissez toutes les conditions: \u00c0 l\u2019HCR, nous pouvons vous orienter gratuitement tout au long de votre proc\u00e9dure de naturalisation. \ud83d\udcde\u00a0Num\u00e9ro gratuit\u00a0:\u00a0800 226 8769\u00a0ou\u00a0800 283 2718\u00a0(Depuis [&hellip;]<\/p>\n","protected":false},"author":243,"featured_media":0,"parent":7551,"menu_order":0,"comment_status":"closed","ping_status":"closed","template":"","meta":{"_acf_changed":false,"footnotes":""},"class_list":["post-7559","page","type-page","status-publish","hentry"],"acf":[],"_links":{"self":[{"href":"https:\/\/help.unhcr.org\/mexico\/fr\/wp-json\/wp\/v2\/pages\/7559","targetHints":{"allow":["GET"]}}],"collection":[{"href":"https:\/\/help.unhcr.org\/mexico\/fr\/wp-json\/wp\/v2\/pages"}],"about":[{"href":"https:\/\/help.unhcr.org\/mexico\/fr\/wp-json\/wp\/v2\/types\/page"}],"author":[{"embeddable":true,"href":"https:\/\/help.unhcr.org\/mexico\/fr\/wp-json\/wp\/v2\/users\/243"}],"replies":[{"embeddable":true,"href":"https:\/\/help.unhcr.org\/mexico\/fr\/wp-json\/wp\/v2\/comments?post=7559"}],"version-history":[{"count":1,"href":"https:\/\/help.unhcr.org\/mexico\/fr\/wp-json\/wp\/v2\/pages\/7559\/revisions"}],"predecessor-version":[{"id":7565,"href":"https:\/\/help.unhcr.org\/mexico\/fr\/wp-json\/wp\/v2\/pages\/7559\/revisions\/7565"}],"up":[{"embeddable":true,"href":"https:\/\/help.unhcr.org\/mexico\/fr\/wp-json\/wp\/v2\/pages\/7551"}],"wp:attachment":[{"href":"https:\/\/help.unhcr.org\/mexico\/fr\/wp-json\/wp\/v2\/media?parent=7559"}],"curies":[{"name":"wp","href":"https:\/\/api.w.org\/{rel}","templated":true}]}}