{"id":7551,"date":"2025-12-08T22:41:10","date_gmt":"2025-12-08T22:41:10","guid":{"rendered":"https:\/\/help.unhcr.org\/mexico\/naturalizacion\/"},"modified":"2026-03-10T18:36:20","modified_gmt":"2026-03-10T18:36:20","slug":"naturalizacion","status":"publish","type":"page","link":"https:\/\/help.unhcr.org\/mexico\/fr\/naturalizacion\/","title":{"rendered":"Naturalisation"},"content":{"rendered":"\n<p><strong>Si vous \u00eates une personne reconnue par la COMAR comme r\u00e9fugi\u00e9e, b\u00e9n\u00e9ficiaire de la protection compl\u00e9mentaire ou apatride,<\/strong> vous pouvez demander la nationalit\u00e9 mexicaine, \u00e0 condition de remplir les exigences pr\u00e9vues par la loi.<\/p>\n\n\n\n<p><strong>\u00c0 l\u2019HCR, nous pouvons vous orienter tout au long de votre proc\u00e9dure de naturalisation.<\/strong><\/p>\n\n\n\n<p class=\"has-background\" style=\"background-color:#fdf799\">\u26a0\ufe0f Tous les services et programmes de l\u2019ACNUR sont gratuits.<\/p>\n\n\n\n<p><\/p>\n","protected":false},"excerpt":{"rendered":"<p>Si vous \u00eates une personne reconnue par la COMAR comme r\u00e9fugi\u00e9e, b\u00e9n\u00e9ficiaire de la protection compl\u00e9mentaire ou apatride, vous pouvez demander la nationalit\u00e9 mexicaine, \u00e0 condition de remplir les exigences pr\u00e9vues par la loi. \u00c0 l\u2019HCR, nous pouvons vous orienter tout au long de votre proc\u00e9dure de naturalisation. \u26a0\ufe0f Tous les services et programmes de [&hellip;]<\/p>\n","protected":false},"author":243,"featured_media":0,"parent":0,"menu_order":0,"comment_status":"closed","ping_status":"closed","template":"page-templates\/listing_page.php","meta":{"_acf_changed":false,"footnotes":""},"class_list":["post-7551","page","type-page","status-publish","hentry"],"acf":[],"_links":{"self":[{"href":"https:\/\/help.unhcr.org\/mexico\/fr\/wp-json\/wp\/v2\/pages\/7551","targetHints":{"allow":["GET"]}}],"collection":[{"href":"https:\/\/help.unhcr.org\/mexico\/fr\/wp-json\/wp\/v2\/pages"}],"about":[{"href":"https:\/\/help.unhcr.org\/mexico\/fr\/wp-json\/wp\/v2\/types\/page"}],"author":[{"embeddable":true,"href":"https:\/\/help.unhcr.org\/mexico\/fr\/wp-json\/wp\/v2\/users\/243"}],"replies":[{"embeddable":true,"href":"https:\/\/help.unhcr.org\/mexico\/fr\/wp-json\/wp\/v2\/comments?post=7551"}],"version-history":[{"count":1,"href":"https:\/\/help.unhcr.org\/mexico\/fr\/wp-json\/wp\/v2\/pages\/7551\/revisions"}],"predecessor-version":[{"id":7555,"href":"https:\/\/help.unhcr.org\/mexico\/fr\/wp-json\/wp\/v2\/pages\/7551\/revisions\/7555"}],"wp:attachment":[{"href":"https:\/\/help.unhcr.org\/mexico\/fr\/wp-json\/wp\/v2\/media?parent=7551"}],"curies":[{"name":"wp","href":"https:\/\/api.w.org\/{rel}","templated":true}]}}