{"id":6673,"date":"2024-02-15T22:29:40","date_gmt":"2024-02-15T22:29:40","guid":{"rendered":"https:\/\/help.unhcr.org\/mexico\/donde-encontrar-ayuda\/mapas-de-servicios-2\/villahermosa\/"},"modified":"2026-03-26T16:52:00","modified_gmt":"2026-03-26T16:52:00","slug":"villahermosa","status":"publish","type":"page","link":"https:\/\/help.unhcr.org\/mexico\/fr\/donde-encontrar-ayuda\/mapas-de-servicios-2\/villahermosa\/","title":{"rendered":"Villahermosa"},"content":{"rendered":"\n<p>Vous n\u2019\u00eates pas mexicain et vous vous trouvez \u00e0 Villahermosa, dans l\u2019\u00c9tat de Tabasco?<\/p>\n\n\n\n<p>Le Haut-Commissariat des Nations Unies pour les r\u00e9fugi\u00e9s (ACNUR) conjointement \u00e0 ses associ\u00e9s et partenaires a pr\u00e9par\u00e9 des plans indiquant l\u2019emplacement des principaux services offerts par diff\u00e9rentes villes dans le but de vous aider \u00e0 mieux vous int\u00e9grer dans la communaut\u00e9.<\/p>\n\n\n\n<p>\ud83c\udf0e <a href=\"https:\/\/www.google.com\/maps\/d\/viewer?mid=16T7a8EsxqIxwyfY18lfXJgYOca6BnNs&amp;ll=18.002434529255257%2C-92.94719615&amp;z=14\" data-type=\"link\" data-id=\"https:\/\/www.google.com\/maps\/d\/viewer?mid=16T7a8EsxqIxwyfY18lfXJgYOca6BnNs&amp;ll=18.002434529255257%2C-92.94719615&amp;z=14\" target=\"_blank\" rel=\"noreferrer noopener\">Trouver des services sur\u00a0Google Maps<\/a><\/p>\n\n\n\n<p><a href=\"https:\/\/help.unhcr.org\/mexico\/fr\/donde-encontrar-ayuda\/mapas-de-servicios-2\/\">&lt;&lt; Plans des services<\/a><\/p>\n","protected":false},"excerpt":{"rendered":"<p>Vous n\u2019\u00eates pas mexicain et vous vous trouvez \u00e0 Villahermosa, dans l\u2019\u00c9tat de Tabasco? Le Haut-Commissariat des Nations Unies pour les r\u00e9fugi\u00e9s (ACNUR) conjointement \u00e0 ses associ\u00e9s et partenaires a pr\u00e9par\u00e9 des plans indiquant l\u2019emplacement des principaux services offerts par diff\u00e9rentes villes dans le but de vous aider \u00e0 mieux vous int\u00e9grer dans la communaut\u00e9. [&hellip;]<\/p>\n","protected":false},"author":71,"featured_media":0,"parent":1611,"menu_order":23,"comment_status":"closed","ping_status":"closed","template":"","meta":{"_acf_changed":false,"footnotes":""},"class_list":["post-6673","page","type-page","status-publish","hentry"],"acf":[],"_links":{"self":[{"href":"https:\/\/help.unhcr.org\/mexico\/fr\/wp-json\/wp\/v2\/pages\/6673","targetHints":{"allow":["GET"]}}],"collection":[{"href":"https:\/\/help.unhcr.org\/mexico\/fr\/wp-json\/wp\/v2\/pages"}],"about":[{"href":"https:\/\/help.unhcr.org\/mexico\/fr\/wp-json\/wp\/v2\/types\/page"}],"author":[{"embeddable":true,"href":"https:\/\/help.unhcr.org\/mexico\/fr\/wp-json\/wp\/v2\/users\/71"}],"replies":[{"embeddable":true,"href":"https:\/\/help.unhcr.org\/mexico\/fr\/wp-json\/wp\/v2\/comments?post=6673"}],"version-history":[{"count":4,"href":"https:\/\/help.unhcr.org\/mexico\/fr\/wp-json\/wp\/v2\/pages\/6673\/revisions"}],"predecessor-version":[{"id":7776,"href":"https:\/\/help.unhcr.org\/mexico\/fr\/wp-json\/wp\/v2\/pages\/6673\/revisions\/7776"}],"up":[{"embeddable":true,"href":"https:\/\/help.unhcr.org\/mexico\/fr\/wp-json\/wp\/v2\/pages\/1611"}],"wp:attachment":[{"href":"https:\/\/help.unhcr.org\/mexico\/fr\/wp-json\/wp\/v2\/media?parent=6673"}],"curies":[{"name":"wp","href":"https:\/\/api.w.org\/{rel}","templated":true}]}}