{"id":1662,"date":"2020-06-16T22:54:09","date_gmt":"2020-06-16T22:54:09","guid":{"rendered":"http:\/\/help.unhcr.org\/mexico\/donde-encontrar-ayuda\/mapas-de-servicios-2\/mapa-tapachula\/"},"modified":"2026-03-26T16:45:54","modified_gmt":"2026-03-26T16:45:54","slug":"mapa-tapachula","status":"publish","type":"page","link":"https:\/\/help.unhcr.org\/mexico\/fr\/donde-encontrar-ayuda\/mapas-de-servicios-2\/mapa-tapachula\/","title":{"rendered":"Tapachula"},"content":{"rendered":"\n<p>Vous n\u2019\u00eates pas mexicain et vous vous trouvez \u00e0 Tapachula, dans l\u2019\u00c9tat de Chiapas&nbsp;?<\/p>\n\n\n\n<p>Le Haut-Commissariat des Nations Unies pour les r\u00e9fugi\u00e9s (ACNUR) conjointement \u00e0 ses associ\u00e9s et partenaires a pr\u00e9par\u00e9 des plans indiquant l\u2019emplacement des principaux services offerts par diff\u00e9rentes villes dans le but de vous aider \u00e0 mieux vous int\u00e9grer dans la communaut\u00e9. <\/p>\n\n\n\n<p>\ud83c\udf0e <a href=\"https:\/\/www.google.com\/maps\/d\/viewer?mid=1GUv_QfPjzzSaHPvc4a6CzU4u7yepIBU&amp;ll=14.883208575663023%2C-92.31400079999999&amp;z=13\" data-type=\"link\" data-id=\"https:\/\/www.google.com\/maps\/d\/viewer?mid=1GUv_QfPjzzSaHPvc4a6CzU4u7yepIBU&amp;ll=14.883208575663023%2C-92.31400079999999&amp;z=13\" target=\"_blank\" rel=\"noreferrer noopener\">Trouver des services sur Google Maps<\/a><\/p>\n\n\n\n<p><\/p>\n","protected":false},"excerpt":{"rendered":"<p>Vous n\u2019\u00eates pas mexicain et vous vous trouvez \u00e0 Tapachula, dans l\u2019\u00c9tat de Chiapas&nbsp;? Le Haut-Commissariat des Nations Unies pour les r\u00e9fugi\u00e9s (ACNUR) conjointement \u00e0 ses associ\u00e9s et partenaires a pr\u00e9par\u00e9 des plans indiquant l\u2019emplacement des principaux services offerts par diff\u00e9rentes villes dans le but de vous aider \u00e0 mieux vous int\u00e9grer dans la communaut\u00e9. [&hellip;]<\/p>\n","protected":false},"author":1,"featured_media":0,"parent":1611,"menu_order":19,"comment_status":"closed","ping_status":"closed","template":"","meta":{"_acf_changed":false,"footnotes":""},"class_list":["post-1662","page","type-page","status-publish","hentry"],"acf":[],"_links":{"self":[{"href":"https:\/\/help.unhcr.org\/mexico\/fr\/wp-json\/wp\/v2\/pages\/1662","targetHints":{"allow":["GET"]}}],"collection":[{"href":"https:\/\/help.unhcr.org\/mexico\/fr\/wp-json\/wp\/v2\/pages"}],"about":[{"href":"https:\/\/help.unhcr.org\/mexico\/fr\/wp-json\/wp\/v2\/types\/page"}],"author":[{"embeddable":true,"href":"https:\/\/help.unhcr.org\/mexico\/fr\/wp-json\/wp\/v2\/users\/1"}],"replies":[{"embeddable":true,"href":"https:\/\/help.unhcr.org\/mexico\/fr\/wp-json\/wp\/v2\/comments?post=1662"}],"version-history":[{"count":4,"href":"https:\/\/help.unhcr.org\/mexico\/fr\/wp-json\/wp\/v2\/pages\/1662\/revisions"}],"predecessor-version":[{"id":7760,"href":"https:\/\/help.unhcr.org\/mexico\/fr\/wp-json\/wp\/v2\/pages\/1662\/revisions\/7760"}],"up":[{"embeddable":true,"href":"https:\/\/help.unhcr.org\/mexico\/fr\/wp-json\/wp\/v2\/pages\/1611"}],"wp:attachment":[{"href":"https:\/\/help.unhcr.org\/mexico\/fr\/wp-json\/wp\/v2\/media?parent=1662"}],"curies":[{"name":"wp","href":"https:\/\/api.w.org\/{rel}","templated":true}]}}