{"id":1660,"date":"2020-06-16T23:08:24","date_gmt":"2020-06-16T23:08:24","guid":{"rendered":"http:\/\/help.unhcr.org\/mexico\/donde-encontrar-ayuda\/mapas-de-servicios-2\/saltillo\/"},"modified":"2026-03-26T16:36:19","modified_gmt":"2026-03-26T16:36:19","slug":"saltillo","status":"publish","type":"page","link":"https:\/\/help.unhcr.org\/mexico\/fr\/donde-encontrar-ayuda\/mapas-de-servicios-2\/saltillo\/","title":{"rendered":"Saltillo"},"content":{"rendered":"\n<p>Vous n\u2019\u00eates pas mexicain et vous vous trouvez \u00e0 Saltillo, dans l\u2019\u00c9tat de Coahuila&nbsp;?<\/p>\n\n\n\n<p>Le Haut-Commissariat des Nations Unies pour les r\u00e9fugi\u00e9s (ACNUR) conjointement \u00e0 ses associ\u00e9s et partenaires a pr\u00e9par\u00e9 des plans indiquant l\u2019emplacement des principaux services offerts par diff\u00e9rentes villes dans le but de vous aider \u00e0 mieux vous int\u00e9grer dans la communaut\u00e9. <\/p>\n\n\n\n<p>\ud83c\udf0e <a href=\"https:\/\/www.google.com\/maps\/d\/viewer?hl=es&amp;mid=1FQzBqgUzyQwF4T2GiXbuLrOkfwOVW8k&amp;ll=26.169786993773183%2C-100.88274575&amp;z=9\" data-type=\"link\" data-id=\"https:\/\/www.google.com\/maps\/d\/viewer?hl=es&amp;mid=1FQzBqgUzyQwF4T2GiXbuLrOkfwOVW8k&amp;ll=26.169786993773183%2C-100.88274575&amp;z=9\" target=\"_blank\" rel=\"noreferrer noopener\">Trouver des services sur Google Maps<\/a><\/p>\n\n\n\n<p><\/p>\n","protected":false},"excerpt":{"rendered":"<p>Vous n\u2019\u00eates pas mexicain et vous vous trouvez \u00e0 Saltillo, dans l\u2019\u00c9tat de Coahuila&nbsp;? Le Haut-Commissariat des Nations Unies pour les r\u00e9fugi\u00e9s (ACNUR) conjointement \u00e0 ses associ\u00e9s et partenaires a pr\u00e9par\u00e9 des plans indiquant l\u2019emplacement des principaux services offerts par diff\u00e9rentes villes dans le but de vous aider \u00e0 mieux vous int\u00e9grer dans la communaut\u00e9. [&hellip;]<\/p>\n","protected":false},"author":1,"featured_media":0,"parent":1611,"menu_order":15,"comment_status":"closed","ping_status":"closed","template":"","meta":{"_acf_changed":false,"footnotes":""},"class_list":["post-1660","page","type-page","status-publish","hentry"],"acf":[],"_links":{"self":[{"href":"https:\/\/help.unhcr.org\/mexico\/fr\/wp-json\/wp\/v2\/pages\/1660","targetHints":{"allow":["GET"]}}],"collection":[{"href":"https:\/\/help.unhcr.org\/mexico\/fr\/wp-json\/wp\/v2\/pages"}],"about":[{"href":"https:\/\/help.unhcr.org\/mexico\/fr\/wp-json\/wp\/v2\/types\/page"}],"author":[{"embeddable":true,"href":"https:\/\/help.unhcr.org\/mexico\/fr\/wp-json\/wp\/v2\/users\/1"}],"replies":[{"embeddable":true,"href":"https:\/\/help.unhcr.org\/mexico\/fr\/wp-json\/wp\/v2\/comments?post=1660"}],"version-history":[{"count":4,"href":"https:\/\/help.unhcr.org\/mexico\/fr\/wp-json\/wp\/v2\/pages\/1660\/revisions"}],"predecessor-version":[{"id":7748,"href":"https:\/\/help.unhcr.org\/mexico\/fr\/wp-json\/wp\/v2\/pages\/1660\/revisions\/7748"}],"up":[{"embeddable":true,"href":"https:\/\/help.unhcr.org\/mexico\/fr\/wp-json\/wp\/v2\/pages\/1611"}],"wp:attachment":[{"href":"https:\/\/help.unhcr.org\/mexico\/fr\/wp-json\/wp\/v2\/media?parent=1660"}],"curies":[{"name":"wp","href":"https:\/\/api.w.org\/{rel}","templated":true}]}}