{"id":1619,"date":"2020-07-27T19:33:41","date_gmt":"2020-07-27T19:33:41","guid":{"rendered":"http:\/\/help.unhcr.org\/mexico\/donde-encontrar-ayuda\/mapas-de-servicios-2\/aguascalientes\/"},"modified":"2026-03-26T15:50:47","modified_gmt":"2026-03-26T15:50:47","slug":"aguascalientes","status":"publish","type":"page","link":"https:\/\/help.unhcr.org\/mexico\/fr\/donde-encontrar-ayuda\/mapas-de-servicios-2\/aguascalientes\/","title":{"rendered":"Aguascalientes"},"content":{"rendered":"\n<p>Vous n\u2019\u00eates pas mexicain et vous vous trouvez \u00e0 Aguascalientes, dans l\u2019\u00c9tat de Aguascalientes?<\/p>\n\n\n\n<p> Le Haut-Commissariat des Nations Unies pour les r\u00e9fugi\u00e9s (ACNUR) conjointement \u00e0 ses associ\u00e9s et partenaires a pr\u00e9par\u00e9 des plans indiquant l\u2019emplacement des principaux services offerts par diff\u00e9rentes villes dans le but de vous aider \u00e0 mieux vous int\u00e9grer dans la communaut\u00e9. <\/p>\n\n\n\n<p>\ud83c\udf0e Trouver des services sur <a href=\"https:\/\/www.google.com\/maps\/d\/edit?mid=1YSer86WoPHlSWe0yIEtaenInZaBD10E&amp;usp=sharing\" target=\"_blank\" rel=\"noreferrer noopener\">Google Maps<\/a><\/p>\n","protected":false},"excerpt":{"rendered":"<p>Vous n\u2019\u00eates pas mexicain et vous vous trouvez \u00e0 Aguascalientes, dans l\u2019\u00c9tat de Aguascalientes? Le Haut-Commissariat des Nations Unies pour les r\u00e9fugi\u00e9s (ACNUR) conjointement \u00e0 ses associ\u00e9s et partenaires a pr\u00e9par\u00e9 des plans indiquant l\u2019emplacement des principaux services offerts par diff\u00e9rentes villes dans le but de vous aider \u00e0 mieux vous int\u00e9grer dans la communaut\u00e9. [&hellip;]<\/p>\n","protected":false},"author":1,"featured_media":1618,"parent":1611,"menu_order":1,"comment_status":"closed","ping_status":"closed","template":"","meta":{"_acf_changed":false,"footnotes":""},"class_list":["post-1619","page","type-page","status-publish","has-post-thumbnail","hentry"],"acf":[],"_links":{"self":[{"href":"https:\/\/help.unhcr.org\/mexico\/fr\/wp-json\/wp\/v2\/pages\/1619","targetHints":{"allow":["GET"]}}],"collection":[{"href":"https:\/\/help.unhcr.org\/mexico\/fr\/wp-json\/wp\/v2\/pages"}],"about":[{"href":"https:\/\/help.unhcr.org\/mexico\/fr\/wp-json\/wp\/v2\/types\/page"}],"author":[{"embeddable":true,"href":"https:\/\/help.unhcr.org\/mexico\/fr\/wp-json\/wp\/v2\/users\/1"}],"replies":[{"embeddable":true,"href":"https:\/\/help.unhcr.org\/mexico\/fr\/wp-json\/wp\/v2\/comments?post=1619"}],"version-history":[{"count":3,"href":"https:\/\/help.unhcr.org\/mexico\/fr\/wp-json\/wp\/v2\/pages\/1619\/revisions"}],"predecessor-version":[{"id":7688,"href":"https:\/\/help.unhcr.org\/mexico\/fr\/wp-json\/wp\/v2\/pages\/1619\/revisions\/7688"}],"up":[{"embeddable":true,"href":"https:\/\/help.unhcr.org\/mexico\/fr\/wp-json\/wp\/v2\/pages\/1611"}],"wp:featuredmedia":[{"embeddable":true,"href":"https:\/\/help.unhcr.org\/mexico\/fr\/wp-json\/wp\/v2\/media\/1618"}],"wp:attachment":[{"href":"https:\/\/help.unhcr.org\/mexico\/fr\/wp-json\/wp\/v2\/media?parent=1619"}],"curies":[{"name":"wp","href":"https:\/\/api.w.org\/{rel}","templated":true}]}}