{"id":1611,"date":"2020-06-16T21:32:42","date_gmt":"2020-06-16T21:32:42","guid":{"rendered":"http:\/\/help.unhcr.org\/mexico\/donde-encontrar-ayuda\/mapas-de-servicios-2\/"},"modified":"2020-07-28T14:48:32","modified_gmt":"2020-07-28T14:48:32","slug":"mapas-de-servicios-2","status":"publish","type":"page","link":"https:\/\/help.unhcr.org\/mexico\/fr\/donde-encontrar-ayuda\/mapas-de-servicios-2\/","title":{"rendered":"Plans des services"},"content":{"rendered":"\n<p>Vous vous trouvez dans une ville du Mexique\u00a0? Le Haut-Commissariat des Nations Unies pour les r\u00e9fugi\u00e9s (ACNUR) conjointement \u00e0 ses associ\u00e9s et partenaires a pr\u00e9par\u00e9 des plans indiquant l\u2019emplacement des principaux services offerts par diff\u00e9rentes villes dans le but de vous aider \u00e0 mieux vous int\u00e9grer dans la communaut\u00e9.<\/p>\n","protected":false},"excerpt":{"rendered":"<p>Vous vous trouvez dans une ville du Mexique\u00a0? Le Haut-Commissariat des Nations Unies pour les r\u00e9fugi\u00e9s (ACNUR) conjointement \u00e0 ses associ\u00e9s et partenaires a pr\u00e9par\u00e9 des plans indiquant l\u2019emplacement des principaux services offerts par diff\u00e9rentes villes dans le but de vous aider \u00e0 mieux vous int\u00e9grer dans la communaut\u00e9.<\/p>\n","protected":false},"author":1,"featured_media":0,"parent":1576,"menu_order":3,"comment_status":"closed","ping_status":"closed","template":"page-templates\/listing_page.php","meta":{"_acf_changed":false,"footnotes":""},"class_list":["post-1611","page","type-page","status-publish","hentry"],"acf":[],"_links":{"self":[{"href":"https:\/\/help.unhcr.org\/mexico\/fr\/wp-json\/wp\/v2\/pages\/1611","targetHints":{"allow":["GET"]}}],"collection":[{"href":"https:\/\/help.unhcr.org\/mexico\/fr\/wp-json\/wp\/v2\/pages"}],"about":[{"href":"https:\/\/help.unhcr.org\/mexico\/fr\/wp-json\/wp\/v2\/types\/page"}],"author":[{"embeddable":true,"href":"https:\/\/help.unhcr.org\/mexico\/fr\/wp-json\/wp\/v2\/users\/1"}],"replies":[{"embeddable":true,"href":"https:\/\/help.unhcr.org\/mexico\/fr\/wp-json\/wp\/v2\/comments?post=1611"}],"version-history":[{"count":1,"href":"https:\/\/help.unhcr.org\/mexico\/fr\/wp-json\/wp\/v2\/pages\/1611\/revisions"}],"predecessor-version":[{"id":1613,"href":"https:\/\/help.unhcr.org\/mexico\/fr\/wp-json\/wp\/v2\/pages\/1611\/revisions\/1613"}],"up":[{"embeddable":true,"href":"https:\/\/help.unhcr.org\/mexico\/fr\/wp-json\/wp\/v2\/pages\/1576"}],"wp:attachment":[{"href":"https:\/\/help.unhcr.org\/mexico\/fr\/wp-json\/wp\/v2\/media?parent=1611"}],"curies":[{"name":"wp","href":"https:\/\/api.w.org\/{rel}","templated":true}]}}