{"id":1608,"date":"2018-01-23T15:49:26","date_gmt":"2018-01-23T15:49:26","guid":{"rendered":"http:\/\/help.unhcr.org\/mexico\/donde-encontrar-ayuda\/confia-en-el-jaguar\/"},"modified":"2026-03-11T17:37:07","modified_gmt":"2026-03-11T17:37:07","slug":"confia-en-el-jaguar","status":"publish","type":"page","link":"https:\/\/help.unhcr.org\/mexico\/fr\/donde-encontrar-ayuda\/confia-en-el-jaguar\/","title":{"rendered":"@Conf\u00edaEnElJaguar"},"content":{"rendered":"\n<p class=\"has-background\" style=\"background-color:#fdf799\">Si vous avez quitt\u00e9 votre pays et que vous avez besoin d\u2019un conseil, faites confiance \u00e0 <strong>El&nbsp;Jaguar. <\/strong><\/p>\n\n\n\n<p>Sur la page Facebook <a href=\"https:\/\/www.facebook.com\/ConfiaEnElJaguar\" data-type=\"link\" data-id=\"https:\/\/www.facebook.com\/ConfiaEnElJaguar\" target=\"_blank\" rel=\"noreferrer noopener\">@Conf\u00edaEnElJaguar<\/a> vous trouverez chaque jour des messages visant \u00e0 vous informer et \u00e0 vous prot\u00e9ger.<\/p>\n\n\n<div class=\"wp-block-image\">\n<figure class=\"aligncenter size-full is-resized\"><a href=\"https:\/\/www.facebook.com\/watch\/?v=742858662873674&amp;t=1\" target=\"_blank\" rel=\"noopener\"><img loading=\"lazy\" decoding=\"async\" width=\"927\" height=\"516\" src=\"https:\/\/help.unhcr.org\/mexico\/wp-content\/uploads\/sites\/22\/2022\/08\/220830_EL-JAGUAR1.png\" alt=\"\" class=\"wp-image-4278\" style=\"aspect-ratio:1.8035714285714286;width:339px;height:auto\" srcset=\"https:\/\/help.unhcr.org\/mexico\/wp-content\/uploads\/sites\/22\/2022\/08\/220830_EL-JAGUAR1.png 927w, https:\/\/help.unhcr.org\/mexico\/wp-content\/uploads\/sites\/22\/2022\/08\/220830_EL-JAGUAR1-300x167.png 300w, https:\/\/help.unhcr.org\/mexico\/wp-content\/uploads\/sites\/22\/2022\/08\/220830_EL-JAGUAR1-768x427.png 768w\" sizes=\"auto, (max-width: 927px) 100vw, 927px\" \/><\/a><\/figure><\/div>\n\n\n<p>\u2705 En guise d\u2019exemple&nbsp;:<\/p>\n\n\n\n<div class=\"wp-block-group\"><div class=\"wp-block-group__inner-container is-layout-constrained wp-block-group-is-layout-constrained\">\n<ul class=\"wp-block-list\">\n<li>Les situations face auxquelles vous devez \u00eatre attentif.<\/li>\n\n\n\n<li>Les endroits o\u00f9 vous pouvez trouver de l\u2019aide.<\/li>\n\n\n\n<li>Des informations sur vos droits.<\/li>\n\n\n\n<li>Le d\u00e9tail des \u00e9tapes pour demander une protection en tant que personne r\u00e9fugi\u00e9e.<\/li>\n\n\n\n<li>Des r\u00e9cits d\u2019exp\u00e9riences d\u2019autres personnes dans la m\u00eame situation que vous.<\/li>\n\n\n\n<li>Des donn\u00e9es sur la r\u00e9gularisation de votre statut migratoire.<\/li>\n\n\n\n<li>Des renseignements sur les h\u00e9bergements et les organisations qui peuvent vous aider.<\/li>\n\n\n\n<li>Des conseils pour les enfants et adolescents.<\/li>\n\n\n\n<li>Des messages adress\u00e9s \u00e0 des personnes LGBTI.<\/li>\n<\/ul>\n<\/div><\/div>\n\n\n\n<p>\ud83d\udde3\ufe0f Vous pouvez aussi communiquer directement avec El\u00a0Jaguar par le biais de la <a href=\"http:\/\/m.me\/ConfiaEnElJaguar\" data-type=\"link\" data-id=\"http:\/\/m.me\/ConfiaEnElJaguar\" target=\"_blank\" rel=\"noreferrer noopener\">messagerie Facebook<\/a>, gr\u00e2ce \u00e0 laquelle vous pouvez poser des questions et dissiper tous vos doutes.<\/p>\n\n\n\n<p><a href=\"https:\/\/help.unhcr.org\/mexico\/fr\/donde-encontrar-ayuda\/\">&lt;&lt; Qui peut m\u2019aider?<\/a><\/p>\n\n\n\n<p><\/p>\n","protected":false},"excerpt":{"rendered":"<p>Si vous avez quitt\u00e9 votre pays et que vous avez besoin d\u2019un conseil, faites confiance \u00e0 El&nbsp;Jaguar. Sur la page Facebook @Conf\u00edaEnElJaguar vous trouverez chaque jour des messages visant \u00e0 vous informer et \u00e0 vous prot\u00e9ger. \u2705 En guise d\u2019exemple&nbsp;: \ud83d\udde3\ufe0f Vous pouvez aussi communiquer directement avec El\u00a0Jaguar par le biais de la messagerie Facebook, [&hellip;]<\/p>\n","protected":false},"author":1,"featured_media":0,"parent":1576,"menu_order":2,"comment_status":"closed","ping_status":"closed","template":"","meta":{"_acf_changed":false,"footnotes":""},"class_list":["post-1608","page","type-page","status-publish","hentry"],"acf":[],"_links":{"self":[{"href":"https:\/\/help.unhcr.org\/mexico\/fr\/wp-json\/wp\/v2\/pages\/1608","targetHints":{"allow":["GET"]}}],"collection":[{"href":"https:\/\/help.unhcr.org\/mexico\/fr\/wp-json\/wp\/v2\/pages"}],"about":[{"href":"https:\/\/help.unhcr.org\/mexico\/fr\/wp-json\/wp\/v2\/types\/page"}],"author":[{"embeddable":true,"href":"https:\/\/help.unhcr.org\/mexico\/fr\/wp-json\/wp\/v2\/users\/1"}],"replies":[{"embeddable":true,"href":"https:\/\/help.unhcr.org\/mexico\/fr\/wp-json\/wp\/v2\/comments?post=1608"}],"version-history":[{"count":6,"href":"https:\/\/help.unhcr.org\/mexico\/fr\/wp-json\/wp\/v2\/pages\/1608\/revisions"}],"predecessor-version":[{"id":7643,"href":"https:\/\/help.unhcr.org\/mexico\/fr\/wp-json\/wp\/v2\/pages\/1608\/revisions\/7643"}],"up":[{"embeddable":true,"href":"https:\/\/help.unhcr.org\/mexico\/fr\/wp-json\/wp\/v2\/pages\/1576"}],"wp:attachment":[{"href":"https:\/\/help.unhcr.org\/mexico\/fr\/wp-json\/wp\/v2\/media?parent=1608"}],"curies":[{"name":"wp","href":"https:\/\/api.w.org\/{rel}","templated":true}]}}