{"id":1597,"date":"2020-06-18T23:43:49","date_gmt":"2020-06-18T23:43:49","guid":{"rendered":"http:\/\/help.unhcr.org\/mexico\/donde-encontrar-ayuda\/albergues\/"},"modified":"2025-09-18T17:09:03","modified_gmt":"2025-09-18T17:09:03","slug":"albergues","status":"publish","type":"page","link":"https:\/\/help.unhcr.org\/mexico\/fr\/donde-encontrar-ayuda\/albergues\/","title":{"rendered":"H\u00e9bergements"},"content":{"rendered":"\n<p>Dans cette section, vous trouverez la liste des refuges dans l&rsquo;entit\u00e9 f\u00e9d\u00e9rative o\u00f9 vous vous trouvez.<br>N&rsquo;oubliez pas que vous pouvez \u00e9galement <a href=\"https:\/\/help.unhcr.org\/mexico\/fr\/donde-encontrar-ayuda\/contacta-al-acnur\/\" data-type=\"page\" data-id=\"1584\">contacter gratuitement l\u00b4ACNUR<\/a> pour qu&rsquo;ils vous orientent si vous avez besoin d&rsquo;un refuge dans la ville o\u00f9 vous vous trouvez.<\/p>\n\n\n\n<p><\/p>\n","protected":false},"excerpt":{"rendered":"<p>Dans cette section, vous trouverez la liste des refuges dans l&rsquo;entit\u00e9 f\u00e9d\u00e9rative o\u00f9 vous vous trouvez.N&rsquo;oubliez pas que vous pouvez \u00e9galement contacter gratuitement l\u00b4ACNUR pour qu&rsquo;ils vous orientent si vous avez besoin d&rsquo;un refuge dans la ville o\u00f9 vous vous trouvez.<\/p>\n","protected":false},"author":1,"featured_media":1599,"parent":1576,"menu_order":4,"comment_status":"closed","ping_status":"closed","template":"page-templates\/sectioned.php","meta":{"_acf_changed":false,"footnotes":""},"class_list":["post-1597","page","type-page","status-publish","has-post-thumbnail","hentry"],"acf":[],"_links":{"self":[{"href":"https:\/\/help.unhcr.org\/mexico\/fr\/wp-json\/wp\/v2\/pages\/1597","targetHints":{"allow":["GET"]}}],"collection":[{"href":"https:\/\/help.unhcr.org\/mexico\/fr\/wp-json\/wp\/v2\/pages"}],"about":[{"href":"https:\/\/help.unhcr.org\/mexico\/fr\/wp-json\/wp\/v2\/types\/page"}],"author":[{"embeddable":true,"href":"https:\/\/help.unhcr.org\/mexico\/fr\/wp-json\/wp\/v2\/users\/1"}],"replies":[{"embeddable":true,"href":"https:\/\/help.unhcr.org\/mexico\/fr\/wp-json\/wp\/v2\/comments?post=1597"}],"version-history":[{"count":22,"href":"https:\/\/help.unhcr.org\/mexico\/fr\/wp-json\/wp\/v2\/pages\/1597\/revisions"}],"predecessor-version":[{"id":7193,"href":"https:\/\/help.unhcr.org\/mexico\/fr\/wp-json\/wp\/v2\/pages\/1597\/revisions\/7193"}],"up":[{"embeddable":true,"href":"https:\/\/help.unhcr.org\/mexico\/fr\/wp-json\/wp\/v2\/pages\/1576"}],"wp:featuredmedia":[{"embeddable":true,"href":"https:\/\/help.unhcr.org\/mexico\/fr\/wp-json\/wp\/v2\/media\/1599"}],"wp:attachment":[{"href":"https:\/\/help.unhcr.org\/mexico\/fr\/wp-json\/wp\/v2\/media?parent=1597"}],"curies":[{"name":"wp","href":"https:\/\/api.w.org\/{rel}","templated":true}]}}