{"id":1593,"date":"2020-06-17T23:59:37","date_gmt":"2020-06-17T23:59:37","guid":{"rendered":"http:\/\/help.unhcr.org\/mexico\/donde-encontrar-ayuda\/contacta-a-la-comar\/"},"modified":"2025-11-21T00:09:09","modified_gmt":"2025-11-21T00:09:09","slug":"contacta-a-la-comar","status":"publish","type":"page","link":"https:\/\/help.unhcr.org\/mexico\/fr\/donde-encontrar-ayuda\/contacta-a-la-comar\/","title":{"rendered":"Contactez la COMAR"},"content":{"rendered":"\n<div class=\"wp-block-group has-background\" style=\"background-color:#cce2f3\"><div class=\"wp-block-group__inner-container is-layout-constrained wp-block-group-is-layout-constrained\">\n<p class=\"has-black-color has-text-color\">La <strong>Commission mexicaine d\u2019aide aux personnes r\u00e9fugi\u00e9es (COMAR)<\/strong> est une institution gouvernementale du Mexique, charg\u00e9e de donner suite aux demandes de statut de r\u00e9fugi\u00e9.<br>\u26a0\ufe0f <strong>N&rsquo;oubliez pas ! Tous les services de la COMAR sont gratuits.<\/strong><\/p>\n<\/div><\/div>\n\n\n\n<p><\/p>\n\n\n\n<p class=\"has-background\" style=\"background-color:#fdf799\">Rappelez-vous ! L\u00e0 o\u00f9 il n&rsquo;y a pas de pr\u00e9sence officielle de la COMAR, rapprochez-vous des bureaux de r\u00e9gulation migratoire de l&rsquo;<strong>Institut National de Migration (INM).<\/strong><\/p>\n\n\n\n<p><\/p>\n","protected":false},"excerpt":{"rendered":"<p>La Commission mexicaine d\u2019aide aux personnes r\u00e9fugi\u00e9es (COMAR) est une institution gouvernementale du Mexique, charg\u00e9e de donner suite aux demandes de statut de r\u00e9fugi\u00e9.\u26a0\ufe0f N&rsquo;oubliez pas ! Tous les services de la COMAR sont gratuits. Rappelez-vous ! L\u00e0 o\u00f9 il n&rsquo;y a pas de pr\u00e9sence officielle de la COMAR, rapprochez-vous des bureaux de r\u00e9gulation migratoire [&hellip;]<\/p>\n","protected":false},"author":1,"featured_media":0,"parent":1576,"menu_order":1,"comment_status":"closed","ping_status":"closed","template":"page-templates\/sectioned.php","meta":{"_acf_changed":false,"footnotes":""},"class_list":["post-1593","page","type-page","status-publish","hentry"],"acf":[],"_links":{"self":[{"href":"https:\/\/help.unhcr.org\/mexico\/fr\/wp-json\/wp\/v2\/pages\/1593","targetHints":{"allow":["GET"]}}],"collection":[{"href":"https:\/\/help.unhcr.org\/mexico\/fr\/wp-json\/wp\/v2\/pages"}],"about":[{"href":"https:\/\/help.unhcr.org\/mexico\/fr\/wp-json\/wp\/v2\/types\/page"}],"author":[{"embeddable":true,"href":"https:\/\/help.unhcr.org\/mexico\/fr\/wp-json\/wp\/v2\/users\/1"}],"replies":[{"embeddable":true,"href":"https:\/\/help.unhcr.org\/mexico\/fr\/wp-json\/wp\/v2\/comments?post=1593"}],"version-history":[{"count":28,"href":"https:\/\/help.unhcr.org\/mexico\/fr\/wp-json\/wp\/v2\/pages\/1593\/revisions"}],"predecessor-version":[{"id":7366,"href":"https:\/\/help.unhcr.org\/mexico\/fr\/wp-json\/wp\/v2\/pages\/1593\/revisions\/7366"}],"up":[{"embeddable":true,"href":"https:\/\/help.unhcr.org\/mexico\/fr\/wp-json\/wp\/v2\/pages\/1576"}],"wp:attachment":[{"href":"https:\/\/help.unhcr.org\/mexico\/fr\/wp-json\/wp\/v2\/media?parent=1593"}],"curies":[{"name":"wp","href":"https:\/\/api.w.org\/{rel}","templated":true}]}}