{"id":1590,"date":"2017-11-22T10:58:18","date_gmt":"2017-11-22T10:58:18","guid":{"rendered":"http:\/\/help.unhcr.org\/mexico\/bienvenido-a\/"},"modified":"2026-03-11T16:25:42","modified_gmt":"2026-03-11T16:25:42","slug":"bienvenido-a","status":"publish","type":"page","link":"https:\/\/help.unhcr.org\/mexico\/fr\/","title":{"rendered":"Bienvenue"},"content":{"rendered":"\n<p>Ce site web a \u00e9t\u00e9 cr\u00e9\u00e9 par le ACNUR, l\u2019agence des Nations Unies pour les r\u00e9fugi\u00e9s afin d\u2019informer et d\u2019orienter les personnes demandant la reconnaissance de la qualit\u00e9 de r\u00e9fugi\u00e9 et les r\u00e9fugi\u00e9s au Mexique.<\/p>\n\n\n\n<h3 class=\"wp-block-heading\">Contacter l\u2019ACNUR au Mexique:<\/h3>\n\n\n\n<p class=\"has-text-align-left has-background\" style=\"background-color:#fdf799\">\ud83d\udcde\u00a0<strong>Num\u00e9ro gratuit\u00a0:<\/strong>\u00a0<a href=\"tel:+528002268769\">800 226 8769<\/a>\u00a0ou\u00a0<a href=\"tel:+528002832718\">800 283 2718<\/a>\u00a0<em>(Depuis l\u2019ext\u00e9rieur du Mexique, composez d\u2019abord le +52)<\/em><br>\ud83d\udcf1\u00a0<strong>WhatsApp\u00a0:\u00a0<\/strong><a href=\"https:\/\/wa.me\/525570055950\">+52 55 7005 5950<\/a>\u00a0et\u00a0<a href=\"https:\/\/wa.me\/525525352950\">+52 55 2535 2950<\/a>\u00a0<br>\ud83d\udce7\u00a0<strong>Courrier \u00e9lectronique\u00a0:<\/strong>\u00a0<a href=\"mailto:mexmeatencion@unhcr.org\">mexmeatencion@unhcr.org<\/a><br><br>\u231a <strong>Heures d\u2019ouverture\u00a0:<\/strong> <br>Du lundi au jeudi de 9h00 \u00e0 16h30<br>Vendredi de 9h00 \u00e0 14h00<br>\u26a0\ufe0f <strong>Tous nos services sont GRATUITS<\/strong><br><br>L\u2019outil d\u2019information <a href=\"https:\/\/www.facebook.com\/ConfiaEnElJaguar\" target=\"_blank\" rel=\"noreferrer noopener\">El Jaguar<\/a> est \u00e9galement \u00e0 votre disposition pour vous renseigner et r\u00e9pondre \u00e0 vos questions par le biais de sa page Facebook.\u00a0<\/p>\n\n\n\n<h3 class=\"wp-block-heading has-black-color has-text-color has-background\" style=\"background-color:#cce2f3\">Tu trouveras sur ce site web:<\/h3>\n\n\n\n<ul class=\"wp-block-list\">\n<li><strong><a href=\"https:\/\/help.unhcr.org\/mexico\/fr\/quien-es-una-persona-refugiada\/\" data-type=\"URL\" data-id=\"https:\/\/help.unhcr.org\/mexico\/fr\/quien-es-una-persona-refugiada\/\">Qu\u2019est-ce qu\u2019une personne r\u00e9fugi\u00e9e?<\/a><\/strong><\/li>\n\n\n\n<li><strong><a href=\"https:\/\/help.unhcr.org\/mexico\/fr\/como-solicitar-la-condicion-de-refugiado-en-mexico\/\" data-type=\"URL\" data-id=\"https:\/\/help.unhcr.org\/mexico\/fr\/como-solicitar-la-condicion-de-refugiado-en-mexico\/\">Comment demander le statut de r\u00e9fugi\u00e9 au Mexique?<\/a><\/strong><\/li>\n\n\n\n<li><a href=\"https:\/\/help.unhcr.org\/mexico\/fr\/derechos-y-obligaciones-de-las-personas-solicitantes-2\/\" data-type=\"page\" data-id=\"6581\"><strong>Droits et obligations des personnes demandant l\u2019asile<\/strong><\/a><\/li>\n\n\n\n<li><strong><a href=\"https:\/\/help.unhcr.org\/mexico\/fr\/donde-encontrar-ayuda\/\" data-type=\"URL\" data-id=\"https:\/\/help.unhcr.org\/mexico\/fr\/donde-encontrar-ayuda\/\">Qui peut m\u2019aider?<\/a><\/strong><\/li>\n\n\n\n<li><strong><a href=\"https:\/\/help.unhcr.org\/mexico\/fr\/donde-encontrar-ayuda\/mapas-de-servicios-2\/\" data-type=\"URL\" data-id=\"https:\/\/help.unhcr.org\/mexico\/fr\/donde-encontrar-ayuda\/mapas-de-servicios-2\/\">Plans des services<\/a><\/strong><\/li>\n\n\n\n<li><strong><a href=\"https:\/\/help.unhcr.org\/mexico\/fr\/donde-encontrar-ayuda\/albergues\/\" data-type=\"URL\" data-id=\"https:\/\/help.unhcr.org\/mexico\/fr\/donde-encontrar-ayuda\/albergues\/\">H\u00e9bergements<\/a><\/strong><\/li>\n\n\n\n<li><a href=\"https:\/\/help.unhcr.org\/mexico\/fr\/naturalizacion\/\"><strong>Naturalisation<\/strong><\/a><\/li>\n\n\n\n<li><strong><a href=\"https:\/\/help.unhcr.org\/mexico\/fr\/boite-de-commentaires\/\" data-type=\"URL\" data-id=\"https:\/\/help.unhcr.org\/mexico\/fr\/boite-de-commentaires\/\">Bo\u00eete de commentaires<\/a><\/strong><\/li>\n<\/ul>\n\n\n\n<h3 class=\"wp-block-heading has-black-color has-text-color has-background\" style=\"background-color:#cf2d2d70\">\u26a0\ufe0f En cas d\u2019urgence, appelez le <a href=\"tel:911\" data-type=\"tel\" data-id=\"tel:911\">911<\/a><\/h3>\n\n\n\n<p><\/p>\n","protected":false},"excerpt":{"rendered":"<p>Ce site web a \u00e9t\u00e9 cr\u00e9\u00e9 par le ACNUR, l\u2019agence des Nations Unies pour les r\u00e9fugi\u00e9s afin d\u2019informer et d\u2019orienter les personnes demandant la reconnaissance de la qualit\u00e9 de r\u00e9fugi\u00e9 et les r\u00e9fugi\u00e9s au Mexique. Contacter l\u2019ACNUR au Mexique: \ud83d\udcde\u00a0Num\u00e9ro gratuit\u00a0:\u00a0800 226 8769\u00a0ou\u00a0800 283 2718\u00a0(Depuis l\u2019ext\u00e9rieur du Mexique, composez d\u2019abord le +52)\ud83d\udcf1\u00a0WhatsApp\u00a0:\u00a0+52 55 7005 5950\u00a0et\u00a0+52 [&hellip;]<\/p>\n","protected":false},"author":1,"featured_media":0,"parent":0,"menu_order":0,"comment_status":"closed","ping_status":"closed","template":"","meta":{"_acf_changed":false,"footnotes":""},"class_list":["post-1590","page","type-page","status-publish","hentry"],"acf":[],"_links":{"self":[{"href":"https:\/\/help.unhcr.org\/mexico\/fr\/wp-json\/wp\/v2\/pages\/1590","targetHints":{"allow":["GET"]}}],"collection":[{"href":"https:\/\/help.unhcr.org\/mexico\/fr\/wp-json\/wp\/v2\/pages"}],"about":[{"href":"https:\/\/help.unhcr.org\/mexico\/fr\/wp-json\/wp\/v2\/types\/page"}],"author":[{"embeddable":true,"href":"https:\/\/help.unhcr.org\/mexico\/fr\/wp-json\/wp\/v2\/users\/1"}],"replies":[{"embeddable":true,"href":"https:\/\/help.unhcr.org\/mexico\/fr\/wp-json\/wp\/v2\/comments?post=1590"}],"version-history":[{"count":26,"href":"https:\/\/help.unhcr.org\/mexico\/fr\/wp-json\/wp\/v2\/pages\/1590\/revisions"}],"predecessor-version":[{"id":7599,"href":"https:\/\/help.unhcr.org\/mexico\/fr\/wp-json\/wp\/v2\/pages\/1590\/revisions\/7599"}],"wp:attachment":[{"href":"https:\/\/help.unhcr.org\/mexico\/fr\/wp-json\/wp\/v2\/media?parent=1590"}],"curies":[{"name":"wp","href":"https:\/\/api.w.org\/{rel}","templated":true}]}}