{"id":1584,"date":"2020-06-17T23:51:16","date_gmt":"2020-06-17T23:51:16","guid":{"rendered":"http:\/\/help.unhcr.org\/mexico\/donde-encontrar-ayuda\/contacta-al-acnur\/"},"modified":"2026-03-11T17:17:28","modified_gmt":"2026-03-11T17:17:28","slug":"contacta-al-acnur","status":"publish","type":"page","link":"https:\/\/help.unhcr.org\/mexico\/fr\/donde-encontrar-ayuda\/contacta-al-acnur\/","title":{"rendered":"Contactez l\u2019ACNUR au Mexique"},"content":{"rendered":"\n<p class=\"has-text-align-left has-background\" style=\"background-color:#fae90070\">\ud83d\udcde\u00a0<strong>Num\u00e9ro gratuit\u00a0:<\/strong>\u00a0<a href=\"tel:+528002268769\">800 226 8769<\/a>\u00a0ou\u00a0<a href=\"tel:+528002832718\">800 283 2718<\/a>\u00a0<em>(Depuis l\u2019ext\u00e9rieur du Mexique, composez d\u2019abord le +52)<\/em><br>\ud83d\udcf1\u00a0<strong>WhatsApp\u00a0:\u00a0<\/strong><a href=\"https:\/\/wa.me\/525570055950\">+52 55 7005 5950<\/a>\u00a0et\u00a0<a href=\"https:\/\/wa.me\/525525352950\">+52 55 2535 2950<\/a>\u00a0<br>\ud83d\udce7\u00a0<strong>Courrier \u00e9lectronique\u00a0:<\/strong>\u00a0<a href=\"mailto:mexmeatencion@unhcr.org\">mexmeatencion@unhcr.org<\/a><br><strong>Facebook:<\/strong> <a href=\"https:\/\/www.facebook.com\/ConfiaEnElJaguar\/\" target=\"_blank\" rel=\"noreferrer noopener\">El Jaguar<\/a> est \u00e9galement \u00e0 votre disposition pour vous renseigner et r\u00e9pondre \u00e0 vos questions<\/p>\n\n\n\n<p><\/p>\n","protected":false},"excerpt":{"rendered":"<p>\ud83d\udcde\u00a0Num\u00e9ro gratuit\u00a0:\u00a0800 226 8769\u00a0ou\u00a0800 283 2718\u00a0(Depuis l\u2019ext\u00e9rieur du Mexique, composez d\u2019abord le +52)\ud83d\udcf1\u00a0WhatsApp\u00a0:\u00a0+52 55 7005 5950\u00a0et\u00a0+52 55 2535 2950\u00a0\ud83d\udce7\u00a0Courrier \u00e9lectronique\u00a0:\u00a0mexmeatencion@unhcr.orgFacebook: El Jaguar est \u00e9galement \u00e0 votre disposition pour vous renseigner et r\u00e9pondre \u00e0 vos questions<\/p>\n","protected":false},"author":1,"featured_media":1585,"parent":1576,"menu_order":1,"comment_status":"closed","ping_status":"closed","template":"page-templates\/sectioned.php","meta":{"_acf_changed":false,"footnotes":""},"class_list":["post-1584","page","type-page","status-publish","has-post-thumbnail","hentry"],"acf":[],"_links":{"self":[{"href":"https:\/\/help.unhcr.org\/mexico\/fr\/wp-json\/wp\/v2\/pages\/1584","targetHints":{"allow":["GET"]}}],"collection":[{"href":"https:\/\/help.unhcr.org\/mexico\/fr\/wp-json\/wp\/v2\/pages"}],"about":[{"href":"https:\/\/help.unhcr.org\/mexico\/fr\/wp-json\/wp\/v2\/types\/page"}],"author":[{"embeddable":true,"href":"https:\/\/help.unhcr.org\/mexico\/fr\/wp-json\/wp\/v2\/users\/1"}],"replies":[{"embeddable":true,"href":"https:\/\/help.unhcr.org\/mexico\/fr\/wp-json\/wp\/v2\/comments?post=1584"}],"version-history":[{"count":27,"href":"https:\/\/help.unhcr.org\/mexico\/fr\/wp-json\/wp\/v2\/pages\/1584\/revisions"}],"predecessor-version":[{"id":7631,"href":"https:\/\/help.unhcr.org\/mexico\/fr\/wp-json\/wp\/v2\/pages\/1584\/revisions\/7631"}],"up":[{"embeddable":true,"href":"https:\/\/help.unhcr.org\/mexico\/fr\/wp-json\/wp\/v2\/pages\/1576"}],"wp:featuredmedia":[{"embeddable":true,"href":"https:\/\/help.unhcr.org\/mexico\/fr\/wp-json\/wp\/v2\/media\/1585"}],"wp:attachment":[{"href":"https:\/\/help.unhcr.org\/mexico\/fr\/wp-json\/wp\/v2\/media?parent=1584"}],"curies":[{"name":"wp","href":"https:\/\/api.w.org\/{rel}","templated":true}]}}