{"id":1582,"date":"2020-06-17T23:47:36","date_gmt":"2020-06-17T23:47:36","guid":{"rendered":"http:\/\/help.unhcr.org\/mexico\/donde-encontrar-ayuda\/que-puede-hacer-el-acnur-por-mi\/"},"modified":"2026-03-11T16:37:33","modified_gmt":"2026-03-11T16:37:33","slug":"que-puede-hacer-el-acnur-por-mi","status":"publish","type":"page","link":"https:\/\/help.unhcr.org\/mexico\/fr\/donde-encontrar-ayuda\/que-puede-hacer-el-acnur-por-mi\/","title":{"rendered":"Que peut faire l\u2019ACNUR pour m\u2019aider?"},"content":{"rendered":"\n<p class=\"has-black-color has-text-color has-background has-link-color wp-elements-ecd0ca533c68e9a2d86fff385782312d\" style=\"background-color:#cce2f3\"><strong>L\u2019 ACNUR<\/strong> et les organisations de la soci\u00e9t\u00e9 civile travaillent pour apporter leur soutien \u00e0 des personnes demandeuses du statut de r\u00e9fugi\u00e9, \u00e0 des personnes r\u00e9fugi\u00e9es et \u00e0 des b\u00e9n\u00e9ficiaires d\u2019une protection compl\u00e9mentaire au Mexique. Ce soutien peut comprendre&nbsp;:<\/p>\n\n\n\n<blockquote class=\"wp-block-quote is-layout-flow wp-block-quote-is-layout-flow\">\n<ul class=\"wp-block-list\">\n<li>Des informations sur les d\u00e9marches \u00e0 faire et les services disponibles dans le pays.<\/li>\n\n\n\n<li>Un accompagnement dans vos d\u00e9marches aupr\u00e8s de la <a href=\"https:\/\/help.unhcr.org\/mexico\/fr\/donde-encontrar-ayuda\/contacta-a-la-comar\/\" data-type=\"page\" data-id=\"1593\">COMAR<\/a> et de l\u2019INM.<\/li>\n\n\n\n<li>Un conseil l\u00e9gal gratuit, si besoin.<\/li>\n\n\n\n<li>Une orientation au moment de suivre des \u00e9tudes ou valider les \u00e9tudes r\u00e9alis\u00e9es, d\u2019acc\u00e9der \u00e0 des services de sant\u00e9, de suivre des formations techniques ou de r\u00e9cup\u00e9rer des documents pour pouvoir travailler.<\/li>\n\n\n\n<li>Une mise en relation avec les associations et les autorit\u00e9s afin que celles-ci puissent prot\u00e9ger la vie et l\u2019int\u00e9grit\u00e9 des personnes demandeuses du statut de r\u00e9fugi\u00e9 ou des personnes r\u00e9fugi\u00e9es pendant leur s\u00e9jour au Mexique.<\/li>\n<\/ul>\n<\/blockquote>\n\n\n\n<p><\/p>\n\n\n\n<p>ACNUR\npropose aussi des programmes d\u2019int\u00e9gration pour que les personnes r\u00e9fugi\u00e9es\npuissent retrouver leur rythme de vie au Mexique. <\/p>\n\n\n\n<p><strong>Les besoins des personnes \u00e9tant diff\u00e9rents, les ressources employ\u00e9es dans chaque cas le sont aussi. L\u2019ACNUR propose son assistance en fonction de ses possibilit\u00e9s, de ses programmes d\u2019aide et des circonstances.&nbsp;<\/strong><\/p>\n\n\n\n<p>Si vous avez besoin de plus d\u2019informations, contactez le HCR depuis tout le Mexique :<\/p>\n\n\n\n<p>\ud83d\udcde\u00a0<strong>Num\u00e9ro gratuit\u00a0:<\/strong>\u00a0<a href=\"tel:+528002268769\">800 226 8769<\/a>\u00a0ou\u00a0<a href=\"tel:+528002832718\">800 283 2718<\/a>\u00a0<em>(Depuis l\u2019ext\u00e9rieur du Mexique, composez d\u2019abord le +52)<\/em><br>\ud83d\udcf1\u00a0<strong>WhatsApp\u00a0:\u00a0<\/strong><a href=\"https:\/\/wa.me\/525570055950\">+52 55 7005 5950<\/a>\u00a0et\u00a0<a href=\"https:\/\/wa.me\/525525352950\">+52 55 2535 2950<\/a>\u00a0<br>\ud83d\udce7\u00a0<strong>Courrier \u00e9lectronique\u00a0:<\/strong>\u00a0<a href=\"mailto:mexmeatencion@unhcr.org\">mexmeatencion@unhcr.org<\/a><\/p>\n\n\n\n<p>L\u2019outil d\u2019information&nbsp;<a href=\"https:\/\/www.facebook.com\/ConfiaEnElJaguar\" target=\"_blank\" rel=\"noreferrer noopener\">El Jaguar<\/a>&nbsp;est \u00e9galement \u00e0 votre disposition pour vous renseigner et r\u00e9pondre \u00e0 vos questions par le biais de sa page Facebook.&nbsp;<\/p>\n\n\n\n<p class=\"has-background\" style=\"background-color:#fae90070\">\u26a0\ufe0f <strong>ACNUR traite chaque situation au cas par cas, de mani\u00e8re individuelle et compl\u00e8tement gratuite.<\/strong><\/p>\n\n\n\n<p><a href=\"https:\/\/help.unhcr.org\/mexico\/fr\/donde-encontrar-ayuda\/\" data-type=\"link\" data-id=\"https:\/\/help.unhcr.org\/mexico\/fr\/donde-encontrar-ayuda\/\">&lt;&lt; Qui peut m\u2019aider?<\/a><\/p>\n\n\n\n<p><\/p>\n","protected":false},"excerpt":{"rendered":"<p>L\u2019 ACNUR et les organisations de la soci\u00e9t\u00e9 civile travaillent pour apporter leur soutien \u00e0 des personnes demandeuses du statut de r\u00e9fugi\u00e9, \u00e0 des personnes r\u00e9fugi\u00e9es et \u00e0 des b\u00e9n\u00e9ficiaires d\u2019une protection compl\u00e9mentaire au Mexique. Ce soutien peut comprendre&nbsp;: ACNUR propose aussi des programmes d\u2019int\u00e9gration pour que les personnes r\u00e9fugi\u00e9es puissent retrouver leur rythme de [&hellip;]<\/p>\n","protected":false},"author":1,"featured_media":0,"parent":1576,"menu_order":0,"comment_status":"closed","ping_status":"closed","template":"","meta":{"_acf_changed":false,"footnotes":""},"class_list":["post-1582","page","type-page","status-publish","hentry"],"acf":[],"_links":{"self":[{"href":"https:\/\/help.unhcr.org\/mexico\/fr\/wp-json\/wp\/v2\/pages\/1582","targetHints":{"allow":["GET"]}}],"collection":[{"href":"https:\/\/help.unhcr.org\/mexico\/fr\/wp-json\/wp\/v2\/pages"}],"about":[{"href":"https:\/\/help.unhcr.org\/mexico\/fr\/wp-json\/wp\/v2\/types\/page"}],"author":[{"embeddable":true,"href":"https:\/\/help.unhcr.org\/mexico\/fr\/wp-json\/wp\/v2\/users\/1"}],"replies":[{"embeddable":true,"href":"https:\/\/help.unhcr.org\/mexico\/fr\/wp-json\/wp\/v2\/comments?post=1582"}],"version-history":[{"count":12,"href":"https:\/\/help.unhcr.org\/mexico\/fr\/wp-json\/wp\/v2\/pages\/1582\/revisions"}],"predecessor-version":[{"id":7609,"href":"https:\/\/help.unhcr.org\/mexico\/fr\/wp-json\/wp\/v2\/pages\/1582\/revisions\/7609"}],"up":[{"embeddable":true,"href":"https:\/\/help.unhcr.org\/mexico\/fr\/wp-json\/wp\/v2\/pages\/1576"}],"wp:attachment":[{"href":"https:\/\/help.unhcr.org\/mexico\/fr\/wp-json\/wp\/v2\/media?parent=1582"}],"curies":[{"name":"wp","href":"https:\/\/api.w.org\/{rel}","templated":true}]}}