{"id":1571,"date":"2018-01-23T15:40:56","date_gmt":"2018-01-23T15:40:56","guid":{"rendered":"http:\/\/help.unhcr.org\/mexico\/como-solicitar-la-condicion-de-refugiado-en-mexico\/"},"modified":"2026-03-11T16:44:00","modified_gmt":"2026-03-11T16:44:00","slug":"como-solicitar-la-condicion-de-refugiado-en-mexico","status":"publish","type":"page","link":"https:\/\/help.unhcr.org\/mexico\/fr\/como-solicitar-la-condicion-de-refugiado-en-mexico\/","title":{"rendered":"Comment demander le statut de r\u00e9fugi\u00e9 au Mexique?"},"content":{"rendered":"\n<p class=\"has-background\" style=\"background-color:#fdf799\">Si vous avez peur de retourner dans votre pays, vous pouvez demander une protection en tant que r\u00e9fugi\u00e9 au Mexique aupr\u00e8s de la <a href=\"https:\/\/help.unhcr.org\/mexico\/fr\/donde-encontrar-ayuda\/contacta-a-la-comar\/\" data-type=\"link\" data-id=\"https:\/\/help.unhcr.org\/mexico\/fr\/donde-encontrar-ayuda\/contacta-a-la-comar\/\"><\/a><a href=\"https:\/\/help.unhcr.org\/mexico\/fr\/donde-encontrar-ayuda\/contacta-a-la-comar\/\">Commission mexicaine d\u2019aide aux personnes r\u00e9fugi\u00e9es (COMAR)<\/a>. <strong>La proc\u00e9dure est gratuite et confidentielle.<\/strong><\/p>\n\n\n\n<p><\/p>\n\n\n\n<h3 class=\"wp-block-heading has-black-color has-text-color has-background\" style=\"background-color:#cce2f3\"><strong>Etape 1.<\/strong> <strong>Formalisation de la demande<\/strong><\/h3>\n\n\n\n<p>Allez dans un bureau de la&nbsp;<a href=\"https:\/\/help.unhcr.org\/mexico\/fr\/donde-encontrar-ayuda\/contacta-a-la-comar\/\" data-type=\"page\" data-id=\"1593\"><strong>COMAR<\/strong>&nbsp;(Commission mexicaine d\u2019aide aux r\u00e9fugi\u00e9s)<\/a> dans les&nbsp;<strong>30 jours ouvrables<\/strong>&nbsp;apr\u00e8s votre arriv\u00e9e.<\/p>\n\n\n\n<p>Si vous n\u2019avez pas pu y aller, parlez aux autorit\u00e9s et expliquez pourquoi.<\/p>\n\n\n\n<p><strong>Vous pouvez aller dans un bureau de la COMAR \u00e0 :<\/strong><\/p>\n\n\n\n<ul class=\"wp-block-list\">\n<li>Mexico<\/li>\n\n\n\n<li>Tapachula et Palenque (Chiapas)<\/li>\n\n\n\n<li>Tenosique (Tabasco)<\/li>\n\n\n\n<li>Oluta (Veracruz)<\/li>\n\n\n\n<li>Guadalajara (Jalisco)<\/li>\n\n\n\n<li>Tijuana (Basse-Californie)<\/li>\n\n\n\n<li>Saltillo (Coahuila)<\/li>\n\n\n\n<li>Monterrey (Nuevo Le\u00f3n)<\/li>\n<\/ul>\n\n\n\n<p><strong>Vous pouvez aussi demander de l\u2019aide depuis une station migratoire.<\/strong><\/p>\n\n\n\n<p>S\u2019il n\u2019y a pas de bureau COMAR l\u00e0 o\u00f9 vous \u00eates, allez dans un bureau de l\u2019<strong>Institut National de Migration (INM)<\/strong>.<\/p>\n\n\n\n<h3 class=\"wp-block-heading has-black-color has-text-color has-background\" style=\"background-color:#cce2f3\"><strong>Etape 2.<\/strong> <strong>Formulaire<\/strong><\/h3>\n\n\n\n<ul class=\"wp-block-list\">\n<li>Vous allez remplir un formulaire.<br>Dans ce formulaire, vous expliquerez pourquoi vous avez quitt\u00e9 votre pays et pourquoi vous ne pouvez pas y retourner.<br>Si vous \u00eates avec votre famille, incluez-la dans votre demande.<br>Si votre famille est encore dans votre pays, indiquez-le aussi.<\/li>\n\n\n\n<li>Vous recevrez une&nbsp;<strong>CONSTANCIA<\/strong>.<br>C\u2019est un document qui montre que vous avez commenc\u00e9 votre proc\u00e9dure.<br><strong>Gardez bien votre CONSTANCIA originale !<\/strong><\/li>\n\n\n\n<li>En tant que demandeur d\u2019asile, vous avez le droit d\u2019obtenir un&nbsp;<strong>CURP temporaire<\/strong>.<br>Ce document vous aide \u00e0 faire des d\u00e9marches et \u00e0 acc\u00e9der aux services publics.<\/li>\n\n\n\n<li>Avec votre CONSTANCIA, vous pouvez demander au&nbsp;<strong>INM<\/strong>&nbsp;une&nbsp;<strong>Carte de visiteur pour raisons humanitaires (TVRH)<\/strong>.<br>Cette carte vous permet de&nbsp;<strong>travailler pendant que vous attendez la r\u00e9ponse<\/strong>.<\/li>\n\n\n\n<li>Vous avez droit \u00e0 un&nbsp;<strong>avocat public<\/strong>&nbsp;pendant toute la proc\u00e9dure.<\/li>\n<\/ul>\n\n\n\n<p>\u26a0\ufe0f Vous avez le droit de&nbsp;<strong>ne pas \u00eatre renvoy\u00e9 dans votre pays<\/strong>&nbsp;pendant que votre demande est examin\u00e9e.<\/p>\n\n\n\n<h3 class=\"wp-block-heading has-black-color has-text-color has-background\" style=\"background-color:#cce2f3\"><strong>Etape 3. Entretien <\/strong><\/h3>\n\n\n\n<p><strong>La COMAR vous fera passer un entretien.<\/strong><\/p>\n\n\n\n<ul class=\"wp-block-list\">\n<li>On vous demandera pourquoi vous avez quitt\u00e9 votre pays.<\/li>\n\n\n\n<li>Dites pourquoi vous ne pouvez pas ou ne voulez pas y retourner.<\/li>\n\n\n\n<li>Donnez le plus de d\u00e9tails possible.<\/li>\n<\/ul>\n\n\n\n<p>Si vous avez des documents ou des informations concernant votre dossier, pr\u00e9sentez-les.<br>Mais vous <strong>n\u2019avez pas besoin<\/strong> de preuves de ce qui s\u2019est pass\u00e9 dans votre pays.<\/p>\n\n\n\n<p><strong>L\u2019entretien est individuel.<\/strong><br>Vous pouvez choisir si vous souhaitez \u00eatre interrog\u00e9 par un homme ou une femme.<\/p>\n\n\n\n<p>\ud83d\udde3\ufe0f <strong>Si vous ne parlez pas espagnol, vous avez droit \u00e0 un interpr\u00e8te.<\/strong><\/p>\n\n\n\n<h3 class=\"wp-block-heading has-black-color has-text-color has-background\" style=\"background-color:#cce2f3\"><strong>Etape 4. R\u00e9ponse \u00e0 votre demande<\/strong><\/h3>\n\n\n\n<p><strong>\u2705&nbsp;Si votre demande est accept\u00e9e:<\/strong><\/p>\n\n\n\n<ul class=\"wp-block-list\">\n<li>La <strong>COMAR<\/strong> vous dira d\u2019aller \u00e0 <strong>l\u2019INM<\/strong> pour obtenir votre <strong>r\u00e9sidence permanente au Mexique <\/strong>en tant que r\u00e9fugi\u00e9 reconnu.<\/li>\n\n\n\n<li>Votre famille sera \u00e9galement reconnue comme r\u00e9fugi\u00e9e si elle est incluse dans votre demande.<\/li>\n<\/ul>\n\n\n\n<hr class=\"wp-block-separator has-alpha-channel-opacity\" \/>\n\n\n\n<p><strong>\u274c&nbsp;Si votre demande est rejet\u00e9e:<\/strong><\/p>\n\n\n\n<ul class=\"wp-block-list\">\n<li>Vous pouvez faire <strong>appel<\/strong> (demander que votre dossier soit r\u00e9examin\u00e9).<\/li>\n\n\n\n<li>Vous disposez de <strong>15 jours ouvrables<\/strong> pour le faire (du lundi au vendredi, hors jours f\u00e9ri\u00e9s).<\/li>\n\n\n\n<li>La <strong>COMAR<\/strong> examinera votre dossier une seconde fois.<\/li>\n\n\n\n<li>Si vous n\u2019avez pas d\u2019avocat, vous pouvez vous rendre dans un bureau de <strong>l\u2019Institut F\u00e9d\u00e9ral de la D\u00e9fense Publique (IFDP).<\/strong><\/li>\n<\/ul>\n\n\n\n<hr class=\"wp-block-separator has-alpha-channel-opacity\" \/>\n\n\n\n<p><strong>\ud83d\uded1\u00a0Si la COMAR rejette votre dossier \u00e0 nouveau:<\/strong><\/p>\n\n\n\n<p>Vous avez droit \u00e0 des <strong>conseils juridiques <\/strong>pour poursuivre votre appel devant un juge.<\/p>\n\n\n\n<hr class=\"wp-block-separator has-alpha-channel-opacity\" \/>\n\n\n\n<p><strong>\ud83d\udd01\u00a0Si vous ne souhaitez pas un second examen:<\/strong><\/p>\n\n\n\n<p>Vous pouvez retourner dans votre pays si vous le d\u00e9cidez.<\/p>\n\n\n\n<p class=\"has-background\" style=\"background-color:#fdf799\"><strong>Vos obligations la proc\u00e9dure de demande du statut de r\u00e9fugi\u00e9:<\/strong><\/p>\n\n\n\n<ul class=\"wp-block-list\">\n<li><strong>Allez signer<\/strong> aux dates indiqu\u00e9es dans le <strong>bureau de la COMAR ou de l\u2019INM<\/strong>, selon l\u2019endroit o\u00f9 vous avez commenc\u00e9 votre d\u00e9marche.<\/li>\n\n\n\n<li><strong>Restez dans l\u2019\u00c9tat<\/strong> o\u00f9 vous avez d\u00e9pos\u00e9 votre demande.<\/li>\n\n\n\n<li>Si vous devez vous d\u00e9placer dans un autre \u00c9tat, <strong>vous devez demander l\u2019autorisation \u00e0 la COMAR.<\/strong><\/li>\n\n\n\n<li>Si vous vous d\u00e9placez sans permission, <strong>votre dossier sera consid\u00e9r\u00e9 comme abandonn\u00e9.<\/strong><\/li>\n\n\n\n<li><strong>Assistez \u00e0 toutes les entrevues<\/strong> demand\u00e9es par la COMAR.<\/li>\n<\/ul>\n\n\n\n<p>Si vous avez besoin de plus d\u2019informations, contactez le HCR depuis tout le Mexique :<\/p>\n\n\n\n<p>\ud83d\udcde\u00a0<strong>Num\u00e9ro gratuit\u00a0:<\/strong>\u00a0<a href=\"tel:+528002268769\">800 226 8769<\/a>\u00a0ou\u00a0<a href=\"tel:+528002832718\">800 283 2718<\/a>\u00a0<em>(Depuis l\u2019ext\u00e9rieur du Mexique, composez d\u2019abord le +52)<\/em><br>\ud83d\udcf1\u00a0<strong>WhatsApp\u00a0:\u00a0<\/strong><a href=\"https:\/\/wa.me\/525570055950\">+52 55 7005 5950<\/a>\u00a0et\u00a0<a href=\"https:\/\/wa.me\/525525352950\">+52 55 2535 2950<\/a>\u00a0<br>\ud83d\udce7\u00a0<strong>Courrier \u00e9lectronique\u00a0:<\/strong>\u00a0<a href=\"mailto:mexmeatencion@unhcr.org\">mexmeatencion@unhcr.org<\/a><\/p>\n\n\n\n<p>L\u2019outil d\u2019information&nbsp;<a href=\"https:\/\/www.facebook.com\/ConfiaEnElJaguar\" target=\"_blank\" rel=\"noreferrer noopener\">El Jaguar<\/a>&nbsp;est \u00e9galement \u00e0 votre disposition pour vous renseigner et r\u00e9pondre \u00e0 vos questions par le biais de sa page Facebook.&nbsp;<\/p>\n\n\n\n<p><a href=\"https:\/\/help.unhcr.org\/mexico\/fr\/\" data-type=\"link\" data-id=\"https:\/\/help.unhcr.org\/mexico\/fr\/\">&lt;&lt; Page d&rsquo;accueil<\/a><\/p>\n","protected":false},"excerpt":{"rendered":"<p>Si vous avez peur de retourner dans votre pays, vous pouvez demander une protection en tant que r\u00e9fugi\u00e9 au Mexique aupr\u00e8s de la Commission mexicaine d\u2019aide aux personnes r\u00e9fugi\u00e9es (COMAR). La proc\u00e9dure est gratuite et confidentielle. Etape 1. Formalisation de la demande Allez dans un bureau de la&nbsp;COMAR&nbsp;(Commission mexicaine d\u2019aide aux r\u00e9fugi\u00e9s) dans les&nbsp;30 jours [&hellip;]<\/p>\n","protected":false},"author":1,"featured_media":0,"parent":0,"menu_order":3,"comment_status":"closed","ping_status":"closed","template":"","meta":{"_acf_changed":false,"footnotes":""},"class_list":["post-1571","page","type-page","status-publish","hentry"],"acf":[],"_links":{"self":[{"href":"https:\/\/help.unhcr.org\/mexico\/fr\/wp-json\/wp\/v2\/pages\/1571","targetHints":{"allow":["GET"]}}],"collection":[{"href":"https:\/\/help.unhcr.org\/mexico\/fr\/wp-json\/wp\/v2\/pages"}],"about":[{"href":"https:\/\/help.unhcr.org\/mexico\/fr\/wp-json\/wp\/v2\/types\/page"}],"author":[{"embeddable":true,"href":"https:\/\/help.unhcr.org\/mexico\/fr\/wp-json\/wp\/v2\/users\/1"}],"replies":[{"embeddable":true,"href":"https:\/\/help.unhcr.org\/mexico\/fr\/wp-json\/wp\/v2\/comments?post=1571"}],"version-history":[{"count":39,"href":"https:\/\/help.unhcr.org\/mexico\/fr\/wp-json\/wp\/v2\/pages\/1571\/revisions"}],"predecessor-version":[{"id":7611,"href":"https:\/\/help.unhcr.org\/mexico\/fr\/wp-json\/wp\/v2\/pages\/1571\/revisions\/7611"}],"wp:attachment":[{"href":"https:\/\/help.unhcr.org\/mexico\/fr\/wp-json\/wp\/v2\/media?parent=1571"}],"curies":[{"name":"wp","href":"https:\/\/api.w.org\/{rel}","templated":true}]}}