{"id":1565,"date":"2018-01-23T15:33:34","date_gmt":"2018-01-23T15:33:34","guid":{"rendered":"http:\/\/help.unhcr.org\/mexico\/quien-es-una-persona-refugiada\/"},"modified":"2026-03-11T16:27:53","modified_gmt":"2026-03-11T16:27:53","slug":"quien-es-una-persona-refugiada","status":"publish","type":"page","link":"https:\/\/help.unhcr.org\/mexico\/fr\/quien-es-una-persona-refugiada\/","title":{"rendered":"Qu\u2019est-ce qu\u2019une personne r\u00e9fugi\u00e9e?"},"content":{"rendered":"\n<p>Un r\u00e9fugi\u00e9 est une personne qui a d\u00fb <strong>quitter son pays<\/strong> parce qu\u2019elle \u00e9tait en danger. Cela peut arriver \u00e0 cause de :<\/p>\n\n\n\n<ul class=\"wp-block-list\">\n<li><strong>Guerre<\/strong><\/li>\n\n\n\n<li><strong>Violence<\/strong><\/li>\n\n\n\n<li><strong>Pers\u00e9cution<\/strong><\/li>\n<\/ul>\n\n\n\n<p class=\"has-text-align-left has-black-color has-text-color has-background has-link-color wp-elements-724d5d404f8e780faa5fae2be16ea207\" style=\"background-color:#fdf799\">\u26a0\ufe0f Si vous avez peur de retourner dans votre pays parce que votre vie est en danger, vous pourriez \u00eatre r\u00e9fugi\u00e9.<\/p>\n\n\n\n<p>\u2705&nbsp;<strong>Selon la loi au Mexique, vous \u00eates r\u00e9fugi\u00e9 si:<\/strong><\/p>\n\n\n\n<ul class=\"wp-block-list\">\n<li>Vous <strong>craignez d\u2019\u00eatre pers\u00e9cut\u00e9<\/strong> en raison de votre race, religion, nationalit\u00e9, genre, opinions politiques ou appartenance \u00e0 un groupe social.<\/li>\n\n\n\n<li>Vous \u00eates <strong>hors de votre pays<\/strong> et ne pouvez pas obtenir la protection de votre gouvernement.<\/li>\n\n\n\n<li>Votre vie, s\u00e9curit\u00e9 ou libert\u00e9 sont menac\u00e9es par :\n<ul class=\"wp-block-list\">\n<li>Violence g\u00e9n\u00e9ralis\u00e9e<\/li>\n\n\n\n<li>Conflits arm\u00e9s<\/li>\n\n\n\n<li>Violations graves des droits humains<\/li>\n\n\n\n<li>Situations qui perturbent l\u2019ordre public<\/li>\n<\/ul>\n<\/li>\n<\/ul>\n\n\n\n<hr class=\"wp-block-separator has-alpha-channel-opacity\" \/>\n\n\n\n<p>\u26a0\ufe0f&nbsp;<strong>Exemples de risques:<\/strong><\/p>\n\n\n\n<ul class=\"wp-block-list\">\n<li><strong>Extorsion, menaces, coups ou violences sexuelles<\/strong> par des gangs ou groupes arm\u00e9s:\n<ul class=\"wp-block-list\">\n<li>Pour avoir refus\u00e9 de coop\u00e9rer<\/li>\n\n\n\n<li>Pour ne pas avoir pay\u00e9 \u00ab droit de passage \u00bb<\/li>\n\n\n\n<li>Pour avoir refus\u00e9 d\u2019\u00eatre partenaire d\u2019un membre du groupe<\/li>\n\n\n\n<li>Pour avoir \u00e9t\u00e9 t\u00e9moin d\u2019un crime<\/li>\n<\/ul>\n<\/li>\n\n\n\n<li><strong>Discrimination ou agressions<\/strong> en raison de votre religion, id\u00e9es politiques, nationalit\u00e9 ou ethnie.<\/li>\n\n\n\n<li><strong>Violence physique ou sexuelle<\/strong> en raison de votre identit\u00e9 de genre ou orientation sexuelle (personnes LGBTIQ).<\/li>\n\n\n\n<li><strong>Violence familiale <\/strong>(partenaire, ex-partenaire, membres de la famille).<\/li>\n\n\n\n<li><strong>Perte de maison, terre ou biens.<\/strong><\/li>\n\n\n\n<li><strong>Obligation \u00e0 se prostituer ou \u00e0 se marier contre votre volont\u00e9.<\/strong><\/li>\n\n\n\n<li><strong>Conflits arm\u00e9s ou violence grave dans votre communaut\u00e9.<\/strong><\/li>\n<\/ul>\n\n\n\n<hr class=\"wp-block-separator has-alpha-channel-opacity\" \/>\n\n\n\n<p>\u2139\ufe0f&nbsp;<strong>Qui peut vous aider au Mexique?<\/strong><\/p>\n\n\n\n<ul class=\"wp-block-list\">\n<li><strong>COMAR<\/strong> : <a href=\"https:\/\/help.unhcr.org\/mexico\/fr\/donde-encontrar-ayuda\/contacta-a-la-comar\/\" data-type=\"page\" data-id=\"1593\">Commission mexicaine d\u2019aide aux r\u00e9fugi\u00e9s<\/a> (traite les demandes de statut de r\u00e9fugi\u00e9).<\/li>\n\n\n\n<li><strong>HCR<\/strong> : Si vous \u00eates r\u00e9fugi\u00e9, pensez l\u2019\u00eatre ou avez besoin d\u2019informations, contactez le HCR depuis n\u2019importe o\u00f9 au Mexique:<\/li>\n<\/ul>\n\n\n\n<p>\ud83d\udcde\u00a0<strong>Num\u00e9ro gratuit\u00a0:<\/strong>\u00a0<a href=\"tel:+528002268769\">800 226 8769<\/a>\u00a0ou\u00a0<a href=\"tel:+528002832718\">800 283 2718<\/a>\u00a0<em>(Depuis l\u2019ext\u00e9rieur du Mexique, composez d\u2019abord le +52)<\/em><br>\ud83d\udcf1\u00a0<strong>WhatsApp\u00a0:\u00a0<\/strong><a href=\"https:\/\/wa.me\/525570055950\">+52 55 7005 5950<\/a>\u00a0et\u00a0<a href=\"https:\/\/wa.me\/525525352950\">+52 55 2535 2950<\/a>\u00a0<br>\ud83d\udce7\u00a0<strong>Courrier \u00e9lectronique\u00a0:<\/strong>\u00a0<a href=\"mailto:mexmeatencion@unhcr.org\">mexmeatencion@unhcr.org<\/a><\/p>\n\n\n\n<p>L\u2019outil d\u2019information&nbsp;<a href=\"https:\/\/www.facebook.com\/ConfiaEnElJaguar\" target=\"_blank\" rel=\"noreferrer noopener\">El Jaguar<\/a>&nbsp;est \u00e9galement \u00e0 votre disposition pour vous renseigner et r\u00e9pondre \u00e0 vos questions par le biais de sa page Facebook.&nbsp;<\/p>\n\n\n\n<p><\/p>\n\n\n\n<p><\/p>\n","protected":false},"excerpt":{"rendered":"<p>Un r\u00e9fugi\u00e9 est une personne qui a d\u00fb quitter son pays parce qu\u2019elle \u00e9tait en danger. Cela peut arriver \u00e0 cause de : \u26a0\ufe0f Si vous avez peur de retourner dans votre pays parce que votre vie est en danger, vous pourriez \u00eatre r\u00e9fugi\u00e9. \u2705&nbsp;Selon la loi au Mexique, vous \u00eates r\u00e9fugi\u00e9 si: \u26a0\ufe0f&nbsp;Exemples de [&hellip;]<\/p>\n","protected":false},"author":1,"featured_media":0,"parent":0,"menu_order":2,"comment_status":"closed","ping_status":"closed","template":"","meta":{"_acf_changed":false,"footnotes":""},"class_list":["post-1565","page","type-page","status-publish","hentry"],"acf":[],"_links":{"self":[{"href":"https:\/\/help.unhcr.org\/mexico\/fr\/wp-json\/wp\/v2\/pages\/1565","targetHints":{"allow":["GET"]}}],"collection":[{"href":"https:\/\/help.unhcr.org\/mexico\/fr\/wp-json\/wp\/v2\/pages"}],"about":[{"href":"https:\/\/help.unhcr.org\/mexico\/fr\/wp-json\/wp\/v2\/types\/page"}],"author":[{"embeddable":true,"href":"https:\/\/help.unhcr.org\/mexico\/fr\/wp-json\/wp\/v2\/users\/1"}],"replies":[{"embeddable":true,"href":"https:\/\/help.unhcr.org\/mexico\/fr\/wp-json\/wp\/v2\/comments?post=1565"}],"version-history":[{"count":15,"href":"https:\/\/help.unhcr.org\/mexico\/fr\/wp-json\/wp\/v2\/pages\/1565\/revisions"}],"predecessor-version":[{"id":7601,"href":"https:\/\/help.unhcr.org\/mexico\/fr\/wp-json\/wp\/v2\/pages\/1565\/revisions\/7601"}],"wp:attachment":[{"href":"https:\/\/help.unhcr.org\/mexico\/fr\/wp-json\/wp\/v2\/media?parent=1565"}],"curies":[{"name":"wp","href":"https:\/\/api.w.org\/{rel}","templated":true}]}}