{"id":344,"date":"2022-12-05T16:18:11","date_gmt":"2022-12-05T16:18:11","guid":{"rendered":"https:\/\/help.unhcr.org\/lithuania\/how-to-report-misconduct\/"},"modified":"2024-08-08T15:18:45","modified_gmt":"2024-08-08T15:18:45","slug":"how-to-report-misconduct","status":"publish","type":"page","link":"https:\/\/help.unhcr.org\/lithuania\/fr\/how-to-report-misconduct\/","title":{"rendered":"Comment signaler des fraudes et mauvaises conduites ?"},"content":{"rendered":"\n<p class=\"has-text-align-left has-background\" style=\"background-color:#fdf799\"><strong>N&rsquo;oubliez pas : L\u2019ensemble des services et activit\u00e9s sont toujours gratuits. <\/strong>\u00c0 aucun moment, il ne vous sera demand\u00e9 de payer les services offerts par le HCR ou l&rsquo;un de ses partenaires. Soyez prudent en cas de comportement frauduleux et ne croyez personne qui vous dit que si vous payez, ils peuvent vous aider avec l&rsquo;inscription, la r\u00e9installation, etc.<\/p>\n","protected":false},"excerpt":{"rendered":"<p>N&rsquo;oubliez pas : L\u2019ensemble des services et activit\u00e9s sont toujours gratuits. \u00c0 aucun moment, il ne vous sera demand\u00e9 de payer les services offerts par le HCR ou l&rsquo;un de ses partenaires. Soyez prudent en cas de comportement frauduleux et ne croyez personne qui vous dit que si vous payez, ils peuvent vous aider avec [&hellip;]<\/p>\n","protected":false},"author":310,"featured_media":0,"parent":0,"menu_order":0,"comment_status":"closed","ping_status":"closed","template":"faq_page.php","meta":{"_acf_changed":false,"footnotes":""},"class_list":["post-344","page","type-page","status-publish","hentry"],"acf":[],"_links":{"self":[{"href":"https:\/\/help.unhcr.org\/lithuania\/fr\/wp-json\/wp\/v2\/pages\/344","targetHints":{"allow":["GET"]}}],"collection":[{"href":"https:\/\/help.unhcr.org\/lithuania\/fr\/wp-json\/wp\/v2\/pages"}],"about":[{"href":"https:\/\/help.unhcr.org\/lithuania\/fr\/wp-json\/wp\/v2\/types\/page"}],"author":[{"embeddable":true,"href":"https:\/\/help.unhcr.org\/lithuania\/fr\/wp-json\/wp\/v2\/users\/310"}],"replies":[{"embeddable":true,"href":"https:\/\/help.unhcr.org\/lithuania\/fr\/wp-json\/wp\/v2\/comments?post=344"}],"version-history":[{"count":3,"href":"https:\/\/help.unhcr.org\/lithuania\/fr\/wp-json\/wp\/v2\/pages\/344\/revisions"}],"predecessor-version":[{"id":400,"href":"https:\/\/help.unhcr.org\/lithuania\/fr\/wp-json\/wp\/v2\/pages\/344\/revisions\/400"}],"wp:attachment":[{"href":"https:\/\/help.unhcr.org\/lithuania\/fr\/wp-json\/wp\/v2\/media?parent=344"}],"curies":[{"name":"wp","href":"https:\/\/api.w.org\/{rel}","templated":true}]}}